{"id":11074,"date":"2025-05-12T16:03:56","date_gmt":"2025-05-12T20:03:56","guid":{"rendered":"https:\/\/live-ssi-pfas.pantheonsite.io\/acerca-de-nosotros\/estudio-de-salud-infantil\/"},"modified":"2026-04-09T14:20:34","modified_gmt":"2026-04-09T18:20:34","slug":"investigacion","status":"publish","type":"page","link":"https:\/\/pfas-exchange.org\/es\/acerca-de-nosotros\/investigacion\/","title":{"rendered":"Investigaci\u00f3n"},"content":{"rendered":"\n<h2 class=\"wp-block-heading\"><strong><strong>Estudio de salud infantil<\/strong><\/strong><\/h2>\n\n\n\n<figure class=\"wp-block-image alignright size-full is-resized\"><img loading=\"lazy\" decoding=\"async\" width=\"1000\" height=\"666\" src=\"https:\/\/pfas-exchange.org\/wp-content\/uploads\/2019\/07\/iStock-1018792424_1000.jpg\" alt=\"\" class=\"wp-image-9947\" style=\"width:441px;height:auto\" srcset=\"https:\/\/pfas-exchange.org\/wp-content\/uploads\/2019\/07\/iStock-1018792424_1000.jpg 1000w, https:\/\/pfas-exchange.org\/wp-content\/uploads\/2019\/07\/iStock-1018792424_1000-300x200.jpg 300w, https:\/\/pfas-exchange.org\/wp-content\/uploads\/2019\/07\/iStock-1018792424_1000-768x511.jpg 768w\" sizes=\"auto, (max-width: 1000px) 100vw, 1000px\" \/><\/figure>\n\n\n\n<p>El estudio de salud infantil de PFAS-REACH est\u00e1 investigando la exposici\u00f3n a PFAS y sus posibles efectos sobre el sistema inmunol\u00f3gico de los ni\u00f1os. El estudio incluye ni\u00f1os que podr\u00edan haber estado expuestos a PFAS a trav\u00e9s del agua potable en el Pease International Tradeport en Portsmouth, NH, as\u00ed como en Hyannis y Ayer, MA \u2014 comunidades que han tenido contaminaci\u00f3n en el pasado en el suministro de su agua potable p\u00fablica.<\/p>\n\n\n\n<p>Los investigadores analizaron muestras de sangre recogidas entre 2021 y 2024, de 87 ni\u00f1os que viv\u00edan en Pease, Hyannis, y Ayer. Como se resume en esta <a href=\"https:\/\/pfas-exchange.org\/wp-content\/uploads\/2025\/11\/PFAS-REACH-blood-test-results-Pease-July-2025.pdf\">hoja informativa<\/a>, el estudio descubri\u00f3 que los ni\u00f1os de Pease ten\u00edan niveles m\u00e1s altos de dos PFAS, en comparaci\u00f3n con los de Hyannis y Ayer. Sin embargo, entre los ni\u00f1os de Pease, los niveles de PFAS fueron m\u00e1s bajos que los observados en los an\u00e1lisis anteriores, llevados a cabo en 2015 y entre 2019 y 2021. Los investigadores contin\u00faan evaluando los posibles efectos en el sistema inmunol\u00f3gico y entendiendo c\u00f3mo la dieta y los productos consumibles contribuyen a la exposici\u00f3n de los ni\u00f1os a las PFAS.<\/p>\n\n\n\n<h2 class=\"wp-block-heading\"><strong><strong>Explorar las experiencias de las comunidades afectadas<\/strong><\/strong><\/h2>\n\n\n\n<p>A trav\u00e9s de EE.UU., cientos de comunidades han descubierto contaminantes por PFAS en sus suministros de agua potable, as\u00ed como en el pescado local, los animales de granja y la tierra de cultivo. Cada comunidad enfrenta su propio conjunto \u00fanico de retos, y diferentes comunidades responden de maneras diferentes. Para entender las experiencias de las comunidades afectadas, el equipo de PFAS-REACH llev\u00f3 a cabo entrevistas con los miembros afectados de las comunidades y los funcionarios locales.<\/p>\n\n\n\n<p><a href=\"https:\/\/doi.org\/10.1007\/s13412-024-00994-2\">En un informe de 2024<\/a>, el equipo describe c\u00f3mo los factores locales, como la fuente de contaminaci\u00f3n por PFAS, puede influ\u00edr significativamente en el alcance de los esfuerzos de limpieza. El informe muestra tambi\u00e9n c\u00f3mo incluso un peque\u00f1o n\u00famero de residentes puede impulsar acciones locales para abordar la contaminaci\u00f3n y ayudar a informar las regulaciones a nivel estatal y nacional. En el trabajo futuro, los cient\u00edficos de PFAS-REACH est\u00e1n llevando a cabo entrevistas con cl\u00ednicos para entender sus experiencias al responder a las preguntas y preocupaciones de sus pacientes respecto a las PFAS.<\/p>\n\n\n\n<h2 class=\"wp-block-heading\"><strong><strong>Apoyar los an\u00e1lisis de sangre<\/strong><\/strong><\/h2>\n\n\n\n<p>En 2022, un novedoso informe de las Academias Nacionales recomend\u00f3 que los an\u00e1lisis de sangre para PFAS estuvieran disponibles para las personas que han estado expuestas a altos niveles de PFAS. Sin embargo, el acceso a estos an\u00e1lisis puede presentar un reto cuando los cl\u00ednicos locales no est\u00e1n familiarizados con las PFAS. El PFAS Exchange presenta informaci\u00f3n sobre <a href=\"https:\/\/pfas-exchange.org\/es\/resource-hub\/pfas-blood-testing-what-you-need-to-know\/\">los laboratorios que realizan an\u00e1lisis de sangre<\/a> para detectar PFAS y preguntas que hacer cuando est\u00e1 considerando hacerse un an\u00e1lisis de sangre. Adem\u00e1s, un estudio financiado en parte por PFAS-REACH mostr\u00f3 que los resultados de <a href=\"https:\/\/doi.org\/10.1021\/acs.est.2c09852\">una nueva prueba casera de gota de sangre<\/a> en el dedo coinciden con los resultados de an\u00e1lisis de sangre m\u00e1s convencionales. En el futuro, el equipo de PFAS-REACH desea mejorar el acceso a los an\u00e1lisis de sangre para detectar PFAS, particularmente en comunidades que previamente no han tenido acceso a este tipo de an\u00e1lisis.<\/p>\n\n\n\n<h2 class=\"wp-block-heading\"><strong>Educando a los proveedores de atenci\u00f3n m\u00e9dica<\/strong><\/h2>\n\n\n\n<p>En 2026, investigadores de PFAS-REACH lanzaron un nuevo proyecto financiado por la Fundaci\u00f3n Robert Wood Johnson. El proyecto tiene como objetivo educar a m\u00e1s m\u00e9dicos y enfermeros sobre los efectos de los PFAS en la salud, las pruebas de sangre para detecci\u00f3n de PFAS y el monitoreo cl\u00ednico para pacientes expuestos. A trav\u00e9s de PFAS Exchange, los proveedores de atenci\u00f3n m\u00e9dica pueden acceder a recursos sobre gu\u00edas de evaluaci\u00f3n m\u00e9dica y a un curso gratuito en l\u00ednea de <a href=\"https:\/\/pfas-exchange.org\/es\/resource-hub\/non-stick-nuisance-medical-monitoring-for-pfas-available-for-cme-credit\/\">Educaci\u00f3n M\u00e9dica Continua<\/a> para aumentar su capacidad de abordar las exposiciones a PFAS.<\/p>\n\n\n\n<p>Adem\u00e1s, PFAS-REACH est\u00e1 organizando grupos focales y entrevistas con m\u00e9dicos, otros profesionales de la salud y estudiantes de medicina, enfermer\u00eda y salud p\u00fablica para comprender mejor sus perspectivas y experiencias al abordar los PFAS en entornos cl\u00ednicos. PFAS-REACH tambi\u00e9n ofrece presentaciones de Grand Rounds sobre PFAS para hospitales y otras instituciones.<\/p>\n","protected":false},"excerpt":{"rendered":"<p>Estudio de salud infantil El estudio de salud infantil de PFAS-REACH est\u00e1 investigando la exposici\u00f3n a PFAS y sus posibles efectos sobre el sistema inmunol\u00f3gico de los ni\u00f1os. El estudio incluye ni\u00f1os que podr\u00edan haber estado expuestos a PFAS a trav\u00e9s del agua potable en el Pease International Tradeport en Portsmouth, NH, as\u00ed como en [&hellip;]<\/p>\n","protected":false},"author":1,"featured_media":0,"parent":9596,"menu_order":0,"comment_status":"closed","ping_status":"closed","template":"","meta":{"_acf_changed":false,"_monsterinsights_skip_tracking":false,"_monsterinsights_sitenote_active":false,"_monsterinsights_sitenote_note":"","_monsterinsights_sitenote_category":0,"footnotes":""},"class_list":["post-11074","page","type-page","status-publish","hentry"],"acf":[],"_links":{"self":[{"href":"https:\/\/pfas-exchange.org\/es\/wp-json\/wp\/v2\/pages\/11074","targetHints":{"allow":["GET"]}}],"collection":[{"href":"https:\/\/pfas-exchange.org\/es\/wp-json\/wp\/v2\/pages"}],"about":[{"href":"https:\/\/pfas-exchange.org\/es\/wp-json\/wp\/v2\/types\/page"}],"author":[{"embeddable":true,"href":"https:\/\/pfas-exchange.org\/es\/wp-json\/wp\/v2\/users\/1"}],"replies":[{"embeddable":true,"href":"https:\/\/pfas-exchange.org\/es\/wp-json\/wp\/v2\/comments?post=11074"}],"version-history":[{"count":4,"href":"https:\/\/pfas-exchange.org\/es\/wp-json\/wp\/v2\/pages\/11074\/revisions"}],"predecessor-version":[{"id":13342,"href":"https:\/\/pfas-exchange.org\/es\/wp-json\/wp\/v2\/pages\/11074\/revisions\/13342"}],"up":[{"embeddable":true,"href":"https:\/\/pfas-exchange.org\/es\/wp-json\/wp\/v2\/pages\/9596"}],"wp:attachment":[{"href":"https:\/\/pfas-exchange.org\/es\/wp-json\/wp\/v2\/media?parent=11074"}],"curies":[{"name":"wp","href":"https:\/\/api.w.org\/{rel}","templated":true}]}}