{"id":11077,"date":"2025-05-12T16:04:19","date_gmt":"2025-05-12T20:04:19","guid":{"rendered":"https:\/\/live-ssi-pfas.pantheonsite.io\/nuestra-investigacion\/"},"modified":"2026-03-10T12:12:54","modified_gmt":"2026-03-10T16:12:54","slug":"publicaciones","status":"publish","type":"page","link":"https:\/\/pfas-exchange.org\/es\/acerca-de-nosotros\/publicaciones\/","title":{"rendered":"Publicaciones"},"content":{"rendered":"\n<p>Los cient\u00edficos y colaboradores del estudio PFAS-REACH estudian estas sustancias qu\u00edmicas t\u00f3xicas para aprender m\u00e1s sobre las PFAS en nuestro medio ambiente. Revise nuestras publicaciones para leer lo que hemos descubierto para medir las PFAS con efectividad y reducir la exposici\u00f3n de las personas.<\/p>\n\n\n\n<h2 class=\"wp-block-heading\"><strong>\u00bfDe qu\u00e9 trata el estudio?<\/strong><\/h2>\n\n\n\n<div class=\"wp-block-columns is-layout-flex wp-container-core-columns-is-layout-9d6595d7 wp-block-columns-is-layout-flex\">\n<div class=\"wp-block-column is-layout-flow wp-block-column-is-layout-flow\">\n<div class=\"wp-block-media-text is-stacked-on-mobile is-vertically-aligned-top\" style=\"grid-template-columns:15% auto\"><figure class=\"wp-block-media-text__media\"><img decoding=\"async\" src=\"https:\/\/pfas-exchange.org\/wp-content\/uploads\/2025\/10\/glass-water-droplet-solid-full.svg\" alt=\"\" class=\"wp-image-12570 size-full\"\/><\/figure><div class=\"wp-block-media-text__content\">\n<p>Agua potable<\/p>\n<\/div><\/div>\n\n\n\n<div class=\"wp-block-media-text is-stacked-on-mobile is-vertically-aligned-top\" style=\"grid-template-columns:15% auto\"><figure class=\"wp-block-media-text__media\"><img decoding=\"async\" src=\"https:\/\/pfas-exchange.org\/wp-content\/uploads\/2025\/10\/heart-pulse-solid-full.svg\" alt=\"\" class=\"wp-image-12567 size-full\"\/><\/figure><div class=\"wp-block-media-text__content\">\n<p>Sangre<\/p>\n<\/div><\/div>\n\n\n\n<div class=\"wp-block-media-text is-stacked-on-mobile is-vertically-aligned-top\" style=\"grid-template-columns:15% auto\"><figure class=\"wp-block-media-text__media\"><img decoding=\"async\" src=\"https:\/\/pfas-exchange.org\/wp-content\/uploads\/2025\/10\/map-location-solid-full.svg\" alt=\"\" class=\"wp-image-12564 size-full\"\/><\/figure><div class=\"wp-block-media-text__content\">\n<p>Mapa<\/p>\n<\/div><\/div>\n\n\n\n<div class=\"wp-block-media-text is-stacked-on-mobile is-vertically-aligned-top\" style=\"grid-template-columns:15% auto\"><figure class=\"wp-block-media-text__media\"><img decoding=\"async\" src=\"https:\/\/pfas-exchange.org\/wp-content\/uploads\/2025\/10\/spray-can-solid-full.svg\" alt=\"\" class=\"wp-image-12561 size-full\"\/><\/figure><div class=\"wp-block-media-text__content\">\n<p>Productos de consumo<\/p>\n<\/div><\/div>\n\n\n\n<div class=\"wp-block-media-text is-stacked-on-mobile is-vertically-aligned-top\" style=\"grid-template-columns:15% auto\"><figure class=\"wp-block-media-text__media\"><img decoding=\"async\" src=\"https:\/\/pfas-exchange.org\/wp-content\/uploads\/2025\/10\/utensils-solid-full.svg\" alt=\"\" class=\"wp-image-12558 size-full\"\/><\/figure><div class=\"wp-block-media-text__content\">\n<p>Dieta<\/p>\n<\/div><\/div>\n<\/div>\n\n\n\n<div class=\"wp-block-column is-layout-flow wp-block-column-is-layout-flow\"><\/div>\n\n\n\n<div class=\"wp-block-column is-layout-flow wp-block-column-is-layout-flow\"><\/div>\n<\/div>\n\n\n\n<h2 class=\"wp-block-heading\">Puntos importantes<\/h2>\n\n\n\n<div class=\"wp-block-group is-nowrap is-layout-flex wp-container-core-group-is-layout-ad2f72ca wp-block-group-is-layout-flex\">\n<figure class=\"wp-block-image size-large is-resized\"><img decoding=\"async\" src=\"https:\/\/pfas-exchange.org\/wp-content\/uploads\/2025\/10\/glass-water-droplet-solid-full.svg\" alt=\"\" class=\"wp-image-12570\" style=\"width:57px;height:auto\"\/><\/figure>\n\n\n\n<p><strong>Socioeconomic disparities in exposures to PFAS and other unregulated industrial drinking water contaminants in US public water systems<\/strong>&nbsp;(<strong><a href=\"https:\/\/ehp.niehs.nih.gov\/doi\/10.1289\/EHP14721\">Link to article<\/a><\/strong>)<\/p>\n<\/div>\n\n\n\n<ul class=\"wp-block-list\">\n<li>En 2013-2015, 97 millones de estadounidenses estuvieron expuestos a las PFAS y otras sustancias qu\u00edmicas industriales a trav\u00e9s del agua potable, aunque esto es probablemente un estimado bajo.<\/li>\n\n\n\n<li>Los sistemas de abastecimiento de agua que prestan servicio a una mayor proporci\u00f3n de residentes Hispanos y Negros no Hispanos tienen mayor propensidad a contener PFAS y otras sustancias qu\u00edmicas industriales.<\/li>\n<\/ul>\n\n\n\n<div class=\"wp-block-group is-nowrap is-layout-flex wp-container-core-group-is-layout-ad2f72ca wp-block-group-is-layout-flex\">\n<figure class=\"wp-block-image size-large is-resized\"><img decoding=\"async\" src=\"https:\/\/pfas-exchange.org\/wp-content\/uploads\/2025\/10\/glass-water-droplet-solid-full.svg\" alt=\"\" class=\"wp-image-12570\" style=\"width:51px;height:auto\"\/><\/figure>\n\n\n\n<p><strong>REACHing for PFAS solutions: how two communities responded to drinking water contamination<\/strong>&nbsp;(<strong><a href=\"https:\/\/link.springer.com\/epdf\/10.1007\/s13412-024-00994-2?sharing_token=p04JxTME-Hrxma4nwyWgt_e4RwlQNchNByi7wbcMAY62wAHYdiykvyjJP5PnD-nMnbXPqkSB8zry8DylHyx0oRIcT9aVEgpJWkQXvF1uyvBw0YTXm2tNNo-Z7aIOEJpDbVtsbTs0RisCIdYV-yuzzM350i9GpiyJXXGJVG4pjH0%3D\">Link to article<\/a><\/strong>)<\/p>\n<\/div>\n\n\n\n<ul class=\"wp-block-list\">\n<li>Los residentes y los l\u00edderes comunitarios en Hyannis, Massachusetts y en Pease Tradeport, New Hampshire vencieron retos para abordar la poluci\u00f3n por PFAS en sus comunidades.<\/li>\n\n\n\n<li>Al comparar las respuestas a la contaminaci\u00f3n del agua por PFAS en estas dos comunidades, este informe explor\u00f3 m\u00e1s a fondo los factores que contribuyen a las respuestas a nivel comunitario.<\/li>\n<\/ul>\n\n\n\n<div class=\"wp-block-group is-nowrap is-layout-flex wp-container-core-group-is-layout-ad2f72ca wp-block-group-is-layout-flex\">\n<figure class=\"wp-block-image size-large is-resized\"><img decoding=\"async\" src=\"https:\/\/pfas-exchange.org\/wp-content\/uploads\/2025\/10\/glass-water-droplet-solid-full.svg\" alt=\"\" class=\"wp-image-12570\" style=\"width:46px;height:auto\"\/><\/figure>\n\n\n\n<p><strong>US drinking water quality: exposure risk profiles for seven legacy and emerging contaminants<\/strong>&nbsp;(<strong><a href=\"https:\/\/www.nature.com\/articles\/s41370-023-00597-z\">Link to article<\/a><\/strong>)<\/p>\n<\/div>\n\n\n\n<ul class=\"wp-block-list\">\n<li>El ars\u00e9nico, los productos derivados de la desinfecci\u00f3n, las sustancias relacionadas con la fracturaci\u00f3n hidr\u00e1ulica, el plomo, los nitratos, las PFAS y el uranio son contaminantes en el agua potable heredados y emergentes.<\/li>\n\n\n\n<li>Algunos de los contaminantes en el agua potable comparten una gama de factores, como una infraestructura envejecida como una fuente com\u00fan o disparidades de acceso al agua potable segura y confiable.<\/li>\n<\/ul>\n\n\n\n<div class=\"wp-block-group is-nowrap is-layout-flex wp-container-core-group-is-layout-ad2f72ca wp-block-group-is-layout-flex\">\n<figure class=\"wp-block-image size-large is-resized\"><img decoding=\"async\" src=\"https:\/\/pfas-exchange.org\/wp-content\/uploads\/2025\/10\/glass-water-droplet-solid-full.svg\" alt=\"\" class=\"wp-image-12570\" style=\"width:57px;height:auto\"\/><\/figure>\n\n\n\n<p><strong>Sociodemographic factors are associated with the abundance of PFAS sources and detection in U.S. community water systems<\/strong>&nbsp;(<strong><a href=\"https:\/\/pubs.acs.org\/doi\/10.1021\/acs.est.2c07255\">Link to article<\/a><\/strong>)<\/p>\n<\/div>\n\n\n\n<ul class=\"wp-block-list\">\n<li>En una muestra de m\u00e1s de 7000 sistemas de agua en 18 estados del pa\u00eds, la detecci\u00f3n de PFAS est\u00e1 positivamente asociada con el n\u00famero de fuentes de PFAS y la proporci\u00f3n de Hispanos\/Latinos y residentes negros no-Hispanos.<\/li>\n<\/ul>\n\n\n\n<div class=\"wp-block-group is-nowrap is-layout-flex wp-container-core-group-is-layout-ad2f72ca wp-block-group-is-layout-flex\">\n<figure class=\"wp-block-image size-large is-resized\"><img decoding=\"async\" src=\"https:\/\/pfas-exchange.org\/wp-content\/uploads\/2025\/10\/heart-pulse-solid-full.svg\" alt=\"\" class=\"wp-image-12567\" style=\"width:57px;height:auto\"\/><\/figure>\n\n\n\n<p><strong>Self-collection blood test for PFASs: comparing volumetric microsamplers with a traditional serum approach<\/strong>&nbsp;(<strong><a href=\"https:\/\/pubs.acs.org\/doi\/10.1021\/acs.est.2c09852\">Link to article<\/a><\/strong>)<\/p>\n<\/div>\n\n\n\n<ul class=\"wp-block-list\">\n<li>Los resultados de las micromuestras volum\u00e9tricas\u2013 tambi\u00e9n conocidas como las pruebas para PFAS de gota de sangre del dedo- correlacionaron con las herramientas de medida est\u00e1ndar de PFAS en sangre. <\/li>\n\n\n\n<li>Esto sugiere que la prueba para PFAS de gota de sangre del dedo puede ser un m\u00e9todo prometedor para llevar a cabo el biomonitoreo de PFAS.<\/li>\n<\/ul>\n\n\n\n<div class=\"wp-block-group is-nowrap is-layout-flex wp-container-core-group-is-layout-ad2f72ca wp-block-group-is-layout-flex\">\n<figure class=\"wp-block-image size-large is-resized\"><img decoding=\"async\" src=\"https:\/\/pfas-exchange.org\/wp-content\/uploads\/2025\/10\/map-location-solid-full.svg\" alt=\"\" class=\"wp-image-12564\" style=\"width:60px;height:auto\"\/><\/figure>\n\n\n\n<p><strong>Presumptive contamination: a new approach to PFAS contamination based on likely sources<\/strong>&nbsp;(<strong><a href=\"https:\/\/pubs.acs.org\/doi\/10.1021\/acs.estlett.2c00502\">Link to article<\/a><\/strong>)<\/p>\n<\/div>\n\n\n\n<ul class=\"wp-block-list\">\n<li>Incluso sin datos de alta calidad, la contaminaci\u00f3n por PFAS se presume integrando los conjuntos de datos nacionales disponibles geocodificados. <\/li>\n\n\n\n<li>Esta premisa llev\u00f3 al <a href=\"https:\/\/pfas-exchange.org\/connecting-communities\/\">mapa de conexi\u00f3n de comunidades<\/a>, que identifica m\u00e1s de 57,000 sitios bajo sospecha de contaminaci\u00f3n por PFAS.<\/li>\n<\/ul>\n\n\n\n<div class=\"wp-block-group is-nowrap is-layout-flex wp-container-core-group-is-layout-ad2f72ca wp-block-group-is-layout-flex\">\n<figure class=\"wp-block-image size-large is-resized\"><img decoding=\"async\" src=\"https:\/\/pfas-exchange.org\/wp-content\/uploads\/2025\/10\/spray-can-solid-full.svg\" alt=\"\" class=\"wp-image-12561\" style=\"width:59px;height:auto\"\/><\/figure>\n\n\n\n<p><strong>How well do product labels indicate the presence of PFAS in consumer items used by children and adolescents?<\/strong>&nbsp;(<strong><a href=\"https:\/\/pubs.acs.org\/doi\/10.1021\/acs.est.1c05175\">Link to article<\/a><\/strong>)<\/p>\n<\/div>\n\n\n\n<ul class=\"wp-block-list\">\n<li>Total de fl\u00faor (una medida aproximada de PFAS como una clase) se detect\u00f3 en el 58% de los 93 productos infantiles de la muestra, variando desde 10 a 3660 partes por mill\u00f3n.<\/li>\n\n\n\n<li>Los productos con etiquetas resistentes al agua o a las manchas tuvieron detecciones m\u00e1s frecuentes y niveles m\u00e1s altos de PFAS que los productos sin esas etiquetas.<\/li>\n<\/ul>\n\n\n\n<div class=\"wp-block-group is-nowrap is-layout-flex wp-container-core-group-is-layout-ad2f72ca wp-block-group-is-layout-flex\">\n<figure class=\"wp-block-image size-large is-resized\"><img decoding=\"async\" src=\"https:\/\/pfas-exchange.org\/wp-content\/uploads\/2025\/10\/spray-can-solid-full.svg\" alt=\"\" class=\"wp-image-12561\" style=\"width:62px;height:auto\"\/><\/figure>\n\n\n\n<p><strong>Per- and polyfluoroalkyl substances (PFAS) in facemasks: Potential source of human exposure to PFAS with implications for disposal to landfills<\/strong>&nbsp;(<strong><a href=\"https:\/\/pubs.acs.org\/doi\/10.1021\/acs.estlett.2c00019\">Link to article<\/a><\/strong>)<\/p>\n<\/div>\n\n\n\n<ul class=\"wp-block-list\">\n<li>Llevar una mascarilla facial quir\u00fargica, N95, o de tela por 10 hrs al d\u00eda no se asoci\u00f3 con ning\u00fan riesgo de salud.<\/li>\n\n\n\n<li>Las PFAS de las mascarillas representan una fracci\u00f3n relativamente peque\u00f1a de las PFAS que se encuentran en los vertederos y en aguas residuales.<\/li>\n<\/ul>\n\n\n\n<div class=\"wp-block-group is-nowrap is-layout-flex wp-container-core-group-is-layout-ad2f72ca wp-block-group-is-layout-flex\">\n<figure class=\"wp-block-image size-large is-resized\"><img decoding=\"async\" src=\"https:\/\/pfas-exchange.org\/wp-content\/uploads\/2025\/10\/utensils-solid-full.svg\" alt=\"\" class=\"wp-image-12558\" style=\"width:50px;height:auto\"\/><\/figure>\n\n\n\n<p>&nbsp;<strong>Dietary habits related to food packaging and population exposure to PFASs<\/strong>&nbsp;(<strong><a href=\"https:\/\/ehp.niehs.nih.gov\/doi\/10.1289\/EHP4092\">Link to article<\/a><\/strong>)<\/p>\n<\/div>\n\n\n\n<ul class=\"wp-block-list\">\n<li>Comer en casa se asoci\u00f3 con menores niveles de cinco PFAS y este efecto fue notable en las mujeres.<\/li>\n\n\n\n<li>El hecho de optar por comida r\u00e1pida, pizza o este tipo de restaurantes y comer palomitas de ma\u00edz de las bolsas para el microondas se encuentra asociado&nbsp;con mayores niveles de PFAS en sangre.<\/li>\n<\/ul>\n","protected":false},"excerpt":{"rendered":"<p>Los cient\u00edficos y colaboradores del estudio PFAS-REACH estudian estas sustancias qu\u00edmicas t\u00f3xicas para aprender m\u00e1s sobre las PFAS en nuestro medio ambiente. Revise nuestras publicaciones para leer lo que hemos descubierto para medir las PFAS con efectividad y reducir la exposici\u00f3n de las personas. \u00bfDe qu\u00e9 trata el estudio? Agua potable Sangre Mapa Productos de [&hellip;]<\/p>\n","protected":false},"author":1,"featured_media":0,"parent":9596,"menu_order":0,"comment_status":"closed","ping_status":"closed","template":"","meta":{"_acf_changed":false,"_monsterinsights_skip_tracking":false,"_monsterinsights_sitenote_active":false,"_monsterinsights_sitenote_note":"","_monsterinsights_sitenote_category":0,"footnotes":""},"class_list":["post-11077","page","type-page","status-publish","hentry"],"acf":[],"_links":{"self":[{"href":"https:\/\/pfas-exchange.org\/es\/wp-json\/wp\/v2\/pages\/11077","targetHints":{"allow":["GET"]}}],"collection":[{"href":"https:\/\/pfas-exchange.org\/es\/wp-json\/wp\/v2\/pages"}],"about":[{"href":"https:\/\/pfas-exchange.org\/es\/wp-json\/wp\/v2\/types\/page"}],"author":[{"embeddable":true,"href":"https:\/\/pfas-exchange.org\/es\/wp-json\/wp\/v2\/users\/1"}],"replies":[{"embeddable":true,"href":"https:\/\/pfas-exchange.org\/es\/wp-json\/wp\/v2\/comments?post=11077"}],"version-history":[{"count":10,"href":"https:\/\/pfas-exchange.org\/es\/wp-json\/wp\/v2\/pages\/11077\/revisions"}],"predecessor-version":[{"id":13289,"href":"https:\/\/pfas-exchange.org\/es\/wp-json\/wp\/v2\/pages\/11077\/revisions\/13289"}],"up":[{"embeddable":true,"href":"https:\/\/pfas-exchange.org\/es\/wp-json\/wp\/v2\/pages\/9596"}],"wp:attachment":[{"href":"https:\/\/pfas-exchange.org\/es\/wp-json\/wp\/v2\/media?parent=11077"}],"curies":[{"name":"wp","href":"https:\/\/api.w.org\/{rel}","templated":true}]}}