{"id":11120,"date":"2025-05-12T16:49:16","date_gmt":"2025-05-12T20:49:16","guid":{"rendered":"https:\/\/live-ssi-pfas.pantheonsite.io\/realice-nuestra-encuesta\/"},"modified":"2025-09-24T12:05:36","modified_gmt":"2025-09-24T16:05:36","slug":"realice-nuestra-encuesta","status":"publish","type":"page","link":"https:\/\/pfas-exchange.org\/es\/realice-nuestra-encuesta\/","title":{"rendered":"Realice nuestra encuesta"},"content":{"rendered":"\n<h2 class=\"wp-block-heading\">Ay\u00fadenos a mejorar nuestro centro de recursos en l\u00ednea para apoyar a las comunidades afectadas por la contaminaci\u00f3n por PFAS.<\/h2>\n\n\n\n<p>Complete una breve encuesta an\u00f3nima. \u00a1Gracias!<\/p>\n\n\n\n<div class=\"wp-block-buttons is-layout-flex wp-block-buttons-is-layout-flex\">\n<div class=\"wp-block-button\"><a class=\"wp-block-button__link wp-element-button\" href=\"https:\/\/neu.co1.qualtrics.com\/jfe\/form\/SV_1SWH5hBKrmIOeou\">Ir a la encuesta<\/a><\/div>\n<\/div>\n","protected":false},"excerpt":{"rendered":"<p>Ay\u00fadenos a mejorar nuestro centro de recursos en l\u00ednea para apoyar a las comunidades afectadas por la contaminaci\u00f3n por PFAS. Complete una breve encuesta an\u00f3nima. \u00a1Gracias!<\/p>\n","protected":false},"author":1,"featured_media":0,"parent":0,"menu_order":0,"comment_status":"closed","ping_status":"closed","template":"","meta":{"_acf_changed":false,"_monsterinsights_skip_tracking":false,"_monsterinsights_sitenote_active":false,"_monsterinsights_sitenote_note":"","_monsterinsights_sitenote_category":0,"footnotes":""},"class_list":["post-11120","page","type-page","status-publish","hentry"],"acf":[],"_links":{"self":[{"href":"https:\/\/pfas-exchange.org\/es\/wp-json\/wp\/v2\/pages\/11120","targetHints":{"allow":["GET"]}}],"collection":[{"href":"https:\/\/pfas-exchange.org\/es\/wp-json\/wp\/v2\/pages"}],"about":[{"href":"https:\/\/pfas-exchange.org\/es\/wp-json\/wp\/v2\/types\/page"}],"author":[{"embeddable":true,"href":"https:\/\/pfas-exchange.org\/es\/wp-json\/wp\/v2\/users\/1"}],"replies":[{"embeddable":true,"href":"https:\/\/pfas-exchange.org\/es\/wp-json\/wp\/v2\/comments?post=11120"}],"version-history":[{"count":1,"href":"https:\/\/pfas-exchange.org\/es\/wp-json\/wp\/v2\/pages\/11120\/revisions"}],"predecessor-version":[{"id":12053,"href":"https:\/\/pfas-exchange.org\/es\/wp-json\/wp\/v2\/pages\/11120\/revisions\/12053"}],"wp:attachment":[{"href":"https:\/\/pfas-exchange.org\/es\/wp-json\/wp\/v2\/media?parent=11120"}],"curies":[{"name":"wp","href":"https:\/\/api.w.org\/{rel}","templated":true}]}}