{"id":11125,"date":"2025-05-12T16:01:40","date_gmt":"2025-05-12T20:01:40","guid":{"rendered":"https:\/\/live-ssi-pfas.pantheonsite.io\/el-pfas-exchange\/"},"modified":"2025-11-04T10:32:34","modified_gmt":"2025-11-04T15:32:34","slug":"el-pfas-exchange","status":"publish","type":"page","link":"https:\/\/pfas-exchange.org\/es\/","title":{"rendered":"El PFAS Exchange"},"content":{"rendered":"\n<div class=\"wp-block-group hero-cover alignfull is-layout-constrained wp-block-group-is-layout-constrained\"><h1 class=\"wp-block-post-title\">El PFAS Exchange<\/h1>\n\n\n<p class=\"hero-cover__intro is-style-default\">es un centro de recursos en l\u00ednea sobre los contaminantes PFAS en el agua potable, que ayuda a las comunidades a comprender su <strong>exposici\u00f3n<\/strong> y a <strong>tomar medidas<\/strong> para proteger su salud.<\/p>\n<\/div>\n\n\n\n<h2 class=\"wp-block-heading has-text-align-center is-style-section\">Recursos para:<\/h2>\n\n\n\n<div class=\"wp-block-columns alignwide is-layout-flex wp-container-core-columns-is-layout-9d6595d7 wp-block-columns-is-layout-flex\">\n<div class=\"wp-block-column is-layout-flow wp-block-column-is-layout-flow\">\n<div class=\"audience-fact-card \">\n    <div class=\"audience-fact-card__content\">\n                    <h3 class=\"audience-fact-card__heading\">\n                <a href=\"https:\/\/pfas-exchange.org\/es\/comunidad\/\">\n                    Comunidades afectadas\n                <\/a>\n            <\/h3>\n        \n        <div class=\"audience-fact-card__body\">\n            <p class=\"audience-fact-card__fact-heading\">\u00bfSab\u00edas que?<\/p>\n            <p class=\"audience-fact-card__fact\">Se han encontrado PFAS en la sangre del 99 % de las personas que viven en los Estados Unidos.<\/p>\n            <svg aria-hidden=\"true\" class=\"icon icon--arrow icon--arrow-dims \"><use xlink:href=\"#arrow\"><\/use><\/svg>\n        <\/div>\n    <\/div>\n\n            <img loading=\"lazy\" decoding=\"async\" class=\"audience-fact-card__image\"\n            width=\"590\" height=\"498\"\n            src=\"https:\/\/pfas-exchange.org\/wp-content\/uploads\/2025\/09\/iStock-1654530530-1-e1758322695299-590x498-c-default.jpg\"\n            srcset=\"https:\/\/pfas-exchange.org\/wp-content\/uploads\/2025\/09\/iStock-1654530530-1-e1758322695299-375x315-c-default.jpg 375w,\n                    https:\/\/pfas-exchange.org\/wp-content\/uploads\/2025\/09\/iStock-1654530530-1-e1758322695299-590x498-c-default.jpg 590w,\n                    https:\/\/pfas-exchange.org\/wp-content\/uploads\/2025\/09\/iStock-1654530530-1-e1758322695299-1180x996-c-default.jpg 1180w\"\n            sizes=\"auto, (max-width: 590px) 100vw, 590px\"\n            alt=\"\">\n    \n        <a class=\"audience-fact-card__hidden-link\" href=\"https:\/\/pfas-exchange.org\/es\/comunidad\/\" tabindex=\"-1\" aria-hidden=\"true\"><\/a>\n<\/div>\n<\/div>\n\n\n\n<div class=\"wp-block-column is-layout-flow wp-block-column-is-layout-flow\">\n<div class=\"audience-fact-card \">\n    <div class=\"audience-fact-card__content\">\n                    <h3 class=\"audience-fact-card__heading\">\n                <a href=\"https:\/\/pfas-exchange.org\/es\/clinicians\/\">\n                    M\u00e9dicos\n                <\/a>\n            <\/h3>\n        \n        <div class=\"audience-fact-card__body\">\n            <p class=\"audience-fact-card__fact-heading\">\u00bfSab\u00edas que?<\/p>\n            <p class=\"audience-fact-card__fact\">Los m\u00e9dicos carecen de formaci\u00f3n sobre c\u00f3mo responder a las preocupaciones de los pacientes sobre la exposici\u00f3n a las PFAS.<\/p>\n            <svg aria-hidden=\"true\" class=\"icon icon--arrow icon--arrow-dims \"><use xlink:href=\"#arrow\"><\/use><\/svg>\n        <\/div>\n    <\/div>\n\n            <img loading=\"lazy\" decoding=\"async\" class=\"audience-fact-card__image\"\n            width=\"590\" height=\"498\"\n            src=\"https:\/\/pfas-exchange.org\/wp-content\/uploads\/2025\/10\/iStock-2193889771-590x498-c-default.jpg\"\n            srcset=\"https:\/\/pfas-exchange.org\/wp-content\/uploads\/2025\/10\/iStock-2193889771-375x315-c-default.jpg 375w,\n                    https:\/\/pfas-exchange.org\/wp-content\/uploads\/2025\/10\/iStock-2193889771-590x498-c-default.jpg 590w,\n                    https:\/\/pfas-exchange.org\/wp-content\/uploads\/2025\/10\/iStock-2193889771-1180x996-c-default.jpg 1180w\"\n            sizes=\"auto, (max-width: 590px) 100vw, 590px\"\n            alt=\"\">\n    \n        <a class=\"audience-fact-card__hidden-link\" href=\"https:\/\/pfas-exchange.org\/es\/clinicians\/\" tabindex=\"-1\" aria-hidden=\"true\"><\/a>\n<\/div>\n<\/div>\n<\/div>\n\n\n\n<div class=\"wp-block-columns alignwide is-layout-flex wp-container-core-columns-is-layout-9d6595d7 wp-block-columns-is-layout-flex\">\n<div class=\"wp-block-column is-layout-flow wp-block-column-is-layout-flow\">\n<div class=\"audience-fact-card \">\n    <div class=\"audience-fact-card__content\">\n                    <h3 class=\"audience-fact-card__heading\">\n                <a href=\"https:\/\/pfas-exchange.org\/es\/bomberos\/\">\n                    Bomberos\n                <\/a>\n            <\/h3>\n        \n        <div class=\"audience-fact-card__body\">\n            <p class=\"audience-fact-card__fact-heading\">\u00bfSab\u00edas que?<\/p>\n            <p class=\"audience-fact-card__fact\">Los bomberos pueden estar expuestos a PFAS procedentes de la espuma contra incendios y del equipo de protecci\u00f3n.<\/p>\n            <svg aria-hidden=\"true\" class=\"icon icon--arrow icon--arrow-dims \"><use xlink:href=\"#arrow\"><\/use><\/svg>\n        <\/div>\n    <\/div>\n\n            <img loading=\"lazy\" decoding=\"async\" class=\"audience-fact-card__image\"\n            width=\"590\" height=\"498\"\n            src=\"https:\/\/pfas-exchange.org\/wp-content\/uploads\/2025\/06\/firefighters_fpo-590x498-c-default.jpg\"\n            srcset=\"https:\/\/pfas-exchange.org\/wp-content\/uploads\/2025\/06\/firefighters_fpo-375x315-c-default.jpg 375w,\n                    https:\/\/pfas-exchange.org\/wp-content\/uploads\/2025\/06\/firefighters_fpo-590x498-c-default.jpg 590w,\n                    https:\/\/pfas-exchange.org\/wp-content\/uploads\/2025\/06\/firefighters_fpo-1180x996-c-default.jpg 1180w\"\n            sizes=\"auto, (max-width: 590px) 100vw, 590px\"\n            alt=\"Firefighters hosing down a fire.\">\n    \n        <a class=\"audience-fact-card__hidden-link\" href=\"https:\/\/pfas-exchange.org\/es\/bomberos\/\" tabindex=\"-1\" aria-hidden=\"true\"><\/a>\n<\/div>\n<\/div>\n\n\n\n<div class=\"wp-block-column is-layout-flow wp-block-column-is-layout-flow\">\n<div class=\"audience-fact-card \">\n    <div class=\"audience-fact-card__content\">\n                    <h3 class=\"audience-fact-card__heading\">\n                <a href=\"https:\/\/pfas-exchange.org\/es\/water-utilities-es\/\">\n                    Servicios de agua\n                <\/a>\n            <\/h3>\n        \n        <div class=\"audience-fact-card__body\">\n            <p class=\"audience-fact-card__fact-heading\">\u00bfSab\u00edas que?<\/p>\n            <p class=\"audience-fact-card__fact\">Se estima que al menos el 45 % del suministro de agua potable de EE. UU. contiene PFAS.<\/p>\n            <svg aria-hidden=\"true\" class=\"icon icon--arrow icon--arrow-dims \"><use xlink:href=\"#arrow\"><\/use><\/svg>\n        <\/div>\n    <\/div>\n\n            <img loading=\"lazy\" decoding=\"async\" class=\"audience-fact-card__image\"\n            width=\"590\" height=\"498\"\n            src=\"https:\/\/pfas-exchange.org\/wp-content\/uploads\/2025\/10\/iStock-842727238-e1759519716537-590x498-c-default.jpg\"\n            srcset=\"https:\/\/pfas-exchange.org\/wp-content\/uploads\/2025\/10\/iStock-842727238-e1759519716537-375x315-c-default.jpg 375w,\n                    https:\/\/pfas-exchange.org\/wp-content\/uploads\/2025\/10\/iStock-842727238-e1759519716537-590x498-c-default.jpg 590w,\n                    https:\/\/pfas-exchange.org\/wp-content\/uploads\/2025\/10\/iStock-842727238-e1759519716537-1180x996-c-default.jpg 1180w\"\n            sizes=\"auto, (max-width: 590px) 100vw, 590px\"\n            alt=\"\">\n    \n        <a class=\"audience-fact-card__hidden-link\" href=\"https:\/\/pfas-exchange.org\/es\/water-utilities-es\/\" tabindex=\"-1\" aria-hidden=\"true\"><\/a>\n<\/div>\n<\/div>\n<\/div>\n\n\n\n<div class=\"wp-block-group alignfull is-style-wave has-blue-100-background-color has-background is-layout-constrained wp-block-group-is-layout-constrained\">\n<div class=\"wp-block-cover quiz-cta alignwide\"><img loading=\"lazy\" decoding=\"async\" width=\"1024\" height=\"412\" class=\"wp-block-cover__image-background wp-image-9622 size-large\" alt=\"\" src=\"https:\/\/pfas-exchange.org\/wp-content\/uploads\/2025\/06\/fabric_fpo-1024x412.jpg\" data-object-fit=\"cover\" srcset=\"https:\/\/pfas-exchange.org\/wp-content\/uploads\/2025\/06\/fabric_fpo-1024x412.jpg 1024w, https:\/\/pfas-exchange.org\/wp-content\/uploads\/2025\/06\/fabric_fpo-300x121.jpg 300w, https:\/\/pfas-exchange.org\/wp-content\/uploads\/2025\/06\/fabric_fpo-768x309.jpg 768w, https:\/\/pfas-exchange.org\/wp-content\/uploads\/2025\/06\/fabric_fpo-1536x618.jpg 1536w, https:\/\/pfas-exchange.org\/wp-content\/uploads\/2025\/06\/fabric_fpo-2048x824.jpg 2048w\" sizes=\"auto, (max-width: 1024px) 100vw, 1024px\" \/><span aria-hidden=\"true\" class=\"wp-block-cover__background has-cta-blue-background-color has-background-dim\"><\/span><div class=\"wp-block-cover__inner-container is-layout-flow wp-block-cover-is-layout-flow\">\n<h2 class=\"wp-block-heading\">Pon a prueba tu conocimiento sobre los PFAS<\/h2>\n\n\n\n<div class=\"wp-block-buttons is-layout-flex wp-block-buttons-is-layout-flex\">\n<div class=\"wp-block-button\"><a class=\"wp-block-button__link wp-element-button\" href=\"https:\/\/pfas-exchange.org\/what-are-pfas\/pfas-quiz\/\">Haz el cuestionario<\/a><\/div>\n<\/div>\n<\/div><\/div>\n\n\n\n<h2 class=\"wp-block-heading has-text-align-center is-style-section\">Explore nuestras herramientas<\/h2>\n\n\n\n<div class=\"wp-block-group alignwide vertical-cards is-layout-grid wp-container-core-group-is-layout-6be84c55 wp-block-group-is-layout-grid\">\n<div class=\"wp-block-group vertical-card is-layout-constrained wp-block-group-is-layout-constrained\">\n<figure class=\"wp-block-image size-400x300 size-large vertical-card__image\"><img loading=\"lazy\" decoding=\"async\" width=\"400\" height=\"300\" src=\"https:\/\/pfas-exchange.org\/wp-content\/uploads\/2025\/09\/iStock-85406447_small-400x300.jpg\" alt=\"\" class=\"wp-image-11532\" style=\"aspect-ratio:4\/3;object-fit:cover\"\/><\/figure>\n\n\n\n<h3 class=\"wp-block-heading vertical-card__heading\"><a href=\"https:\/\/pfas-exchange.org\/herramientas\/exposure-tool\/?lang=es\" data-type=\"page\" data-id=\"9520\">Herramienta de exposici\u00f3n<\/a><\/h3>\n\n\n\n<p class=\"vertical-card__summary\">\u00bfHa realizado an\u00e1lisis de PFAS en el agua potable o en la sangre? Utilice esta herramienta para ayudarle a comprender sus resultados.<\/p>\n\n\n\n<svg aria-hidden=\"true\" class=\"vertical-card__icon icon icon--arrow icon--arrow-dims\"><use xlink:href=\"#arrow\"><\/use><\/svg>\n<\/div>\n\n\n\n<div class=\"wp-block-group vertical-card is-layout-constrained wp-block-group-is-layout-constrained\">\n<figure class=\"wp-block-image size-full size-large vertical-card__image\"><img loading=\"lazy\" decoding=\"async\" width=\"1044\" height=\"783\" src=\"https:\/\/pfas-exchange.org\/wp-content\/uploads\/2025\/10\/contamination-map_teaser.png\" alt=\"\" class=\"wp-image-12640\" style=\"aspect-ratio:4\/3;object-fit:cover\" srcset=\"https:\/\/pfas-exchange.org\/wp-content\/uploads\/2025\/10\/contamination-map_teaser.png 1044w, https:\/\/pfas-exchange.org\/wp-content\/uploads\/2025\/10\/contamination-map_teaser-300x225.png 300w, https:\/\/pfas-exchange.org\/wp-content\/uploads\/2025\/10\/contamination-map_teaser-1024x768.png 1024w, https:\/\/pfas-exchange.org\/wp-content\/uploads\/2025\/10\/contamination-map_teaser-768x576.png 768w, https:\/\/pfas-exchange.org\/wp-content\/uploads\/2025\/10\/contamination-map_teaser-400x300.png 400w\" sizes=\"auto, (max-width: 1044px) 100vw, 1044px\" \/><\/figure>\n\n\n\n<h3 class=\"wp-block-heading vertical-card__heading\"><a data-type=\"page\" data-id=\"9520\" href=\"https:\/\/pfas-exchange.org\/herramientas\/contamination-map\/?lang=es\">Mapa de contaminaci\u00f3n<\/a><\/h3>\n\n\n\n<p class=\"vertical-card__summary\">Encuentre las fuentes de contaminaci\u00f3n del agua en el lugar donde vive.<\/p>\n\n\n\n<svg aria-hidden=\"true\" class=\"vertical-card__icon icon icon--arrow icon--arrow-dims\"><use xlink:href=\"#arrow\"><\/use><\/svg>\n<\/div>\n\n\n\n<div class=\"wp-block-group vertical-card is-layout-constrained wp-block-group-is-layout-constrained\">\n<figure class=\"wp-block-image size-full size-large vertical-card__image\"><img decoding=\"async\" src=\"https:\/\/pfas-exchange.org\/wp-content\/uploads\/2019\/07\/iStock-1077259686_1000-e1758322606493.jpg\" alt=\"\" class=\"wp-image-9958\" style=\"aspect-ratio:4\/3;object-fit:cover\"\/><\/figure>\n\n\n\n<h3 class=\"wp-block-heading vertical-card__heading\"><a href=\"https:\/\/pfas-exchange.org\/herramientas\/recursos\/?lang=es\" data-type=\"page\" data-id=\"9520\">Centro de recursos<\/a><\/h3>\n\n\n\n<p class=\"vertical-card__summary\">Inf\u00f3rmese sobre las PFAS y c\u00f3mo protegerse de exposiciones nocivas.<\/p>\n\n\n\n<svg aria-hidden=\"true\" class=\"vertical-card__icon icon icon--arrow icon--arrow-dims\"><use xlink:href=\"#arrow\"><\/use><\/svg>\n<\/div>\n<\/div>\n<\/div>\n","protected":false},"excerpt":{"rendered":"<p>Recursos para: Explore nuestras herramientas<\/p>\n","protected":false},"author":1,"featured_media":11454,"parent":0,"menu_order":0,"comment_status":"closed","ping_status":"closed","template":"","meta":{"_acf_changed":false,"_monsterinsights_skip_tracking":false,"_monsterinsights_sitenote_active":false,"_monsterinsights_sitenote_note":"","_monsterinsights_sitenote_category":0,"footnotes":""},"class_list":["post-11125","page","type-page","status-publish","has-post-thumbnail","hentry"],"acf":[],"_links":{"self":[{"href":"https:\/\/pfas-exchange.org\/es\/wp-json\/wp\/v2\/pages\/11125","targetHints":{"allow":["GET"]}}],"collection":[{"href":"https:\/\/pfas-exchange.org\/es\/wp-json\/wp\/v2\/pages"}],"about":[{"href":"https:\/\/pfas-exchange.org\/es\/wp-json\/wp\/v2\/types\/page"}],"author":[{"embeddable":true,"href":"https:\/\/pfas-exchange.org\/es\/wp-json\/wp\/v2\/users\/1"}],"replies":[{"embeddable":true,"href":"https:\/\/pfas-exchange.org\/es\/wp-json\/wp\/v2\/comments?post=11125"}],"version-history":[{"count":10,"href":"https:\/\/pfas-exchange.org\/es\/wp-json\/wp\/v2\/pages\/11125\/revisions"}],"predecessor-version":[{"id":12847,"href":"https:\/\/pfas-exchange.org\/es\/wp-json\/wp\/v2\/pages\/11125\/revisions\/12847"}],"wp:featuredmedia":[{"embeddable":true,"href":"https:\/\/pfas-exchange.org\/es\/wp-json\/wp\/v2\/media\/11454"}],"wp:attachment":[{"href":"https:\/\/pfas-exchange.org\/es\/wp-json\/wp\/v2\/media?parent=11125"}],"curies":[{"name":"wp","href":"https:\/\/api.w.org\/{rel}","templated":true}]}}