{"id":11146,"date":"2025-05-28T14:59:18","date_gmt":"2025-05-28T18:59:18","guid":{"rendered":"https:\/\/live-ssi-pfas.pantheonsite.io\/?page_id=11146"},"modified":"2025-11-04T10:37:28","modified_gmt":"2025-11-04T15:37:28","slug":"comunidad","status":"publish","type":"page","link":"https:\/\/pfas-exchange.org\/es\/comunidad\/","title":{"rendered":"Comunidades afectadas"},"content":{"rendered":"\n<div class=\"wp-block-group hero-landing alignfull is-layout-flow wp-block-group-is-layout-flow\">\n<div class=\"wp-block-columns alignwide is-layout-flex wp-container-core-columns-is-layout-9d6595d7 wp-block-columns-is-layout-flex\">\n<div class=\"wp-block-column is-layout-flow wp-block-column-is-layout-flow\"><h1 class=\"hero-landing__title wp-block-post-title\">Comunidades afectadas<\/h1>\n\n\n<p class=\"hero-landing__description\"><strong>Su gu\u00eda sobre las PFAS: Todo lo que necesita saber sobre la exposici\u00f3n, los riesgos para la salud y las soluciones para proteger a su comunidad.<\/strong><\/p>\n<\/div>\n\n\n\n<div class=\"wp-block-column is-layout-flow wp-block-column-is-layout-flow\">\n<figure class=\"wp-block-image size-large is-style-rounded hero-landing__image\"><img loading=\"lazy\" decoding=\"async\" width=\"1024\" height=\"786\" src=\"https:\/\/pfas-exchange.org\/wp-content\/uploads\/2025\/09\/iStock-1654530530-e1758038669667-1024x786.jpg\" alt=\"Mother and her toddler filling a glass with filtered water right from the tap\" class=\"wp-image-11308\" style=\"aspect-ratio:1;object-fit:cover\" srcset=\"https:\/\/pfas-exchange.org\/wp-content\/uploads\/2025\/09\/iStock-1654530530-e1758038669667-1024x786.jpg 1024w, https:\/\/pfas-exchange.org\/wp-content\/uploads\/2025\/09\/iStock-1654530530-e1758038669667-300x230.jpg 300w, https:\/\/pfas-exchange.org\/wp-content\/uploads\/2025\/09\/iStock-1654530530-e1758038669667-768x590.jpg 768w, https:\/\/pfas-exchange.org\/wp-content\/uploads\/2025\/09\/iStock-1654530530-e1758038669667-1536x1179.jpg 1536w, https:\/\/pfas-exchange.org\/wp-content\/uploads\/2025\/09\/iStock-1654530530-e1758038669667.jpg 1842w\" sizes=\"auto, (max-width: 1024px) 100vw, 1024px\" \/><\/figure>\n<\/div>\n<\/div>\n<\/div>\n\n\n\n<div class=\"wp-block-columns alignwide is-layout-flex wp-container-core-columns-is-layout-9d6595d7 wp-block-columns-is-layout-flex\">\n<div class=\"wp-block-column is-layout-flow wp-block-column-is-layout-flow\">\n<figure class=\"wp-block-video\"><video height=\"1080\" style=\"aspect-ratio: 1920 \/ 1080;\" width=\"1920\" controls poster=\"https:\/\/pfas-exchange.org\/wp-content\/uploads\/2025\/10\/Andrea-Thumbnail.png\" src=\"https:\/\/pfas-exchange.org\/wp-content\/uploads\/2025\/10\/Andrea-Amico-Testimonial.mp4\"><\/video><\/figure>\n<\/div>\n\n\n\n<div class=\"wp-block-column is-layout-flow wp-block-column-is-layout-flow\">\n<p>Millones de personas en todo Estados Unidos est\u00e1n expuestas a PFAS en el agua potable. Estos \u00abqu\u00edmicos eternos\u00bb llegan a nuestros r\u00edos, arroyos y aguas subterr\u00e1neas desde lugares como zonas de entrenamiento contra incendios, f\u00e1bricas, vertederos y plantas de tratamiento de aguas residuales.<\/p>\n\n\n\n<p>Aqu\u00ed encontrar\u00e1 informaci\u00f3n sobre c\u00f3mo las PFAS pueden afectar a su salud y c\u00f3mo limitar su exposici\u00f3n, desde el uso de filtros de agua hasta evitar los productos que contienen PFAS. Tambi\u00e9n encontrar\u00e1 orientaci\u00f3n sobre c\u00f3mo hablar con sus m\u00e9dicos acerca de las PFAS, hojas informativas que desglosan pol\u00edticas complejas y formas de ponerse en contacto con grupos de defensa locales y nacionales. Descargue estos recursos, comp\u00e1rtalos con sus amigos y vecinos, y act\u00fae para lograr un futuro m\u00e1s saludable para todos.<\/p>\n<\/div>\n<\/div>\n\n\n\n<h2 class=\"wp-block-heading has-text-align-center is-style-section\">Recursos<\/h2>\n\n\n\n<div class=\"wp-block-query alignwide is-layout-flow wp-block-query-is-layout-flow\"><ul class=\"columns-3 block-link wp-block-post-template is-layout-grid wp-container-core-post-template-is-layout-2f3213d7 wp-block-post-template-is-layout-grid\"><li class=\"wp-block-post post-11535 post type-post status-publish format-standard has-post-thumbnail hentry resource-type-hojas-de-datos audience-comunidades-afectadas audience-bomberos audience-servicios-de-agua\">\n<h3 class=\"wp-block-post-title\"><a href=\"https:\/\/pfas-exchange.org\/es\/resource-hub\/las-pfas-y-el-agua-potable-lo-que-debe-saber\/\" target=\"_self\" >Las PFAS y el agua potable: lo que debe saber<\/a><\/h3>\n\n<figure style=\"aspect-ratio:3\/2;\" class=\"wp-block-post-featured-image\"><img loading=\"lazy\" decoding=\"async\" width=\"1000\" height=\"666\" src=\"https:\/\/pfas-exchange.org\/wp-content\/uploads\/2019\/07\/iStock-492275723_1000.jpg\" class=\"attachment-large size-large wp-post-image\" alt=\"\" style=\"width:100%;height:100%;object-fit:cover;\" srcset=\"https:\/\/pfas-exchange.org\/wp-content\/uploads\/2019\/07\/iStock-492275723_1000.jpg 1000w, https:\/\/pfas-exchange.org\/wp-content\/uploads\/2019\/07\/iStock-492275723_1000-300x200.jpg 300w, https:\/\/pfas-exchange.org\/wp-content\/uploads\/2019\/07\/iStock-492275723_1000-768x511.jpg 768w\" sizes=\"auto, (max-width: 1000px) 100vw, 1000px\" \/><\/figure>\n\n<div class=\"taxonomy-resource-type wp-block-post-terms\"><span class=\"wp-block-post-terms__term\">Hojas de datos<\/span><\/div>\n<\/li><li class=\"wp-block-post post-12196 post type-post status-publish format-standard has-post-thumbnail hentry resource-type-pautas-medicas audience-comunidades-afectadas audience-medicos-es\">\n<h3 class=\"wp-block-post-title\"><a href=\"https:\/\/pfas-exchange.org\/es\/resource-hub\/medical-screening-guidance-for-people-in-pfas-impacted-communities\/\" target=\"_self\" >Pautas para las evaluaciones m\u00e9dicas \u2013 para personas en las comunidades afectadas por PFAS<\/a><\/h3>\n\n<figure style=\"aspect-ratio:3\/2;\" class=\"wp-block-post-featured-image\"><img loading=\"lazy\" decoding=\"async\" width=\"600\" height=\"400\" src=\"https:\/\/pfas-exchange.org\/wp-content\/uploads\/2019\/06\/iStock-993441560.jpg\" class=\"attachment-large size-large wp-post-image\" alt=\"\" style=\"width:100%;height:100%;object-fit:cover;\" srcset=\"https:\/\/pfas-exchange.org\/wp-content\/uploads\/2019\/06\/iStock-993441560.jpg 600w, https:\/\/pfas-exchange.org\/wp-content\/uploads\/2019\/06\/iStock-993441560-300x200.jpg 300w\" sizes=\"auto, (max-width: 600px) 100vw, 600px\" \/><\/figure>\n\n<div class=\"taxonomy-resource-type wp-block-post-terms\"><span class=\"wp-block-post-terms__term\">Pautas m\u00e9dicas<\/span><\/div>\n<\/li><li class=\"wp-block-post post-11352 post type-post status-publish format-standard has-post-thumbnail hentry resource-type-hojas-de-datos audience-comunidades-afectadas audience-medicos-es audience-bomberos audience-servicios-de-agua\">\n<h3 class=\"wp-block-post-title\"><a href=\"https:\/\/pfas-exchange.org\/es\/resource-hub\/another-demo-post\/\" target=\"_self\" >C\u00f3mo reducir su exposici\u00f3n a las PFAS<\/a><\/h3>\n\n<figure style=\"aspect-ratio:3\/2;\" class=\"wp-block-post-featured-image\"><img loading=\"lazy\" decoding=\"async\" width=\"1024\" height=\"767\" src=\"https:\/\/pfas-exchange.org\/wp-content\/uploads\/2021\/06\/iStock-808410244-blue-filter-e1625091127924-1024x767.jpg\" class=\"attachment-large size-large wp-post-image\" alt=\"\" style=\"width:100%;height:100%;object-fit:cover;\" srcset=\"https:\/\/pfas-exchange.org\/wp-content\/uploads\/2021\/06\/iStock-808410244-blue-filter-e1625091127924-1024x767.jpg 1024w, https:\/\/pfas-exchange.org\/wp-content\/uploads\/2021\/06\/iStock-808410244-blue-filter-e1625091127924-400x300.jpg 400w, https:\/\/pfas-exchange.org\/wp-content\/uploads\/2021\/06\/iStock-808410244-blue-filter-e1625091127924-300x225.jpg 300w, https:\/\/pfas-exchange.org\/wp-content\/uploads\/2021\/06\/iStock-808410244-blue-filter-e1625091127924-768x576.jpg 768w, https:\/\/pfas-exchange.org\/wp-content\/uploads\/2021\/06\/iStock-808410244-blue-filter-e1625091127924-1536x1151.jpg 1536w, https:\/\/pfas-exchange.org\/wp-content\/uploads\/2021\/06\/iStock-808410244-blue-filter-e1625091127924.jpg 2000w\" sizes=\"auto, (max-width: 1024px) 100vw, 1024px\" \/><\/figure>\n\n<div class=\"taxonomy-resource-type wp-block-post-terms\"><span class=\"wp-block-post-terms__term\">Hojas de datos<\/span><\/div>\n<\/li><li class=\"wp-block-post post-12193 post type-post status-publish format-standard has-post-thumbnail hentry resource-type-video-es resource-type-infografico-es audience-comunidades-afectadas audience-servicios-de-agua\">\n<h3 class=\"wp-block-post-title\"><a href=\"https:\/\/pfas-exchange.org\/es\/resource-hub\/u-s-pfas-drinking-water-standards\/\" target=\"_self\" >Est\u00e1ndares para las PFAS en el agua potable de Estados Unidos<\/a><\/h3>\n\n<figure style=\"aspect-ratio:3\/2;\" class=\"wp-block-post-featured-image\"><img loading=\"lazy\" decoding=\"async\" width=\"1000\" height=\"667\" src=\"https:\/\/pfas-exchange.org\/wp-content\/uploads\/2019\/07\/iStock-855532396_1000.jpg\" class=\"attachment-large size-large wp-post-image\" alt=\"\" style=\"width:100%;height:100%;object-fit:cover;\" srcset=\"https:\/\/pfas-exchange.org\/wp-content\/uploads\/2019\/07\/iStock-855532396_1000.jpg 1000w, https:\/\/pfas-exchange.org\/wp-content\/uploads\/2019\/07\/iStock-855532396_1000-300x200.jpg 300w, https:\/\/pfas-exchange.org\/wp-content\/uploads\/2019\/07\/iStock-855532396_1000-768x512.jpg 768w\" sizes=\"auto, (max-width: 1000px) 100vw, 1000px\" \/><\/figure>\n\n<div class=\"taxonomy-resource-type wp-block-post-terms\"><span class=\"wp-block-post-terms__term\">Video<\/span><span class=\"wp-block-post-terms__separator\">, <\/span><span class=\"wp-block-post-terms__term\">Infogr\u00e1fico<\/span><\/div>\n<\/li><li class=\"wp-block-post post-12182 post type-post status-publish format-standard has-post-thumbnail hentry resource-type-hojas-de-datos audience-comunidades-afectadas audience-servicios-de-agua\">\n<h3 class=\"wp-block-post-title\"><a href=\"https:\/\/pfas-exchange.org\/es\/resource-hub\/pfas-a-word-about-drinking-water-guidelines\/\" target=\"_self\" >PFAS: Unas palabras sobre pautas del agua potable<\/a><\/h3>\n\n<figure style=\"aspect-ratio:3\/2;\" class=\"wp-block-post-featured-image\"><img loading=\"lazy\" decoding=\"async\" width=\"1024\" height=\"768\" src=\"https:\/\/pfas-exchange.org\/wp-content\/uploads\/2025\/07\/drinking-water-guidelines_updated-04.1.25-e1743798482184-scaled.png\" class=\"attachment-large size-large wp-post-image\" alt=\"\" style=\"width:100%;height:100%;object-fit:cover;\" \/><\/figure>\n\n<div class=\"taxonomy-resource-type wp-block-post-terms\"><span class=\"wp-block-post-terms__term\">Hojas de datos<\/span><\/div>\n<\/li><li class=\"wp-block-post post-12210 post type-post status-publish format-standard has-post-thumbnail hentry resource-type-pautas-medicas audience-comunidades-afectadas audience-medicos-es audience-bomberos\">\n<h3 class=\"wp-block-post-title\"><a href=\"https:\/\/pfas-exchange.org\/es\/resource-hub\/blood-testing-labs\/\" target=\"_self\" >Laboratorios para an\u00e1lisis de sangre<\/a><\/h3>\n\n<figure style=\"aspect-ratio:3\/2;\" class=\"wp-block-post-featured-image\"><img loading=\"lazy\" decoding=\"async\" width=\"1024\" height=\"623\" src=\"https:\/\/pfas-exchange.org\/wp-content\/uploads\/2024\/09\/iStock-1300036735-1-1024x623.jpg\" class=\"attachment-large size-large wp-post-image\" alt=\"\" style=\"width:100%;height:100%;object-fit:cover;\" srcset=\"https:\/\/pfas-exchange.org\/wp-content\/uploads\/2024\/09\/iStock-1300036735-1-1024x623.jpg 1024w, https:\/\/pfas-exchange.org\/wp-content\/uploads\/2024\/09\/iStock-1300036735-1-300x183.jpg 300w, https:\/\/pfas-exchange.org\/wp-content\/uploads\/2024\/09\/iStock-1300036735-1-768x467.jpg 768w, https:\/\/pfas-exchange.org\/wp-content\/uploads\/2024\/09\/iStock-1300036735-1-1536x935.jpg 1536w, https:\/\/pfas-exchange.org\/wp-content\/uploads\/2024\/09\/iStock-1300036735-1-2048x1246.jpg 2048w\" sizes=\"auto, (max-width: 1024px) 100vw, 1024px\" \/><\/figure>\n\n<div class=\"taxonomy-resource-type wp-block-post-terms\"><span class=\"wp-block-post-terms__term\">Pautas m\u00e9dicas<\/span><\/div>\n<\/li><\/ul>\n\n<\/div>\n\n\n\n<div class=\"wp-block-buttons is-content-justification-center is-layout-flex wp-container-core-buttons-is-layout-16018d1d wp-block-buttons-is-layout-flex\">\n<div class=\"wp-block-button\"><a class=\"wp-block-button__link has-text-align-center wp-element-button\" href=\"https:\/\/pfas-exchange.org\/es\/herramientas\/recursos\/\">Ver todos los recursos<\/a><\/div>\n<\/div>\n\n\n<div class=\"external-links alignwide\">\n            <h2 class=\"wp-block-heading has-text-align-center is-style-section\">Recursos externos<\/h2>\n    \n    <ul class=\"external-links__list\">\n                    <li class=\"external-links__item block-link\">\n                                    <a href=\"https:\/\/pfascentral.org\/pfas-free-products\/\" class=\"external-links__link\">\n                        PFAS Central\n                        <svg aria-hidden=\"true\" class=\"icon icon--arrow icon--arrow-dims \"><use xlink:href=\"#arrow\"><\/use><\/svg>\n                    <\/a>\n                                            <\/li>\n                    <li class=\"external-links__item block-link\">\n                                    <a href=\"https:\/\/www.bu.edu\/sph\/files\/2021\/10\/hsg_ch1_intro_1-26-16.pdf\" class=\"external-links__link\">\n                        Community Health Studies Guidebook\n                        <svg aria-hidden=\"true\" class=\"icon icon--arrow icon--arrow-dims \"><use xlink:href=\"#arrow\"><\/use><\/svg>\n                    <\/a>\n                                            <\/li>\n                    <li class=\"external-links__item block-link\">\n                                    <a href=\"https:\/\/www.atsdr.cdc.gov\/pfas\/blood-testing\/estimating-blood-levels.html?CDC_AAref_Val=https:\/\/www.atsdr.cdc.gov\/pfas\/resources\/estimating-pfas-blood.html\" class=\"external-links__link\">\n                        PFAS Blood Level Estimation Tool\n                        <svg aria-hidden=\"true\" class=\"icon icon--arrow icon--arrow-dims \"><use xlink:href=\"#arrow\"><\/use><\/svg>\n                    <\/a>\n                                            <\/li>\n                    <li class=\"external-links__item block-link\">\n                                    <a href=\"https:\/\/echo.epa.gov\/trends\/pfas-tools\" class=\"external-links__link\">\n                        PFAS Analytic Tools\n                        <svg aria-hidden=\"true\" class=\"icon icon--arrow icon--arrow-dims \"><use xlink:href=\"#arrow\"><\/use><\/svg>\n                    <\/a>\n                                            <\/li>\n            <\/ul>\n<\/div>\n\n\n<div class=\"wp-block-group alignfull is-style-wave has-blue-100-background-color has-background is-layout-constrained wp-block-group-is-layout-constrained\">\n<h2 class=\"wp-block-heading has-text-align-center is-style-section\">Explore nuestras herramientas<\/h2>\n\n\n\n<div class=\"wp-block-group alignwide vertical-cards is-layout-grid wp-container-core-group-is-layout-6be84c55 wp-block-group-is-layout-grid\">\n<div class=\"wp-block-group vertical-card is-layout-constrained wp-block-group-is-layout-constrained\">\n<figure class=\"wp-block-image size-400x300 size-large vertical-card__image\"><img loading=\"lazy\" decoding=\"async\" width=\"400\" height=\"300\" src=\"https:\/\/pfas-exchange.org\/wp-content\/uploads\/2025\/09\/iStock-85406447_small-400x300.jpg\" alt=\"\" class=\"wp-image-11532\" style=\"aspect-ratio:4\/3;object-fit:cover\"\/><\/figure>\n\n\n\n<h3 class=\"wp-block-heading vertical-card__heading\"><a href=\"https:\/\/pfas-exchange.org\/herramientas\/exposure-tool\/?lang=es\" data-type=\"page\" data-id=\"9520\">Herramienta de exposici\u00f3n<\/a><\/h3>\n\n\n\n<p class=\"vertical-card__summary\">\u00bfHa realizado an\u00e1lisis de PFAS en el agua potable o en la sangre? Utilice esta herramienta para ayudarle a comprender sus resultados.<\/p>\n\n\n\n<svg aria-hidden=\"true\" class=\"vertical-card__icon icon icon--arrow icon--arrow-dims\"><use xlink:href=\"#arrow\"><\/use><\/svg>\n<\/div>\n\n\n\n<div class=\"wp-block-group vertical-card is-layout-constrained wp-block-group-is-layout-constrained\">\n<figure class=\"wp-block-image size-full size-large vertical-card__image\"><img loading=\"lazy\" decoding=\"async\" width=\"1044\" height=\"783\" src=\"https:\/\/pfas-exchange.org\/wp-content\/uploads\/2025\/10\/contamination-map_teaser.png\" alt=\"\" class=\"wp-image-12640\" style=\"aspect-ratio:4\/3;object-fit:cover\" srcset=\"https:\/\/pfas-exchange.org\/wp-content\/uploads\/2025\/10\/contamination-map_teaser.png 1044w, https:\/\/pfas-exchange.org\/wp-content\/uploads\/2025\/10\/contamination-map_teaser-300x225.png 300w, https:\/\/pfas-exchange.org\/wp-content\/uploads\/2025\/10\/contamination-map_teaser-1024x768.png 1024w, https:\/\/pfas-exchange.org\/wp-content\/uploads\/2025\/10\/contamination-map_teaser-768x576.png 768w, https:\/\/pfas-exchange.org\/wp-content\/uploads\/2025\/10\/contamination-map_teaser-400x300.png 400w\" sizes=\"auto, (max-width: 1044px) 100vw, 1044px\" \/><\/figure>\n\n\n\n<h3 class=\"wp-block-heading vertical-card__heading\"><a data-type=\"page\" data-id=\"9520\" href=\"https:\/\/pfas-exchange.org\/herramientas\/contamination-map\/?lang=es\">Mapa de contaminaci\u00f3n<\/a><\/h3>\n\n\n\n<p class=\"vertical-card__summary\">Encuentre las fuentes de contaminaci\u00f3n del agua en el lugar donde vive.<\/p>\n\n\n\n<svg aria-hidden=\"true\" class=\"vertical-card__icon icon icon--arrow icon--arrow-dims\"><use xlink:href=\"#arrow\"><\/use><\/svg>\n<\/div>\n\n\n\n<div class=\"wp-block-group vertical-card is-layout-constrained wp-block-group-is-layout-constrained\">\n<figure class=\"wp-block-image size-full size-large vertical-card__image\"><img decoding=\"async\" src=\"https:\/\/pfas-exchange.org\/wp-content\/uploads\/2019\/07\/iStock-1077259686_1000-e1758322606493.jpg\" alt=\"\" class=\"wp-image-9958\" style=\"aspect-ratio:4\/3;object-fit:cover\"\/><\/figure>\n\n\n\n<h3 class=\"wp-block-heading vertical-card__heading\"><a href=\"https:\/\/pfas-exchange.org\/herramientas\/recursos\/?lang=es\" data-type=\"page\" data-id=\"9520\">Centro de recursos<\/a><\/h3>\n\n\n\n<p class=\"vertical-card__summary\">Inf\u00f3rmese sobre las PFAS y c\u00f3mo protegerse de exposiciones nocivas.<\/p>\n\n\n\n<svg aria-hidden=\"true\" class=\"vertical-card__icon icon icon--arrow icon--arrow-dims\"><use xlink:href=\"#arrow\"><\/use><\/svg>\n<\/div>\n<\/div>\n\n\n\n<div class=\"wp-block-cover quiz-cta alignwide\"><img loading=\"lazy\" decoding=\"async\" width=\"1024\" height=\"412\" class=\"wp-block-cover__image-background wp-image-9622 size-large\" alt=\"\" src=\"https:\/\/pfas-exchange.org\/wp-content\/uploads\/2025\/06\/fabric_fpo-1024x412.jpg\" data-object-fit=\"cover\" srcset=\"https:\/\/pfas-exchange.org\/wp-content\/uploads\/2025\/06\/fabric_fpo-1024x412.jpg 1024w, https:\/\/pfas-exchange.org\/wp-content\/uploads\/2025\/06\/fabric_fpo-300x121.jpg 300w, https:\/\/pfas-exchange.org\/wp-content\/uploads\/2025\/06\/fabric_fpo-768x309.jpg 768w, https:\/\/pfas-exchange.org\/wp-content\/uploads\/2025\/06\/fabric_fpo-1536x618.jpg 1536w, https:\/\/pfas-exchange.org\/wp-content\/uploads\/2025\/06\/fabric_fpo-2048x824.jpg 2048w\" sizes=\"auto, (max-width: 1024px) 100vw, 1024px\" \/><span aria-hidden=\"true\" class=\"wp-block-cover__background has-cta-blue-background-color has-background-dim\"><\/span><div class=\"wp-block-cover__inner-container is-layout-flow wp-block-cover-is-layout-flow\">\n<h2 class=\"wp-block-heading\">Pon a prueba tu conocimiento sobre los PFAS<\/h2>\n\n\n\n<div class=\"wp-block-buttons is-layout-flex wp-block-buttons-is-layout-flex\">\n<div class=\"wp-block-button\"><a class=\"wp-block-button__link wp-element-button\" href=\"https:\/\/pfas-exchange.org\/what-are-pfas\/pfas-quiz\/\">Haz el cuestionario<\/a><\/div>\n<\/div>\n<\/div><\/div>\n<\/div>\n","protected":false},"excerpt":{"rendered":"<p>Millones de personas en todo Estados Unidos est\u00e1n expuestas a PFAS en el agua potable. Estos \u00abqu\u00edmicos eternos\u00bb llegan a nuestros r\u00edos, arroyos y aguas subterr\u00e1neas desde lugares como zonas de entrenamiento contra incendios, f\u00e1bricas, vertederos y plantas de tratamiento de aguas residuales. Aqu\u00ed encontrar\u00e1 informaci\u00f3n sobre c\u00f3mo las PFAS pueden afectar a su salud [&hellip;]<\/p>\n","protected":false},"author":1,"featured_media":11454,"parent":0,"menu_order":0,"comment_status":"closed","ping_status":"closed","template":"","meta":{"_acf_changed":false,"_monsterinsights_skip_tracking":false,"_monsterinsights_sitenote_active":false,"_monsterinsights_sitenote_note":"","_monsterinsights_sitenote_category":0,"footnotes":""},"class_list":["post-11146","page","type-page","status-publish","has-post-thumbnail","hentry"],"acf":[],"_links":{"self":[{"href":"https:\/\/pfas-exchange.org\/es\/wp-json\/wp\/v2\/pages\/11146","targetHints":{"allow":["GET"]}}],"collection":[{"href":"https:\/\/pfas-exchange.org\/es\/wp-json\/wp\/v2\/pages"}],"about":[{"href":"https:\/\/pfas-exchange.org\/es\/wp-json\/wp\/v2\/types\/page"}],"author":[{"embeddable":true,"href":"https:\/\/pfas-exchange.org\/es\/wp-json\/wp\/v2\/users\/1"}],"replies":[{"embeddable":true,"href":"https:\/\/pfas-exchange.org\/es\/wp-json\/wp\/v2\/comments?post=11146"}],"version-history":[{"count":21,"href":"https:\/\/pfas-exchange.org\/es\/wp-json\/wp\/v2\/pages\/11146\/revisions"}],"predecessor-version":[{"id":12980,"href":"https:\/\/pfas-exchange.org\/es\/wp-json\/wp\/v2\/pages\/11146\/revisions\/12980"}],"wp:featuredmedia":[{"embeddable":true,"href":"https:\/\/pfas-exchange.org\/es\/wp-json\/wp\/v2\/media\/11454"}],"wp:attachment":[{"href":"https:\/\/pfas-exchange.org\/es\/wp-json\/wp\/v2\/media?parent=11146"}],"curies":[{"name":"wp","href":"https:\/\/api.w.org\/{rel}","templated":true}]}}