{"id":11150,"date":"2025-05-28T14:59:43","date_gmt":"2025-05-28T18:59:43","guid":{"rendered":"https:\/\/live-ssi-pfas.pantheonsite.io\/?page_id=11150"},"modified":"2025-11-18T15:06:57","modified_gmt":"2025-11-18T20:06:57","slug":"water-utilities-es","status":"publish","type":"page","link":"https:\/\/pfas-exchange.org\/es\/water-utilities-es\/","title":{"rendered":"Servicios de agua"},"content":{"rendered":"\n<div class=\"wp-block-group hero-landing alignfull is-layout-flow wp-block-group-is-layout-flow\">\n<div class=\"wp-block-columns alignwide is-layout-flex wp-container-core-columns-is-layout-9d6595d7 wp-block-columns-is-layout-flex\">\n<div class=\"wp-block-column is-layout-flow wp-block-column-is-layout-flow\"><h1 class=\"hero-landing__title wp-block-post-title\">Servicios de agua<\/h1>\n\n\n<p class=\"hero-landing__description\"><strong>Acceda a recursos sencillos y basados en la ciencia para comprender mejor las PFAS en el agua potable y las aguas residuales, y encuentre herramientas pr\u00e1cticas para abordar la contaminaci\u00f3n y comunicarse con el p\u00fablico.<\/strong><\/p>\n<\/div>\n\n\n\n<div class=\"wp-block-column is-layout-flow wp-block-column-is-layout-flow\">\n<figure class=\"wp-block-image size-large is-style-rounded hero-landing__image\"><img loading=\"lazy\" decoding=\"async\" width=\"1024\" height=\"683\" src=\"https:\/\/pfas-exchange.org\/wp-content\/uploads\/2025\/10\/iStock-842727238-1024x683.jpg\" alt=\"\" class=\"wp-image-12408\" style=\"aspect-ratio:1;object-fit:cover\" srcset=\"https:\/\/pfas-exchange.org\/wp-content\/uploads\/2025\/10\/iStock-842727238-1024x683.jpg 1024w, https:\/\/pfas-exchange.org\/wp-content\/uploads\/2025\/10\/iStock-842727238-300x200.jpg 300w, https:\/\/pfas-exchange.org\/wp-content\/uploads\/2025\/10\/iStock-842727238-768x512.jpg 768w, https:\/\/pfas-exchange.org\/wp-content\/uploads\/2025\/10\/iStock-842727238-1536x1024.jpg 1536w, https:\/\/pfas-exchange.org\/wp-content\/uploads\/2025\/10\/iStock-842727238-2048x1366.jpg 2048w\" sizes=\"auto, (max-width: 1024px) 100vw, 1024px\" \/><\/figure>\n<\/div>\n<\/div>\n<\/div>\n\n\n\n<div class=\"wp-block-columns alignwide is-layout-flex wp-container-core-columns-is-layout-9d6595d7 wp-block-columns-is-layout-flex\">\n<div class=\"wp-block-column is-layout-flow wp-block-column-is-layout-flow\">\n<figure class=\"wp-block-video\"><video height=\"1080\" style=\"aspect-ratio: 1920 \/ 1080;\" width=\"1920\" controls poster=\"https:\/\/pfas-exchange.org\/wp-content\/uploads\/2025\/10\/Hans-Thumbnail.png\" src=\"https:\/\/pfas-exchange.org\/wp-content\/uploads\/2025\/10\/Hans-Keijser-Testimonial-1.mp4\"><\/video><\/figure>\n<\/div>\n\n\n\n<div class=\"wp-block-column is-layout-flow wp-block-column-is-layout-flow\">\n<p>Los sistemas de agua potable y aguas residuales desempe\u00f1an un papel fundamental en la gesti\u00f3n de la contaminaci\u00f3n por PFAS y la protecci\u00f3n de la salud p\u00fablica. Como primeros intervinientes, las empresas de servicios p\u00fablicos se enfrentan a una creciente preocupaci\u00f3n p\u00fablica y a una normativa en constante evoluci\u00f3n. Esta p\u00e1gina ofrece recursos actualizados para ayudar a los profesionales del agua con informaci\u00f3n clara y accesible sobre el control, el tratamiento y el cumplimiento normativo de las PFAS.<\/p>\n\n\n\n<p>Tambi\u00e9n encontrar\u00e1 hojas informativas y otros materiales que le ayudar\u00e1n a comunicarse con el p\u00fablico, responder a las preguntas de la comunidad e involucrar a los l\u00edderes locales para mantener las PFAS fuera de nuestras v\u00edas fluviales y del medio ambiente. Estos materiales, basados en la ciencia y adaptados a la comunidad, pueden ayudar a generar confianza, reducir riesgos y proteger la salud p\u00fablica mediante una gesti\u00f3n eficaz de las PFAS.<\/p>\n<\/div>\n<\/div>\n\n\n\n<h2 class=\"wp-block-heading has-text-align-center is-style-section\">Recursos<\/h2>\n\n\n\n<div class=\"wp-block-query alignwide is-layout-flow wp-block-query-is-layout-flow\"><ul class=\"columns-3 block-link wp-block-post-template is-layout-grid wp-container-core-post-template-is-layout-2f3213d7 wp-block-post-template-is-layout-grid\"><li class=\"wp-block-post post-11535 post type-post status-publish format-standard has-post-thumbnail hentry resource-type-hojas-de-datos audience-comunidades-afectadas audience-bomberos audience-servicios-de-agua\">\n<h3 class=\"wp-block-post-title\"><a href=\"https:\/\/pfas-exchange.org\/es\/resource-hub\/las-pfas-y-el-agua-potable-lo-que-debe-saber\/\" target=\"_self\" >Las PFAS y el agua potable: lo que debe saber<\/a><\/h3>\n\n<figure style=\"aspect-ratio:3\/2;\" class=\"wp-block-post-featured-image\"><img loading=\"lazy\" decoding=\"async\" width=\"1000\" height=\"666\" src=\"https:\/\/pfas-exchange.org\/wp-content\/uploads\/2019\/07\/iStock-492275723_1000.jpg\" class=\"attachment-large size-large wp-post-image\" alt=\"\" style=\"width:100%;height:100%;object-fit:cover;\" srcset=\"https:\/\/pfas-exchange.org\/wp-content\/uploads\/2019\/07\/iStock-492275723_1000.jpg 1000w, https:\/\/pfas-exchange.org\/wp-content\/uploads\/2019\/07\/iStock-492275723_1000-300x200.jpg 300w, https:\/\/pfas-exchange.org\/wp-content\/uploads\/2019\/07\/iStock-492275723_1000-768x511.jpg 768w\" sizes=\"auto, (max-width: 1000px) 100vw, 1000px\" \/><\/figure>\n\n<div class=\"taxonomy-resource-type wp-block-post-terms\"><span class=\"wp-block-post-terms__term\">Hojas de datos<\/span><\/div>\n<\/li><li class=\"wp-block-post post-11352 post type-post status-publish format-standard has-post-thumbnail hentry resource-type-hojas-de-datos audience-comunidades-afectadas audience-medicos-es audience-bomberos audience-servicios-de-agua\">\n<h3 class=\"wp-block-post-title\"><a href=\"https:\/\/pfas-exchange.org\/es\/resource-hub\/another-demo-post\/\" target=\"_self\" >C\u00f3mo reducir su exposici\u00f3n a las PFAS<\/a><\/h3>\n\n<figure style=\"aspect-ratio:3\/2;\" class=\"wp-block-post-featured-image\"><img loading=\"lazy\" decoding=\"async\" width=\"1024\" height=\"767\" src=\"https:\/\/pfas-exchange.org\/wp-content\/uploads\/2021\/06\/iStock-808410244-blue-filter-e1625091127924-1024x767.jpg\" class=\"attachment-large size-large wp-post-image\" alt=\"\" style=\"width:100%;height:100%;object-fit:cover;\" srcset=\"https:\/\/pfas-exchange.org\/wp-content\/uploads\/2021\/06\/iStock-808410244-blue-filter-e1625091127924-1024x767.jpg 1024w, https:\/\/pfas-exchange.org\/wp-content\/uploads\/2021\/06\/iStock-808410244-blue-filter-e1625091127924-400x300.jpg 400w, https:\/\/pfas-exchange.org\/wp-content\/uploads\/2021\/06\/iStock-808410244-blue-filter-e1625091127924-300x225.jpg 300w, https:\/\/pfas-exchange.org\/wp-content\/uploads\/2021\/06\/iStock-808410244-blue-filter-e1625091127924-768x576.jpg 768w, https:\/\/pfas-exchange.org\/wp-content\/uploads\/2021\/06\/iStock-808410244-blue-filter-e1625091127924-1536x1151.jpg 1536w, https:\/\/pfas-exchange.org\/wp-content\/uploads\/2021\/06\/iStock-808410244-blue-filter-e1625091127924.jpg 2000w\" sizes=\"auto, (max-width: 1024px) 100vw, 1024px\" \/><\/figure>\n\n<div class=\"taxonomy-resource-type wp-block-post-terms\"><span class=\"wp-block-post-terms__term\">Hojas de datos<\/span><\/div>\n<\/li><li class=\"wp-block-post post-12193 post type-post status-publish format-standard has-post-thumbnail hentry resource-type-video-es resource-type-infografico-es audience-comunidades-afectadas audience-servicios-de-agua\">\n<h3 class=\"wp-block-post-title\"><a href=\"https:\/\/pfas-exchange.org\/es\/resource-hub\/u-s-pfas-drinking-water-standards\/\" target=\"_self\" >Est\u00e1ndares para las PFAS en el agua potable de Estados Unidos<\/a><\/h3>\n\n<figure style=\"aspect-ratio:3\/2;\" class=\"wp-block-post-featured-image\"><img loading=\"lazy\" decoding=\"async\" width=\"1000\" height=\"667\" src=\"https:\/\/pfas-exchange.org\/wp-content\/uploads\/2019\/07\/iStock-855532396_1000.jpg\" class=\"attachment-large size-large wp-post-image\" alt=\"\" style=\"width:100%;height:100%;object-fit:cover;\" srcset=\"https:\/\/pfas-exchange.org\/wp-content\/uploads\/2019\/07\/iStock-855532396_1000.jpg 1000w, https:\/\/pfas-exchange.org\/wp-content\/uploads\/2019\/07\/iStock-855532396_1000-300x200.jpg 300w, https:\/\/pfas-exchange.org\/wp-content\/uploads\/2019\/07\/iStock-855532396_1000-768x512.jpg 768w\" sizes=\"auto, (max-width: 1000px) 100vw, 1000px\" \/><\/figure>\n\n<div class=\"taxonomy-resource-type wp-block-post-terms\"><span class=\"wp-block-post-terms__term\">Video<\/span><span class=\"wp-block-post-terms__separator\">, <\/span><span class=\"wp-block-post-terms__term\">Infogr\u00e1fico<\/span><\/div>\n<\/li><li class=\"wp-block-post post-12182 post type-post status-publish format-standard has-post-thumbnail hentry resource-type-hojas-de-datos audience-comunidades-afectadas audience-servicios-de-agua\">\n<h3 class=\"wp-block-post-title\"><a href=\"https:\/\/pfas-exchange.org\/es\/resource-hub\/pfas-a-word-about-drinking-water-guidelines\/\" target=\"_self\" >PFAS: Unas palabras sobre pautas del agua potable<\/a><\/h3>\n\n<figure style=\"aspect-ratio:3\/2;\" class=\"wp-block-post-featured-image\"><img loading=\"lazy\" decoding=\"async\" width=\"1024\" height=\"768\" src=\"https:\/\/pfas-exchange.org\/wp-content\/uploads\/2025\/07\/drinking-water-guidelines_updated-04.1.25-e1743798482184-scaled.png\" class=\"attachment-large size-large wp-post-image\" alt=\"\" style=\"width:100%;height:100%;object-fit:cover;\" \/><\/figure>\n\n<div class=\"taxonomy-resource-type wp-block-post-terms\"><span class=\"wp-block-post-terms__term\">Hojas de datos<\/span><\/div>\n<\/li><li class=\"wp-block-post post-11366 post type-post status-publish format-standard has-post-thumbnail hentry resource-type-hojas-de-datos audience-comunidades-afectadas audience-medicos-es audience-bomberos audience-servicios-de-agua\">\n<h3 class=\"wp-block-post-title\"><a href=\"https:\/\/pfas-exchange.org\/es\/resource-hub\/how-can-pfas-affect-your-health\/\" target=\"_self\" >\u00bfC\u00f3mo pueden las PFAS afectar su salud?<\/a><\/h3>\n\n<figure style=\"aspect-ratio:3\/2;\" class=\"wp-block-post-featured-image\"><img loading=\"lazy\" decoding=\"async\" width=\"718\" height=\"487\" src=\"https:\/\/pfas-exchange.org\/wp-content\/uploads\/2025\/09\/Screenshot-2025-09-15-223647.png\" class=\"attachment-large size-large wp-post-image\" alt=\"\" style=\"width:100%;height:100%;object-fit:cover;\" srcset=\"https:\/\/pfas-exchange.org\/wp-content\/uploads\/2025\/09\/Screenshot-2025-09-15-223647.png 718w, https:\/\/pfas-exchange.org\/wp-content\/uploads\/2025\/09\/Screenshot-2025-09-15-223647-300x203.png 300w\" sizes=\"auto, (max-width: 718px) 100vw, 718px\" \/><\/figure>\n\n<div class=\"taxonomy-resource-type wp-block-post-terms\"><span class=\"wp-block-post-terms__term\">Hojas de datos<\/span><\/div>\n<\/li><\/ul>\n\n<\/div>\n\n\n\n<div class=\"wp-block-buttons is-content-justification-center is-layout-flex wp-container-core-buttons-is-layout-16018d1d wp-block-buttons-is-layout-flex\">\n<div class=\"wp-block-button\"><a class=\"wp-block-button__link has-text-align-center wp-element-button\" href=\"https:\/\/pfas-exchange.org\/es\/herramientas\/recursos\/\">Ver todos los recursos<\/a><\/div>\n<\/div>\n\n\n<div class=\"external-links alignwide\">\n            <h2 class=\"wp-block-heading has-text-align-center is-style-section\">Recursos externos<\/h2>\n    \n    <ul class=\"external-links__list\">\n                    <li class=\"external-links__item block-link\">\n                                    <a href=\"https:\/\/echo.epa.gov\/trends\/pfas-tools\" class=\"external-links__link\">\n                        PFAS Analytical Tools\n                        <svg aria-hidden=\"true\" class=\"icon icon--arrow icon--arrow-dims \"><use xlink:href=\"#arrow\"><\/use><\/svg>\n                    <\/a>\n                                            <\/li>\n                    <li class=\"external-links__item block-link\">\n                                    <a href=\"https:\/\/web.uri.edu\/steep\/\" class=\"external-links__link\">\n                        Sources, Transport, Exposure &#038; Effects of PFAS (STEEP)\n                        <svg aria-hidden=\"true\" class=\"icon icon--arrow icon--arrow-dims \"><use xlink:href=\"#arrow\"><\/use><\/svg>\n                    <\/a>\n                                            <\/li>\n                    <li class=\"external-links__item block-link\">\n                                    <a href=\"https:\/\/pfasproject.com\/\" class=\"external-links__link\">\n                        PFAS Project Lab\n                        <svg aria-hidden=\"true\" class=\"icon icon--arrow icon--arrow-dims \"><use xlink:href=\"#arrow\"><\/use><\/svg>\n                    <\/a>\n                                            <\/li>\n                    <li class=\"external-links__item block-link\">\n                                    <a href=\"https:\/\/www.atsdr.cdc.gov\/pfas\/health-studies\/multi-site-study.html?CDC_AAref_Val=https:\/\/www.atsdr.cdc.gov\/pfas\/activities\/studies\/multi-site.html\" class=\"external-links__link\">\n                        ATSDR PFAS Multi-Site Study\n                        <svg aria-hidden=\"true\" class=\"icon icon--arrow icon--arrow-dims \"><use xlink:href=\"#arrow\"><\/use><\/svg>\n                    <\/a>\n                                            <\/li>\n                    <li class=\"external-links__item block-link\">\n                                    <a href=\"https:\/\/neiwpcc.org\/our-programs\/assessment-and-research\/pfas-forever-chemicals\/\" class=\"external-links__link\">\n                        New England Interstate Water Pollution Control Commission (NEIWPCC)\n                        <svg aria-hidden=\"true\" class=\"icon icon--arrow icon--arrow-dims \"><use xlink:href=\"#arrow\"><\/use><\/svg>\n                    <\/a>\n                                            <\/li>\n                    <li class=\"external-links__item block-link\">\n                                    <a href=\"https:\/\/superfund.ncsu.edu\/\" class=\"external-links__link\">\n                        Center for Environmental and Health Effects of PFAS\n                        <svg aria-hidden=\"true\" class=\"icon icon--arrow icon--arrow-dims \"><use xlink:href=\"#arrow\"><\/use><\/svg>\n                    <\/a>\n                                            <\/li>\n            <\/ul>\n<\/div>\n\n\n<div class=\"wp-block-group is-style-wave alignfull has-blue-100-background-color has-background is-layout-constrained wp-block-group-is-layout-constrained\">\n<h2 class=\"wp-block-heading has-text-align-center is-style-section\">Explore nuestras herramientas<\/h2>\n\n\n\n<div class=\"wp-block-group alignwide vertical-cards is-layout-grid wp-container-core-group-is-layout-6be84c55 wp-block-group-is-layout-grid\">\n<div class=\"wp-block-group vertical-card is-layout-constrained wp-block-group-is-layout-constrained\">\n<figure class=\"wp-block-image size-400x300 size-large vertical-card__image\"><img loading=\"lazy\" decoding=\"async\" width=\"400\" height=\"300\" src=\"https:\/\/pfas-exchange.org\/wp-content\/uploads\/2025\/09\/iStock-85406447_small-400x300.jpg\" alt=\"\" class=\"wp-image-11532\" style=\"aspect-ratio:4\/3;object-fit:cover\"\/><\/figure>\n\n\n\n<h3 class=\"wp-block-heading vertical-card__heading\"><a href=\"https:\/\/pfas-exchange.org\/herramientas\/exposure-tool\/?lang=es\" data-type=\"page\" data-id=\"9520\">Herramienta de exposici\u00f3n<\/a><\/h3>\n\n\n\n<p class=\"vertical-card__summary\">\u00bfHa realizado an\u00e1lisis de PFAS en el agua potable o en la sangre? Utilice esta herramienta para ayudarle a comprender sus resultados.<\/p>\n\n\n\n<svg aria-hidden=\"true\" class=\"vertical-card__icon icon icon--arrow icon--arrow-dims\"><use xlink:href=\"#arrow\"><\/use><\/svg>\n<\/div>\n\n\n\n<div class=\"wp-block-group vertical-card is-layout-constrained wp-block-group-is-layout-constrained\">\n<figure class=\"wp-block-image size-full size-large vertical-card__image\"><img loading=\"lazy\" decoding=\"async\" width=\"1044\" height=\"783\" src=\"https:\/\/pfas-exchange.org\/wp-content\/uploads\/2025\/10\/contamination-map_teaser.png\" alt=\"\" class=\"wp-image-12640\" style=\"aspect-ratio:4\/3;object-fit:cover\" srcset=\"https:\/\/pfas-exchange.org\/wp-content\/uploads\/2025\/10\/contamination-map_teaser.png 1044w, https:\/\/pfas-exchange.org\/wp-content\/uploads\/2025\/10\/contamination-map_teaser-300x225.png 300w, https:\/\/pfas-exchange.org\/wp-content\/uploads\/2025\/10\/contamination-map_teaser-1024x768.png 1024w, https:\/\/pfas-exchange.org\/wp-content\/uploads\/2025\/10\/contamination-map_teaser-768x576.png 768w, https:\/\/pfas-exchange.org\/wp-content\/uploads\/2025\/10\/contamination-map_teaser-400x300.png 400w\" sizes=\"auto, (max-width: 1044px) 100vw, 1044px\" \/><\/figure>\n\n\n\n<h3 class=\"wp-block-heading vertical-card__heading\"><a data-type=\"page\" data-id=\"9520\" href=\"https:\/\/pfas-exchange.org\/herramientas\/contamination-map\/?lang=es\">Mapa de contaminaci\u00f3n<\/a><\/h3>\n\n\n\n<p class=\"vertical-card__summary\">Encuentre las fuentes de contaminaci\u00f3n del agua en el lugar donde vive.<\/p>\n\n\n\n<svg aria-hidden=\"true\" class=\"vertical-card__icon icon icon--arrow icon--arrow-dims\"><use xlink:href=\"#arrow\"><\/use><\/svg>\n<\/div>\n\n\n\n<div class=\"wp-block-group vertical-card is-layout-constrained wp-block-group-is-layout-constrained\">\n<figure class=\"wp-block-image size-full size-large vertical-card__image\"><img decoding=\"async\" src=\"https:\/\/pfas-exchange.org\/wp-content\/uploads\/2019\/07\/iStock-1077259686_1000-e1758322606493.jpg\" alt=\"\" class=\"wp-image-9958\" style=\"aspect-ratio:4\/3;object-fit:cover\"\/><\/figure>\n\n\n\n<h3 class=\"wp-block-heading vertical-card__heading\"><a href=\"https:\/\/pfas-exchange.org\/herramientas\/recursos\/?lang=es\" data-type=\"page\" data-id=\"9520\">Centro de recursos<\/a><\/h3>\n\n\n\n<p class=\"vertical-card__summary\">Inf\u00f3rmese sobre las PFAS y c\u00f3mo protegerse de exposiciones nocivas.<\/p>\n\n\n\n<svg aria-hidden=\"true\" class=\"vertical-card__icon icon icon--arrow icon--arrow-dims\"><use xlink:href=\"#arrow\"><\/use><\/svg>\n<\/div>\n<\/div>\n\n\n\n<div class=\"wp-block-cover quiz-cta alignwide\"><img loading=\"lazy\" decoding=\"async\" width=\"1024\" height=\"412\" class=\"wp-block-cover__image-background wp-image-9622 size-large\" alt=\"\" src=\"https:\/\/pfas-exchange.org\/wp-content\/uploads\/2025\/06\/fabric_fpo-1024x412.jpg\" data-object-fit=\"cover\" srcset=\"https:\/\/pfas-exchange.org\/wp-content\/uploads\/2025\/06\/fabric_fpo-1024x412.jpg 1024w, https:\/\/pfas-exchange.org\/wp-content\/uploads\/2025\/06\/fabric_fpo-300x121.jpg 300w, https:\/\/pfas-exchange.org\/wp-content\/uploads\/2025\/06\/fabric_fpo-768x309.jpg 768w, https:\/\/pfas-exchange.org\/wp-content\/uploads\/2025\/06\/fabric_fpo-1536x618.jpg 1536w, https:\/\/pfas-exchange.org\/wp-content\/uploads\/2025\/06\/fabric_fpo-2048x824.jpg 2048w\" sizes=\"auto, (max-width: 1024px) 100vw, 1024px\" \/><span aria-hidden=\"true\" class=\"wp-block-cover__background has-cta-blue-background-color has-background-dim\"><\/span><div class=\"wp-block-cover__inner-container is-layout-flow wp-block-cover-is-layout-flow\">\n<h2 class=\"wp-block-heading\">Pon a prueba tu conocimiento sobre los PFAS<\/h2>\n\n\n\n<div class=\"wp-block-buttons is-layout-flex wp-block-buttons-is-layout-flex\">\n<div class=\"wp-block-button\"><a class=\"wp-block-button__link wp-element-button\" href=\"https:\/\/pfas-exchange.org\/what-are-pfas\/pfas-quiz\/\">Haz el cuestionario<\/a><\/div>\n<\/div>\n<\/div><\/div>\n<\/div>\n","protected":false},"excerpt":{"rendered":"<p>Los sistemas de agua potable y aguas residuales desempe\u00f1an un papel fundamental en la gesti\u00f3n de la contaminaci\u00f3n por PFAS y la protecci\u00f3n de la salud p\u00fablica. Como primeros intervinientes, las empresas de servicios p\u00fablicos se enfrentan a una creciente preocupaci\u00f3n p\u00fablica y a una normativa en constante evoluci\u00f3n. Esta p\u00e1gina ofrece recursos actualizados para [&hellip;]<\/p>\n","protected":false},"author":1,"featured_media":12408,"parent":0,"menu_order":0,"comment_status":"closed","ping_status":"closed","template":"","meta":{"_acf_changed":false,"_monsterinsights_skip_tracking":false,"_monsterinsights_sitenote_active":false,"_monsterinsights_sitenote_note":"","_monsterinsights_sitenote_category":0,"footnotes":""},"class_list":["post-11150","page","type-page","status-publish","has-post-thumbnail","hentry"],"acf":[],"_links":{"self":[{"href":"https:\/\/pfas-exchange.org\/es\/wp-json\/wp\/v2\/pages\/11150","targetHints":{"allow":["GET"]}}],"collection":[{"href":"https:\/\/pfas-exchange.org\/es\/wp-json\/wp\/v2\/pages"}],"about":[{"href":"https:\/\/pfas-exchange.org\/es\/wp-json\/wp\/v2\/types\/page"}],"author":[{"embeddable":true,"href":"https:\/\/pfas-exchange.org\/es\/wp-json\/wp\/v2\/users\/1"}],"replies":[{"embeddable":true,"href":"https:\/\/pfas-exchange.org\/es\/wp-json\/wp\/v2\/comments?post=11150"}],"version-history":[{"count":22,"href":"https:\/\/pfas-exchange.org\/es\/wp-json\/wp\/v2\/pages\/11150\/revisions"}],"predecessor-version":[{"id":13122,"href":"https:\/\/pfas-exchange.org\/es\/wp-json\/wp\/v2\/pages\/11150\/revisions\/13122"}],"wp:featuredmedia":[{"embeddable":true,"href":"https:\/\/pfas-exchange.org\/es\/wp-json\/wp\/v2\/media\/12408"}],"wp:attachment":[{"href":"https:\/\/pfas-exchange.org\/es\/wp-json\/wp\/v2\/media?parent=11150"}],"curies":[{"name":"wp","href":"https:\/\/api.w.org\/{rel}","templated":true}]}}