{"id":11500,"date":"2025-05-12T16:04:59","date_gmt":"2025-05-12T20:04:59","guid":{"rendered":"https:\/\/live-ssi-pfas.pantheonsite.io\/exposure-tool\/"},"modified":"2025-11-07T13:21:17","modified_gmt":"2025-11-07T18:21:17","slug":"exposure-tool","status":"publish","type":"page","link":"https:\/\/pfas-exchange.org\/es\/herramientas\/exposure-tool\/","title":{"rendered":"Herramienta de exposici\u00f3n"},"content":{"rendered":"\n<h2 class=\"wp-block-heading\">\u00bfHa realizado an\u00e1lisis de PFAS en el agua potable o en la sangre? \u00bfNecesita ayuda para entender sus resultados?&nbsp;<\/h2>\n\n\n\n<div class=\"wp-block-media-text has-media-on-the-right is-stacked-on-mobile\" style=\"grid-template-columns:auto 45%\"><div class=\"wp-block-media-text__content\">\n<p>Utilice <em>\u00ab\u00bfCu\u00e1l es mi exposici\u00f3n<\/em>?\u00bb para comprender mejor el significado de sus resultados. Nuestra herramienta en l\u00ednea crear\u00e1 un informe personalizado que muestra c\u00f3mo se comparan sus niveles con las directrices sanitarias estatales y federales, proporcionar\u00e1 informaci\u00f3n sobre los efectos para la salud y ofrecer\u00e1 consejos para reducir su exposici\u00f3n.<\/p>\n\n\n\n<div class=\"wp-block-buttons is-layout-flex wp-block-buttons-is-layout-flex\">\n<div class=\"wp-block-button\"><a class=\"wp-block-button__link wp-element-button\" href=\"https:\/\/reportback.org\/pfas-exchange\/report\/start\">\u00a1Empiece!<\/a><\/div>\n<\/div>\n<\/div><figure  class=\"wp-block-media-text__media\"><img decoding=\"async\" alt=\"\" src=\"https:\/\/pfas-exchange.org\/wp-content\/uploads\/2025\/09\/iStock-85406447_small-e1758569983761.jpg\" class=\"wp-image-11532 size-full\"><\/figure><\/div>\n\n\n\n<p><\/p>\n","protected":false},"excerpt":{"rendered":"<p>\u00bfHa realizado an\u00e1lisis de PFAS en el agua potable o en la sangre? \u00bfNecesita ayuda para entender sus resultados?&nbsp;<\/p>\n","protected":false},"author":1,"featured_media":11532,"parent":11066,"menu_order":0,"comment_status":"closed","ping_status":"closed","template":"","meta":{"_acf_changed":false,"_monsterinsights_skip_tracking":false,"_monsterinsights_sitenote_active":false,"_monsterinsights_sitenote_note":"","_monsterinsights_sitenote_category":0,"footnotes":""},"class_list":["post-11500","page","type-page","status-publish","has-post-thumbnail","hentry"],"acf":[],"_links":{"self":[{"href":"https:\/\/pfas-exchange.org\/es\/wp-json\/wp\/v2\/pages\/11500","targetHints":{"allow":["GET"]}}],"collection":[{"href":"https:\/\/pfas-exchange.org\/es\/wp-json\/wp\/v2\/pages"}],"about":[{"href":"https:\/\/pfas-exchange.org\/es\/wp-json\/wp\/v2\/types\/page"}],"author":[{"embeddable":true,"href":"https:\/\/pfas-exchange.org\/es\/wp-json\/wp\/v2\/users\/1"}],"replies":[{"embeddable":true,"href":"https:\/\/pfas-exchange.org\/es\/wp-json\/wp\/v2\/comments?post=11500"}],"version-history":[{"count":4,"href":"https:\/\/pfas-exchange.org\/es\/wp-json\/wp\/v2\/pages\/11500\/revisions"}],"predecessor-version":[{"id":13015,"href":"https:\/\/pfas-exchange.org\/es\/wp-json\/wp\/v2\/pages\/11500\/revisions\/13015"}],"up":[{"embeddable":true,"href":"https:\/\/pfas-exchange.org\/es\/wp-json\/wp\/v2\/pages\/11066"}],"wp:featuredmedia":[{"embeddable":true,"href":"https:\/\/pfas-exchange.org\/es\/wp-json\/wp\/v2\/media\/11532"}],"wp:attachment":[{"href":"https:\/\/pfas-exchange.org\/es\/wp-json\/wp\/v2\/media?parent=11500"}],"curies":[{"name":"wp","href":"https:\/\/api.w.org\/{rel}","templated":true}]}}