{"id":11526,"date":"2025-06-06T15:00:07","date_gmt":"2025-06-06T19:00:07","guid":{"rendered":"https:\/\/live-ssi-pfas.pantheonsite.io\/que-son-las-pfas\/pfas-101\/"},"modified":"2025-11-03T13:30:02","modified_gmt":"2025-11-03T18:30:02","slug":"pfas-101","status":"publish","type":"page","link":"https:\/\/pfas-exchange.org\/es\/que-son-las-pfas\/pfas-101\/","title":{"rendered":"Introducci\u00f3n a los PFAS"},"content":{"rendered":"\n<h2 class=\"wp-block-heading\">Las PFAS (sustancias per- y polifluoroalquilo) son una clase de sustancias qu\u00edmicas que las compa\u00f1\u00edas a\u00f1aden a una amplia gama de productos de consumo para convertirlos en antiadherentes, impermeables o resistentes a las manchas. Actualmente existen m\u00e1s de 14.000 PFAS diferentes, convirti\u00e9ndolas en las sustancias sint\u00e9ticas qu\u00edmicas m\u00e1s ubicuas del mundo.<\/h2>\n\n\n\n<p>Las PFAS se pueden encontrar en productos como alfombras y tapicer\u00edas resistentes a las manchas, ropa impermeable, ceras de suelos, utensilios de cocina antiadherentes,&nbsp;<a href=\"https:\/\/pubs.acs.org\/doi\/10.1021\/acs.estlett.6b00435\">envoltorios de alimentos a prueba de grasa<\/a>,&nbsp;<a href=\"https:\/\/www.nature.com\/articles\/s41370-018-0109-y\">hilo dental<\/a>, y algunos cosm\u00e9ticos. Tambi\u00e9n se utilizan en espumas contra incendios para apagar incendios de combustible. Las personas pueden estar expuestas a estas sustancias qu\u00edmicas por contacto directo con los productos o a trav\u00e9s del aire que respiran o la comida que consumen. Tambi\u00e9n pueden estar expuestos a trav\u00e9s del agua potable.<\/p>\n\n\n\n<figure class=\"wp-block-image aligncenter size-full is-resized\"><img loading=\"lazy\" decoding=\"async\" width=\"1650\" height=\"900\" src=\"https:\/\/pfas-exchange.org\/wp-content\/uploads\/2025\/09\/pfas_icons_updated.png\" alt=\"\" class=\"wp-image-11799\" style=\"width:725px\" srcset=\"https:\/\/pfas-exchange.org\/wp-content\/uploads\/2025\/09\/pfas_icons_updated.png 1650w, https:\/\/pfas-exchange.org\/wp-content\/uploads\/2025\/09\/pfas_icons_updated-300x164.png 300w, https:\/\/pfas-exchange.org\/wp-content\/uploads\/2025\/09\/pfas_icons_updated-1024x559.png 1024w, https:\/\/pfas-exchange.org\/wp-content\/uploads\/2025\/09\/pfas_icons_updated-768x419.png 768w, https:\/\/pfas-exchange.org\/wp-content\/uploads\/2025\/09\/pfas_icons_updated-1536x838.png 1536w\" sizes=\"auto, (max-width: 1650px) 100vw, 1650px\" \/><\/figure>\n\n\n\n<p>De hecho, millones de estadounidenses est\u00e1n hoy expuestos a agua potable contaminada con PFAS, como resultado de sustancias qu\u00edmicas sueltas en el medioambiente desde \u00e1reas de entrenamiento de bomberos, \u00e1reas industriales y eliminaci\u00f3n de deshechos. Un estudio del 2016 indic\u00f3 que&nbsp;<a href=\"https:\/\/pubs.acs.org\/doi\/abs\/10.1021\/acs.estlett.6b00260\">m\u00e1s de 16 millones de estadounidenses<\/a>&nbsp;est\u00e1n expuestos a estos contaminantes en el agua potable; un estimado m\u00e1s reciente pone ese n\u00famero en&nbsp;<a href=\"https:\/\/www.ewg.org\/research\/report-110-million-americans-could-have-pfas-contaminated-drinking-water\">110 millones<\/a>. Este&nbsp;<a href=\"http:\/\/pfas-exchange.org\/connecting-communities\/\">mapa<\/a>&nbsp;le muestra d\u00f3nde se encuentran los lugares donde hay contaminaci\u00f3n en los Estados Unidos.<\/p>\n\n\n\n<p>Mientras que sus fuertes uniones qu\u00edmicas las hacen muy efectivas para repeler agua y aceite incluso a altas temperaturas, estas mismas caracter\u00edsticas tambi\u00e9n convierten a las PFAS en sustancias altamente persistentes, queriendo decir que no se desintegran en el medioambiente. Los cient\u00edficos y profesionales de salud est\u00e1n preocupados por la exposici\u00f3n del p\u00fablico a las PFAS porque las sustancias qu\u00edmicas han sido relacionadas con&nbsp;<a href=\"https:\/\/www.atsdr.cdc.gov\/toxprofiles\/tp200.pdf\">muchos problemas de salud<\/a>, incluyendo des\u00f3rdenes de la tiroides, c\u00e1ncer, colesterol alto, obesidad y efectos sobre el sistema inmunitario<a href=\"https:\/\/ehp.niehs.nih.gov\/doi\/10.1289\/ehp.1002864\">, susceptibilidad elevada al c\u00e1ncer de mama<\/a>, y otros.<\/p>\n\n\n\n<figure class=\"wp-block-image aligncenter size-large is-resized\"><img loading=\"lazy\" decoding=\"async\" width=\"1024\" height=\"559\" src=\"https:\/\/pfas-exchange.org\/wp-content\/uploads\/2025\/09\/pfas_icons_99-percent_light-blue-1024x559.png\" alt=\"\" class=\"wp-image-11510\" style=\"width:725px\" srcset=\"https:\/\/pfas-exchange.org\/wp-content\/uploads\/2025\/09\/pfas_icons_99-percent_light-blue-1024x559.png 1024w, https:\/\/pfas-exchange.org\/wp-content\/uploads\/2025\/09\/pfas_icons_99-percent_light-blue-300x164.png 300w, https:\/\/pfas-exchange.org\/wp-content\/uploads\/2025\/09\/pfas_icons_99-percent_light-blue-768x419.png 768w, https:\/\/pfas-exchange.org\/wp-content\/uploads\/2025\/09\/pfas_icons_99-percent_light-blue-1536x838.png 1536w, https:\/\/pfas-exchange.org\/wp-content\/uploads\/2025\/09\/pfas_icons_99-percent_light-blue.png 1650w\" sizes=\"auto, (max-width: 1024px) 100vw, 1024px\" \/><\/figure>\n\n\n\n<p>Aproximadamente<a href=\"https:\/\/pmc.ncbi.nlm.nih.gov\/articles\/PMC2072821\/\">&nbsp;el 99 por ciento<\/a>&nbsp;de los estadounidenses tienen PFAS en sus cuerpos, y las sustancias qu\u00edmicas permanecen en el cuerpo durante a\u00f1os.<\/p>\n\n\n\n<p>Por eso la comunidad de investigaci\u00f3n cient\u00edfica est\u00e1 trabajando a fondo para entender mejor estos contaminantes \u2013 c\u00f3mo quedan expuestas las personas y c\u00f3mo afectan a la salud humana- para poder encontrar soluciones para proteger al p\u00fablico, especialmente las poblaciones vulnerables, de estas sustancias qu\u00edmicas peligrosas.<\/p>\n\n\n\n<p>Vea la&nbsp;<a href=\"http:\/\/pfas-exchange.org\/resources\/\">secci\u00f3n de Recursos<\/a>&nbsp;para encontrar m\u00e1s informaci\u00f3n sobre las PFAS.<\/p>\n","protected":false},"excerpt":{"rendered":"<p>Las PFAS (sustancias per- y polifluoroalquilo) son una clase de sustancias qu\u00edmicas que las compa\u00f1\u00edas a\u00f1aden a una amplia gama de productos de consumo para convertirlos en antiadherentes, impermeables o resistentes a las manchas. Actualmente existen m\u00e1s de 14.000 PFAS diferentes, convirti\u00e9ndolas en las sustancias sint\u00e9ticas qu\u00edmicas m\u00e1s ubicuas del mundo. Las PFAS se pueden [&hellip;]<\/p>\n","protected":false},"author":1,"featured_media":0,"parent":11070,"menu_order":0,"comment_status":"closed","ping_status":"closed","template":"","meta":{"_acf_changed":false,"_monsterinsights_skip_tracking":false,"_monsterinsights_sitenote_active":false,"_monsterinsights_sitenote_note":"","_monsterinsights_sitenote_category":0,"footnotes":""},"class_list":["post-11526","page","type-page","status-publish","hentry"],"acf":[],"_links":{"self":[{"href":"https:\/\/pfas-exchange.org\/es\/wp-json\/wp\/v2\/pages\/11526","targetHints":{"allow":["GET"]}}],"collection":[{"href":"https:\/\/pfas-exchange.org\/es\/wp-json\/wp\/v2\/pages"}],"about":[{"href":"https:\/\/pfas-exchange.org\/es\/wp-json\/wp\/v2\/types\/page"}],"author":[{"embeddable":true,"href":"https:\/\/pfas-exchange.org\/es\/wp-json\/wp\/v2\/users\/1"}],"replies":[{"embeddable":true,"href":"https:\/\/pfas-exchange.org\/es\/wp-json\/wp\/v2\/comments?post=11526"}],"version-history":[{"count":9,"href":"https:\/\/pfas-exchange.org\/es\/wp-json\/wp\/v2\/pages\/11526\/revisions"}],"predecessor-version":[{"id":12954,"href":"https:\/\/pfas-exchange.org\/es\/wp-json\/wp\/v2\/pages\/11526\/revisions\/12954"}],"up":[{"embeddable":true,"href":"https:\/\/pfas-exchange.org\/es\/wp-json\/wp\/v2\/pages\/11070"}],"wp:attachment":[{"href":"https:\/\/pfas-exchange.org\/es\/wp-json\/wp\/v2\/media?parent=11526"}],"curies":[{"name":"wp","href":"https:\/\/api.w.org\/{rel}","templated":true}]}}