{"id":11951,"date":"2025-05-12T16:05:28","date_gmt":"2025-05-12T20:05:28","guid":{"rendered":"https:\/\/live-ssi-pfas.pantheonsite.io\/herramientas\/contamination-map\/"},"modified":"2025-12-16T15:25:11","modified_gmt":"2025-12-16T20:25:11","slug":"contamination-map","status":"publish","type":"page","link":"https:\/\/pfas-exchange.org\/es\/herramientas\/contamination-map\/","title":{"rendered":"Mapa de contaminaci\u00f3n"},"content":{"rendered":"\n<h2 class=\"wp-block-heading\">Este mapa muestra lugares de Estados Unidos en los cuales se sabe o se sospecha que hay contaminaci\u00f3n por PFAS y donde las comunidades est\u00e1n promoviendo una mayor protecci\u00f3n de la salud y el medioambiente. P\u00f3ngase en contacto con un grupo que ya est\u00e9 trabajando en su comunidad, forme un nuevo grupo o p\u00f3ngase en contacto con otros grupos que tengan problemas similares.<\/h2>\n\n\n\n<p>\u00bfHay un sitio contaminado por PFAS cerca de usted? Utilice nuestro&nbsp;<a href=\"https:\/\/experience.arcgis.com\/experience\/7d098a603c664a9e91f4f88c1c89e5d1\/\">mapa interactivo<\/a>&nbsp;para saberlo.<\/p>\n\n\n\n<figure class=\"wp-block-image size-large\"><img loading=\"lazy\" decoding=\"async\" width=\"1024\" height=\"486\" src=\"https:\/\/pfas-exchange.org\/wp-content\/uploads\/2025\/10\/contamination-map-updated-2-1024x486.png\" alt=\"\" class=\"wp-image-12634\" srcset=\"https:\/\/pfas-exchange.org\/wp-content\/uploads\/2025\/10\/contamination-map-updated-2-1024x486.png 1024w, https:\/\/pfas-exchange.org\/wp-content\/uploads\/2025\/10\/contamination-map-updated-2-300x142.png 300w, https:\/\/pfas-exchange.org\/wp-content\/uploads\/2025\/10\/contamination-map-updated-2-768x364.png 768w, https:\/\/pfas-exchange.org\/wp-content\/uploads\/2025\/10\/contamination-map-updated-2-1536x728.png 1536w, https:\/\/pfas-exchange.org\/wp-content\/uploads\/2025\/10\/contamination-map-updated-2.png 1913w\" sizes=\"auto, (max-width: 1024px) 100vw, 1024px\" \/><\/figure>\n\n\n\n<p><strong>\u00bfQu\u00e9 deber\u00eda hacer si usted vive o trabaja cerca de un sitio contaminado con PFAS?<\/strong><\/p>\n\n\n\n<ul class=\"wp-block-list\">\n<li>Preg\u00fantele a su proveedor de agua local si han hecho pruebas de PFAS en el agua potable y si han informado y c\u00f3mo han informado los resultados de estas pruebas al p\u00fablico.<\/li>\n\n\n\n<li>Si tiene un pozo privado, haga una prueba del agua. Consulte la&nbsp;<a href=\"https:\/\/pfas-exchange.org\/pfas-and-drinking-water-what-you-should-know\/\">hoja de datos del agua potable<\/a>&nbsp;para ver c\u00f3mo hacer la prueba.<\/li>\n\n\n\n<li>Estar cerca de un sitio con contaminaci\u00f3n no quiere decir necesariamente que su agua potable est\u00e9 contaminada tambi\u00e9n. Si tiene alguna pregunta o preocupaci\u00f3n, p\u00f3ngase en contacto con el departamento de protecci\u00f3n del medioambiente o de salud de su estado.<\/li>\n\n\n\n<li>Participe en un grupo de su comunidad que est\u00e9 trabajando en la contaminaci\u00f3n de las PFAS, \u00a1o cree su propio grupo! Si no hay grupos en su estado, p\u00f3ngase en contacto con la&nbsp;<a href=\"https:\/\/pfasproject.net\/\">National PFAS Contamination Coalition<\/a>\u2014Esta coalici\u00f3n es una red de grupos comunitarios que trabajan para resolver el problema de la contaminaci\u00f3n de las PFAS en todo el pa\u00eds. Tambi\u00e9n puede ponerse en contacto con un miembro de la coalici\u00f3n cerca de usted para saber m\u00e1s y participar.<\/li>\n\n\n\n<li>Si participa en una organizaci\u00f3n comunitaria que trabaja para resolver el problema de las PFAS y no ve a su grupo en la lista, env\u00edenos un correo electr\u00f3nico a&nbsp;<a href=\"mailto:PFAS-REACH@silentspring.org\" target=\"_blank\" rel=\"noreferrer noopener\">PFAS-REACH@silentspring.org<\/a>&nbsp;tpara que agreguemos su grupo al mapa.<\/li>\n\n\n\n<li>Si desea m\u00e1s informaci\u00f3n sobre las PFAS, consulte nuestros&nbsp;<a href=\"https:\/\/pfas-exchange.org\/es\/herramientas\/recursos\/\">recursos<\/a>&nbsp;for more information on PFAS.<\/li>\n<\/ul>\n\n\n\n<p>La informaci\u00f3n sobre los lugares contaminados procede del proyecto de\u00a0<a href=\"https:\/\/docs.google.com\/spreadsheets\/d\/1-LSXJbA_3M20n76y-FK0YLd1fml1uzJsoAkSWr2bz0A\/edit#gid=0\">Seguimiento de los lugares contaminados por las PFAS<\/a>, un proyecto del\u00a0<a href=\"https:\/\/pfasproject.com\/\">Laboratorio del Proyecto sobre las PFSA<\/a>\u00a0de la Northeastern University.<\/p>\n","protected":false},"excerpt":{"rendered":"<p>Este mapa muestra lugares de Estados Unidos en los cuales se sabe o se sospecha que hay contaminaci\u00f3n por PFAS y donde las comunidades est\u00e1n promoviendo una mayor protecci\u00f3n de la salud y el medioambiente. P\u00f3ngase en contacto con un grupo que ya est\u00e9 trabajando en su comunidad, forme un nuevo grupo o p\u00f3ngase en [&hellip;]<\/p>\n","protected":false},"author":1,"featured_media":0,"parent":11066,"menu_order":0,"comment_status":"closed","ping_status":"closed","template":"","meta":{"_acf_changed":false,"_monsterinsights_skip_tracking":false,"_monsterinsights_sitenote_active":false,"_monsterinsights_sitenote_note":"","_monsterinsights_sitenote_category":0,"footnotes":""},"class_list":["post-11951","page","type-page","status-publish","hentry"],"acf":[],"_links":{"self":[{"href":"https:\/\/pfas-exchange.org\/es\/wp-json\/wp\/v2\/pages\/11951","targetHints":{"allow":["GET"]}}],"collection":[{"href":"https:\/\/pfas-exchange.org\/es\/wp-json\/wp\/v2\/pages"}],"about":[{"href":"https:\/\/pfas-exchange.org\/es\/wp-json\/wp\/v2\/types\/page"}],"author":[{"embeddable":true,"href":"https:\/\/pfas-exchange.org\/es\/wp-json\/wp\/v2\/users\/1"}],"replies":[{"embeddable":true,"href":"https:\/\/pfas-exchange.org\/es\/wp-json\/wp\/v2\/comments?post=11951"}],"version-history":[{"count":5,"href":"https:\/\/pfas-exchange.org\/es\/wp-json\/wp\/v2\/pages\/11951\/revisions"}],"predecessor-version":[{"id":13206,"href":"https:\/\/pfas-exchange.org\/es\/wp-json\/wp\/v2\/pages\/11951\/revisions\/13206"}],"up":[{"embeddable":true,"href":"https:\/\/pfas-exchange.org\/es\/wp-json\/wp\/v2\/pages\/11066"}],"wp:attachment":[{"href":"https:\/\/pfas-exchange.org\/es\/wp-json\/wp\/v2\/media?parent=11951"}],"curies":[{"name":"wp","href":"https:\/\/api.w.org\/{rel}","templated":true}]}}