{"id":12063,"date":"2023-08-09T21:25:49","date_gmt":"2023-08-10T01:25:49","guid":{"rendered":"https:\/\/live-ssi-pfas.pantheonsite.io\/privacy-policy\/"},"modified":"2025-09-29T08:51:18","modified_gmt":"2025-09-29T12:51:18","slug":"privacy-policy","status":"publish","type":"page","link":"https:\/\/pfas-exchange.org\/es\/privacy-policy\/","title":{"rendered":"Normas de Privacidad"},"content":{"rendered":"\n<h2 class=\"wp-block-heading\">En el Instituto Silent Spring, estamos comprometidos a proteger su privacidad. No tiene que darnos ninguna informaci\u00f3n personal para poder visitar la p\u00e1gina web. Para asegurarnos de que estamos ofreciendo contenido que nuestros visitantes encuentren \u00fatil, recogemos cierta informaci\u00f3n generada autom\u00e1ticamente acerca de su uso de esta p\u00e1gina. Esta declaraci\u00f3n de privacidad explica c\u00f3mo se recoge y se usa esta informaci\u00f3n.<\/h2>\n\n\n\n<p><\/p>\n\n\n\n<h2 class=\"wp-block-heading\">Recolecci\u00f3n&nbsp;de datos<\/h2>\n\n\n\n<p>Cuando usted visite nuestra p\u00e1gina web, nuestro servidor pedir\u00e1 cierta informaci\u00f3n electr\u00f3nica a su computadora. Usamos Google Analytics para recoger estad\u00edsticas an\u00f3nimas. Para obtener m\u00e1s informaci\u00f3n sobre c\u00f3mo se recogen y procesan los datos, por favor visite&nbsp;<a href=\"https:\/\/www.google.com\/policies\/privacy\/partners\/\">www.google.com\/policies\/privacy\/partners\/<\/a>. Puede elegir no participar desactivando las cookies en las preferencias de su navegador, o bajar e instalar&nbsp;<a href=\"http:\/\/tools.google.com\/dlpage\/gaoptout\">Google Analytics Opt-out Browser Add-on<\/a>.<\/p>\n\n\n\n<h2 class=\"wp-block-heading\">Uso de esta informaci\u00f3n<\/h2>\n\n\n\n<p>Usamos esta informaci\u00f3n con el \u00fanico prop\u00f3sito de evaluar c\u00f3mo se usa nuestra p\u00e1gina web, con la idea de&nbsp;optimizar&nbsp;las versiones futuras de esta p\u00e1gina. Esta informaci\u00f3n nos ayuda a crear y entregar el contenido m\u00e1s relevante para usted. El Instituto Silent Spring revelar\u00e1 esta informaci\u00f3n sin notificaci\u00f3n, solamente si as\u00ed lo requiere la ley o creyendo de buena fe que es necesario para: (a) estar en conformidad con lo que dicta la ley o para cumplir con los procesos legales presentados ante el Instituto Silent Spring, o (b) proteger y defender los derechos a la propiedad del Instituto Silent Spring.<\/p>\n\n\n\n<h2 class=\"wp-block-heading\">Uso de Cookies<\/h2>\n\n\n\n<p>Para asegurar que estamos publicando el contenido que nuestros visitantes quieren, el Instituto Silent Spring recoge estad\u00edsticas de las visitas al sitio usando cookies. Cuando alguien visita la p\u00e1gina, se&nbsp;coloca&nbsp;una cookie en la m\u00e1quina del visitante (si el visitante acepta cookies) o se lee si el visitante ha visto la p\u00e1gina anteriormente. Si usted elige prohibirle a su navegador que acepte cookies de la p\u00e1gina web del Instituto Silent Spring, su acceso y la capacidad de ver la p\u00e1gina web no se ver\u00e1n afectadas.<\/p>\n\n\n\n<h2 class=\"wp-block-heading\">Informaci\u00f3n proporcionada&nbsp;voluntariamente<\/h2>\n\n\n\n<p>Cuando usa funciones espec\u00edficas, como los formularios web, se le puede pedir que proporcione informaci\u00f3n, como su nombre o su direcci\u00f3n de correo electr\u00f3nico, que se usar\u00e1 para contactarlo y subscribirlo a nuestras actualizaciones. En estos casos, no compartiremos, intercambiaremos o venderemos a terceros su direcci\u00f3n de correo electr\u00f3nico ni otra informaci\u00f3n personal&nbsp;proporcionada.<\/p>\n\n\n\n<h2 class=\"wp-block-heading\">Cambios&nbsp;a esta Declaraci\u00f3n<\/h2>\n\n\n\n<p>El Instituto Silent Spring actualizar\u00e1 de tiempo en tiempo esta declaraci\u00f3n de privacidad. Por favor, vea la fecha de la \u00ab\u00faltima actualizaci\u00f3n\u00bb en la parte superior de la declaraci\u00f3n de privacidad.<\/p>\n\n\n\n<p><em>(Ultima actualizaci\u00f3n, 24 de abril del 2019)<\/em><\/p>\n","protected":false},"excerpt":{"rendered":"<p>En el Instituto Silent Spring, estamos comprometidos a proteger su privacidad. No tiene que darnos ninguna informaci\u00f3n personal para poder visitar la p\u00e1gina web. Para asegurarnos de que estamos ofreciendo contenido que nuestros visitantes encuentren \u00fatil, recogemos cierta informaci\u00f3n generada autom\u00e1ticamente acerca de su uso de esta p\u00e1gina. Esta declaraci\u00f3n de privacidad explica c\u00f3mo se [&hellip;]<\/p>\n","protected":false},"author":1,"featured_media":0,"parent":0,"menu_order":0,"comment_status":"closed","ping_status":"closed","template":"","meta":{"_acf_changed":false,"_monsterinsights_skip_tracking":false,"_monsterinsights_sitenote_active":false,"_monsterinsights_sitenote_note":"","_monsterinsights_sitenote_category":0,"footnotes":""},"class_list":["post-12063","page","type-page","status-publish","hentry"],"acf":[],"_links":{"self":[{"href":"https:\/\/pfas-exchange.org\/es\/wp-json\/wp\/v2\/pages\/12063","targetHints":{"allow":["GET"]}}],"collection":[{"href":"https:\/\/pfas-exchange.org\/es\/wp-json\/wp\/v2\/pages"}],"about":[{"href":"https:\/\/pfas-exchange.org\/es\/wp-json\/wp\/v2\/types\/page"}],"author":[{"embeddable":true,"href":"https:\/\/pfas-exchange.org\/es\/wp-json\/wp\/v2\/users\/1"}],"replies":[{"embeddable":true,"href":"https:\/\/pfas-exchange.org\/es\/wp-json\/wp\/v2\/comments?post=12063"}],"version-history":[{"count":3,"href":"https:\/\/pfas-exchange.org\/es\/wp-json\/wp\/v2\/pages\/12063\/revisions"}],"predecessor-version":[{"id":12069,"href":"https:\/\/pfas-exchange.org\/es\/wp-json\/wp\/v2\/pages\/12063\/revisions\/12069"}],"wp:attachment":[{"href":"https:\/\/pfas-exchange.org\/es\/wp-json\/wp\/v2\/media?parent=12063"}],"curies":[{"name":"wp","href":"https:\/\/api.w.org\/{rel}","templated":true}]}}