{"id":9596,"date":"2025-05-12T16:02:48","date_gmt":"2025-05-12T20:02:48","guid":{"rendered":"https:\/\/live-ssi-pfas.pantheonsite.io\/acerca-de-nosotros\/"},"modified":"2026-04-09T14:17:19","modified_gmt":"2026-04-09T18:17:19","slug":"acerca-de-nosotros","status":"publish","type":"page","link":"https:\/\/pfas-exchange.org\/es\/acerca-de-nosotros\/","title":{"rendered":"Acerca de nosotros"},"content":{"rendered":"\n<h2 class=\"wp-block-heading\">El PFAS-Exchange es parte de un proyecto de varios a\u00f1os llamado PFAS-REACH (Investigaci\u00f3n, Educaci\u00f3n y Acci\u00f3n para la Salud Comunitaria) fundado por el Instituto Nacional de Ciencias de Salud Medioambientales.<\/h2>\n\n\n\n<p>PFAS-REACH est\u00e1 dirigido por <a href=\"https:\/\/silentspring.org\/\">el Instituto Silent Spring<\/a> en colaboraci\u00f3n con <a href=\"https:\/\/www.northeastern.edu\/environmentalhealth\/\">la Universidad Northeastern<\/a> y <a href=\"https:\/\/www.canr.msu.edu\/fshn\/\">la Universidad Estatal de Michigan<\/a>. Las organizaciones comunitarias asociadas son <a href=\"http:\/\/www.testingforpease.com\/\">Testing for Pease<\/a>, <a href=\"http:\/\/mbcc.org\/breast-cancer-prevention\/\">Massachusetts Breast Cancer Coalition<\/a> y <a href=\"https:\/\/www.slingshot.org\/\">Slingshot<\/a>.<\/p>\n\n\n\n<figure class=\"wp-block-image size-large is-resized\"><img loading=\"lazy\" decoding=\"async\" width=\"1024\" height=\"422\" src=\"https:\/\/pfas-exchange.org\/wp-content\/uploads\/2025\/09\/PFAS-REACH-logo-color-large-2-1024x422.png\" alt=\"\" class=\"wp-image-11595\" style=\"width:400px\" srcset=\"https:\/\/pfas-exchange.org\/wp-content\/uploads\/2025\/09\/PFAS-REACH-logo-color-large-2-1024x422.png 1024w, https:\/\/pfas-exchange.org\/wp-content\/uploads\/2025\/09\/PFAS-REACH-logo-color-large-2-300x124.png 300w, https:\/\/pfas-exchange.org\/wp-content\/uploads\/2025\/09\/PFAS-REACH-logo-color-large-2-768x316.png 768w, https:\/\/pfas-exchange.org\/wp-content\/uploads\/2025\/09\/PFAS-REACH-logo-color-large-2.png 1165w\" sizes=\"auto, (max-width: 1024px) 100vw, 1024px\" \/><\/figure>\n\n\n\n<p>El proyecto tiene tres objetivos principales:<\/p>\n\n\n\n<ul class=\"wp-block-list\">\n<li>Evaluar los posibles efectos de la exposici\u00f3n a los PFAS en el sistema inmunitario de los ni\u00f1os peque\u00f1os de dos comunidades que han sufrido contaminaci\u00f3n del agua por PFAS.<\/li>\n\n\n\n<li>Desarrollar un innovador centro de recursos en l\u00ednea, denominado Intercambio de PFAS, con herramientas de interpretaci\u00f3n de datos, an\u00e1lisis del agua del grifo y materiales educativos para las comunidades afectadas y otros p\u00fablicos.<\/li>\n\n\n\n<li>Realizar un an\u00e1lisis cient\u00edfico-social de las comunidades afectadas para evaluar las experiencias individuales, familiares y comunitarias de los residentes de las zonas afectadas por el agua potable contaminada con PFAS.<\/li>\n<\/ul>\n\n\n\n<p>PFAS-REACH aportar\u00e1 nuevas pruebas cient\u00edficas sobre los efectos para la salud asociados a la exposici\u00f3n a los PFAS, informaci\u00f3n que podr\u00eda utilizarse para fundamentar nuevas pol\u00edticas y directrices sobre el agua potable que protejan al p\u00fablico, en particular a las poblaciones vulnerables, de estos contaminantes nocivos. Adem\u00e1s, mediante sus actividades de divulgaci\u00f3n y participaci\u00f3n p\u00fablica, el proyecto pretende apoyar a las comunidades de todo el pa\u00eds ofreci\u00e9ndoles nuevas herramientas e informaci\u00f3n para ayudarles a reducir sus exposiciones y salvaguardar su salud.<\/p>\n\n\n\n<p>Con el apoyo de la Fundaci\u00f3n Robert Wood Johnson, los miembros del equipo de PFAS-REACH tambi\u00e9n est\u00e1n trabajando para educar a m\u00e9dicos y enfermeros sobre los efectos de los PFAS en la salud, las pruebas de sangre para detecci\u00f3n de PFAS y el monitoreo cl\u00ednico para pacientes expuestos. Los proveedores de atenci\u00f3n m\u00e9dica interesados en obtener m\u00e1s informaci\u00f3n sobre el proyecto pueden encontrar m\u00e1s informaci\u00f3n <a href=\"https:\/\/pfas-exchange.org\/es\/resource-hub\/non-stick-nuisance-medical-monitoring-for-pfas-available-for-cme-credit\/\">aqu\u00ed<\/a>.<\/p>\n\n\n\n<div style=\"height:20px\" aria-hidden=\"true\" class=\"wp-block-spacer\"><\/div>\n\n\n\n<div class=\"wp-block-columns is-layout-flex wp-container-core-columns-is-layout-9d6595d7 wp-block-columns-is-layout-flex\">\n<div class=\"wp-block-column is-layout-flow wp-block-column-is-layout-flow\">\n<h2 class=\"wp-block-heading\">Socios de investigaci\u00f3n<\/h2>\n\n\n\n<div style=\"height:10px\" aria-hidden=\"true\" class=\"wp-block-spacer\"><\/div>\n\n\n\n<figure class=\"wp-block-image size-large is-resized\"><img loading=\"lazy\" decoding=\"async\" width=\"1024\" height=\"206\" src=\"https:\/\/pfas-exchange.org\/wp-content\/uploads\/2025\/09\/ssi_logo_horizontal-blue-1-1024x206.png\" alt=\"\" class=\"wp-image-11699\" style=\"width:382px;height:auto\" srcset=\"https:\/\/pfas-exchange.org\/wp-content\/uploads\/2025\/09\/ssi_logo_horizontal-blue-1-1024x206.png 1024w, https:\/\/pfas-exchange.org\/wp-content\/uploads\/2025\/09\/ssi_logo_horizontal-blue-1-300x60.png 300w, https:\/\/pfas-exchange.org\/wp-content\/uploads\/2025\/09\/ssi_logo_horizontal-blue-1-768x155.png 768w, https:\/\/pfas-exchange.org\/wp-content\/uploads\/2025\/09\/ssi_logo_horizontal-blue-1.png 1508w\" sizes=\"auto, (max-width: 1024px) 100vw, 1024px\" \/><\/figure>\n\n\n\n<div style=\"height:50px\" aria-hidden=\"true\" class=\"wp-block-spacer\"><\/div>\n\n\n\n<figure class=\"wp-block-image size-large is-resized\"><img loading=\"lazy\" decoding=\"async\" width=\"1024\" height=\"243\" src=\"https:\/\/pfas-exchange.org\/wp-content\/uploads\/2025\/09\/northeastern-SSHERI-logo-4-1024x243.png\" alt=\"\" class=\"wp-image-11662\" style=\"width:392px;height:auto\" srcset=\"https:\/\/pfas-exchange.org\/wp-content\/uploads\/2025\/09\/northeastern-SSHERI-logo-4-1024x243.png 1024w, https:\/\/pfas-exchange.org\/wp-content\/uploads\/2025\/09\/northeastern-SSHERI-logo-4-300x71.png 300w, https:\/\/pfas-exchange.org\/wp-content\/uploads\/2025\/09\/northeastern-SSHERI-logo-4-768x182.png 768w\" sizes=\"auto, (max-width: 1024px) 100vw, 1024px\" \/><\/figure>\n\n\n\n<div style=\"height:50px\" aria-hidden=\"true\" class=\"wp-block-spacer\"><\/div>\n\n\n\n<figure class=\"wp-block-image size-large is-resized\"><img loading=\"lazy\" decoding=\"async\" width=\"1024\" height=\"248\" src=\"https:\/\/pfas-exchange.org\/wp-content\/uploads\/2025\/09\/MSU-logo_horizonal_green-1024x248.png\" alt=\"\" class=\"wp-image-11675\" style=\"width:371px;height:auto\" srcset=\"https:\/\/pfas-exchange.org\/wp-content\/uploads\/2025\/09\/MSU-logo_horizonal_green-1024x248.png 1024w, https:\/\/pfas-exchange.org\/wp-content\/uploads\/2025\/09\/MSU-logo_horizonal_green-300x73.png 300w, https:\/\/pfas-exchange.org\/wp-content\/uploads\/2025\/09\/MSU-logo_horizonal_green-768x186.png 768w, https:\/\/pfas-exchange.org\/wp-content\/uploads\/2025\/09\/MSU-logo_horizonal_green.png 1029w\" sizes=\"auto, (max-width: 1024px) 100vw, 1024px\" \/><\/figure>\n<\/div>\n<\/div>\n\n\n\n<div style=\"height:20px\" aria-hidden=\"true\" class=\"wp-block-spacer\"><\/div>\n\n\n\n<h2 class=\"wp-block-heading\">Socios comunitarios<\/h2>\n\n\n\n<div class=\"wp-block-columns is-layout-flex wp-container-core-columns-is-layout-9d6595d7 wp-block-columns-is-layout-flex\">\n<div class=\"wp-block-column is-layout-flow wp-block-column-is-layout-flow\">\n<div style=\"height:34px\" aria-hidden=\"true\" class=\"wp-block-spacer\"><\/div>\n\n\n\n<figure class=\"wp-block-image aligncenter size-full is-resized\"><img loading=\"lazy\" decoding=\"async\" width=\"805\" height=\"792\" src=\"https:\/\/pfas-exchange.org\/wp-content\/uploads\/2025\/09\/mbcc-1in8-logo-4.png\" alt=\"\" class=\"wp-image-11764\" style=\"width:127px;height:auto\" srcset=\"https:\/\/pfas-exchange.org\/wp-content\/uploads\/2025\/09\/mbcc-1in8-logo-4.png 805w, https:\/\/pfas-exchange.org\/wp-content\/uploads\/2025\/09\/mbcc-1in8-logo-4-300x295.png 300w, https:\/\/pfas-exchange.org\/wp-content\/uploads\/2025\/09\/mbcc-1in8-logo-4-768x756.png 768w\" sizes=\"auto, (max-width: 805px) 100vw, 805px\" \/><\/figure>\n<\/div>\n\n\n\n<div class=\"wp-block-column is-layout-flow wp-block-column-is-layout-flow\">\n<figure class=\"wp-block-image aligncenter size-full is-resized\"><img loading=\"lazy\" decoding=\"async\" width=\"496\" height=\"513\" src=\"https:\/\/pfas-exchange.org\/wp-content\/uploads\/2025\/09\/tfp_logo-1.jpg\" alt=\"\" class=\"wp-image-11770\" style=\"width:187px;height:auto\" srcset=\"https:\/\/pfas-exchange.org\/wp-content\/uploads\/2025\/09\/tfp_logo-1.jpg 496w, https:\/\/pfas-exchange.org\/wp-content\/uploads\/2025\/09\/tfp_logo-1-290x300.jpg 290w\" sizes=\"auto, (max-width: 496px) 100vw, 496px\" \/><\/figure>\n<\/div>\n\n\n\n<div class=\"wp-block-column is-layout-flow wp-block-column-is-layout-flow\">\n<div style=\"height:17px\" aria-hidden=\"true\" class=\"wp-block-spacer\"><\/div>\n\n\n\n<figure class=\"wp-block-image aligncenter size-large\"><img loading=\"lazy\" decoding=\"async\" width=\"1024\" height=\"731\" src=\"https:\/\/pfas-exchange.org\/wp-content\/uploads\/2025\/09\/Slingshot-logo-4-1024x731.png\" alt=\"\" class=\"wp-image-11767\" srcset=\"https:\/\/pfas-exchange.org\/wp-content\/uploads\/2025\/09\/Slingshot-logo-4-1024x731.png 1024w, https:\/\/pfas-exchange.org\/wp-content\/uploads\/2025\/09\/Slingshot-logo-4-300x214.png 300w, https:\/\/pfas-exchange.org\/wp-content\/uploads\/2025\/09\/Slingshot-logo-4-768x548.png 768w, https:\/\/pfas-exchange.org\/wp-content\/uploads\/2025\/09\/Slingshot-logo-4.png 1200w\" sizes=\"auto, (max-width: 1024px) 100vw, 1024px\" \/><\/figure>\n<\/div>\n\n\n\n<div class=\"wp-block-column is-layout-flow wp-block-column-is-layout-flow\"><\/div>\n<\/div>\n","protected":false},"excerpt":{"rendered":"<p>El PFAS-Exchange es parte de un proyecto de varios a\u00f1os llamado PFAS-REACH (Investigaci\u00f3n, Educaci\u00f3n y Acci\u00f3n para la Salud Comunitaria) fundado por el Instituto Nacional de Ciencias de Salud Medioambientales. PFAS-REACH est\u00e1 dirigido por el Instituto Silent Spring en colaboraci\u00f3n con la Universidad Northeastern y la Universidad Estatal de Michigan. Las organizaciones comunitarias asociadas son [&hellip;]<\/p>\n","protected":false},"author":1,"featured_media":11573,"parent":0,"menu_order":0,"comment_status":"closed","ping_status":"closed","template":"","meta":{"_acf_changed":false,"_monsterinsights_skip_tracking":false,"_monsterinsights_sitenote_active":false,"_monsterinsights_sitenote_note":"","_monsterinsights_sitenote_category":0,"footnotes":""},"class_list":["post-9596","page","type-page","status-publish","has-post-thumbnail","hentry"],"acf":[],"_links":{"self":[{"href":"https:\/\/pfas-exchange.org\/es\/wp-json\/wp\/v2\/pages\/9596","targetHints":{"allow":["GET"]}}],"collection":[{"href":"https:\/\/pfas-exchange.org\/es\/wp-json\/wp\/v2\/pages"}],"about":[{"href":"https:\/\/pfas-exchange.org\/es\/wp-json\/wp\/v2\/types\/page"}],"author":[{"embeddable":true,"href":"https:\/\/pfas-exchange.org\/es\/wp-json\/wp\/v2\/users\/1"}],"replies":[{"embeddable":true,"href":"https:\/\/pfas-exchange.org\/es\/wp-json\/wp\/v2\/comments?post=9596"}],"version-history":[{"count":6,"href":"https:\/\/pfas-exchange.org\/es\/wp-json\/wp\/v2\/pages\/9596\/revisions"}],"predecessor-version":[{"id":13339,"href":"https:\/\/pfas-exchange.org\/es\/wp-json\/wp\/v2\/pages\/9596\/revisions\/13339"}],"wp:featuredmedia":[{"embeddable":true,"href":"https:\/\/pfas-exchange.org\/es\/wp-json\/wp\/v2\/media\/11573"}],"wp:attachment":[{"href":"https:\/\/pfas-exchange.org\/es\/wp-json\/wp\/v2\/media?parent=9596"}],"curies":[{"name":"wp","href":"https:\/\/api.w.org\/{rel}","templated":true}]}}