{"id":11075,"date":"2025-05-12T16:03:56","date_gmt":"2025-05-12T20:03:56","guid":{"rendered":"https:\/\/live-ssi-pfas.pantheonsite.io\/sobre-nos\/estudo-de-saude-infantil\/"},"modified":"2026-04-09T14:19:32","modified_gmt":"2026-04-09T18:19:32","slug":"pesquisa","status":"publish","type":"page","link":"https:\/\/pfas-exchange.org\/pt-br\/sobre-nos\/pesquisa\/","title":{"rendered":"Pesquisa"},"content":{"rendered":"\n<h2 class=\"wp-block-heading\"><strong><strong>Estudo sobre sa\u00fade infantil<\/strong><\/strong><\/h2>\n\n\n\n<figure class=\"wp-block-image alignright size-full is-resized\"><img loading=\"lazy\" decoding=\"async\" width=\"1000\" height=\"666\" src=\"https:\/\/pfas-exchange.org\/wp-content\/uploads\/2019\/07\/iStock-1018792424_1000.jpg\" alt=\"\" class=\"wp-image-9947\" style=\"width:441px;height:auto\" srcset=\"https:\/\/pfas-exchange.org\/wp-content\/uploads\/2019\/07\/iStock-1018792424_1000.jpg 1000w, https:\/\/pfas-exchange.org\/wp-content\/uploads\/2019\/07\/iStock-1018792424_1000-300x200.jpg 300w, https:\/\/pfas-exchange.org\/wp-content\/uploads\/2019\/07\/iStock-1018792424_1000-768x511.jpg 768w\" sizes=\"auto, (max-width: 1000px) 100vw, 1000px\" \/><\/figure>\n\n\n\n<p>O Estudo PFAS-REACH sobre Sa\u00fade Infantil est\u00e1 investigando a exposi\u00e7\u00e3o a PFAS e seus poss\u00edveis efeitos no sistema imunol\u00f3gico das crian\u00e7as. O estudo inclui crian\u00e7as que podem ter sido expostas a PFAS pela \u00e1gua pot\u00e1vel no Pease International Tradeport em Portsmouth, NH, bem como em Hyannis e Ayer, MA \u2014 comunidades que sofreram contamina\u00e7\u00e3o no sistema de abastecimento p\u00fablico no passado.<\/p>\n\n\n\n<p>A pesquisa analisou amostras de sangue coletadas entre 2021 e 2024 de 87 crian\u00e7as residentes em Pease, Hyannis e Ayer. Conforme resumido nesta <a href=\"https:\/\/pfas-exchange.org\/wp-content\/uploads\/2025\/11\/PFAS-REACH-blood-test-results-Pease-July-2025.pdf\">ficha de informa\u00e7\u00f5es<\/a>, o estudo constatou que as crian\u00e7as de Pease apresentavam n\u00edveis mais elevados de duas subst\u00e2ncias qu\u00edmicas PFAS em compara\u00e7\u00e3o com as crian\u00e7as de Hyannis e Ayer. No entanto, entre as crian\u00e7as de Pease, os n\u00edveis de PFAS foram inferiores aos n\u00edveis observados em testes anteriores realizados em 2015 e entre 2019 e 2021. A pesquisa continua avaliando poss\u00edveis efeitos no sistema imunol\u00f3gico e busca compreender como a alimenta\u00e7\u00e3o e os produtos de consumo contribuem para a exposi\u00e7\u00e3o das crian\u00e7as a PFAS.<\/p>\n\n\n\n<h2 class=\"wp-block-heading\"><strong><strong>An\u00e1lise das experi\u00eancias das comunidades afetadas<\/strong><\/strong><\/h2>\n\n\n\n<p>Em todo o territ\u00f3rio dos Estados Unidos, centenas de comunidades detectaram a presen\u00e7a de contaminantes PFAS em seus sistemas de abastecimento de \u00e1gua pot\u00e1vel, bem como em peixes, gado e terras agr\u00edcolas. Cada comunidade enfrenta um conjunto \u00fanico de desafios, e diferentes comunidades respondem de maneiras diferentes. Para entender melhor como as comunidades foram impactadas, a equipe do PFAS-REACH entrevistou moradores e autoridades locais.<\/p>\n\n\n\n<p><a href=\"https:\/\/doi.org\/10.1007\/s13412-024-00994-2\">Em um artigo<\/a> de 2024, a equipe descreve como fatores locais, como a fonte de contamina\u00e7\u00e3o por PFAS, podem afetar significativamente a extens\u00e3o dos esfor\u00e7os de limpeza. O artigo tamb\u00e9m demonstra que mesmo um n\u00famero reduzido de residentes pode impulsionar a\u00e7\u00f5es locais para lidar com a contamina\u00e7\u00e3o e contribuir para a elabora\u00e7\u00e3o de regulamenta\u00e7\u00f5es em n\u00edvel estadual e nacional. Como parte do trabalho em andamento, a equipe cient\u00edfica do PFAS-REACH est\u00e1 conversando com m\u00e9dicos para compreender melhor como eles lidam com as d\u00favidas e preocupa\u00e7\u00f5es dos pacientes sobre PFAS.<\/p>\n\n\n\n<h2 class=\"wp-block-heading\"><strong><strong>Apoio \u00e0 realiza\u00e7\u00e3o de exames de sangue para detec\u00e7\u00e3o de PFAS<\/strong><\/strong><\/h2>\n\n\n\n<p>Um relat\u00f3rio pioneiro elaborado em 2022 pelas National Academies recomenda que os exames de sangue para detec\u00e7\u00e3o de PFAS sejam disponibilizados \u00e0s pessoas que possam ter sido expostas a n\u00edveis elevados de PFAS. No entanto, o acesso a esses testes pode ser um desafio quando os m\u00e9dicos locais n\u00e3o est\u00e3o familiarizados com PFAS. O PFAS Exchange oferece <a href=\"https:\/\/pfas-exchange.org\/pt-br\/resource-hub\/pfas-blood-testing-what-you-need-to-know\/\">informa\u00e7\u00f5es sobre laborat\u00f3rios<\/a> e orienta\u00e7\u00f5es sobre as perguntas que podem ser feitas ao considerar a realiza\u00e7\u00e3o de um exame de sangue. Al\u00e9m disso, um estudo financiado parcialmente pelo PFAS-REACH demonstrou que <a href=\"https:\/\/doi.org\/10.1021\/acs.est.2c09852\">os resultados de um novo teste<\/a> correspondem aos resultados de exames de sangue mais convencionais. No futuro, a equipe PFAS-REACH pretende ampliar o acesso aos exames de sangue para PFAS, especialmente em comunidades que anteriormente n\u00e3o tinham acesso a esse tipo de exame.<\/p>\n\n\n\n<h2 class=\"wp-block-heading\"><strong>Educando profissionais de sa\u00fade<\/strong><\/h2>\n\n\n\n<p>Em 2026, pesquisadores do PFAS-REACH lan\u00e7aram um novo projeto financiado pela Funda\u00e7\u00e3o Robert Wood Johnson. O projeto tem como objetivo educar mais m\u00e9dicos e enfermeiros sobre os efeitos dos PFAS na sa\u00fade, exames de sangue e monitoramento m\u00e9dico. Por meio do PFAS Exchange, profissionais de sa\u00fade podem acessar recursos sobre orienta\u00e7\u00f5es de triagem m\u00e9dica e um curso online gratuito de <a href=\"https:\/\/pfas-exchange.org\/pt-br\/resource-hub\/non-stick-nuisance-medical-monitoring-for-pfas-available-for-cme-credit\/\">Educa\u00e7\u00e3o M\u00e9dica Continuada<\/a> para ampliar sua capacidade de manejar exposi\u00e7\u00f5es a PFAS.<\/p>\n\n\n\n<p>Al\u00e9m disso, o PFAS-REACH est\u00e1 realizando grupos focais e entrevistas com m\u00e9dicos, outros profissionais de sa\u00fade e estudantes de medicina, enfermagem e sa\u00fade p\u00fablica para compreender melhor suas perspectivas e experi\u00eancias ao manejar os PFAS em ambientes cl\u00ednicos. O PFAS-REACH tamb\u00e9m oferece apresenta\u00e7\u00f5es de Grand Rounds sobre PFAS para hospitais e outras institui\u00e7\u00f5es.<\/p>\n","protected":false},"excerpt":{"rendered":"<p>Estudo sobre sa\u00fade infantil O Estudo PFAS-REACH sobre Sa\u00fade Infantil est\u00e1 investigando a exposi\u00e7\u00e3o a PFAS e seus poss\u00edveis efeitos no sistema imunol\u00f3gico das crian\u00e7as. O estudo inclui crian\u00e7as que podem ter sido expostas a PFAS pela \u00e1gua pot\u00e1vel no Pease International Tradeport em Portsmouth, NH, bem como em Hyannis e Ayer, MA \u2014 comunidades [&hellip;]<\/p>\n","protected":false},"author":1,"featured_media":0,"parent":9594,"menu_order":0,"comment_status":"closed","ping_status":"closed","template":"","meta":{"_acf_changed":false,"_monsterinsights_skip_tracking":false,"_monsterinsights_sitenote_active":false,"_monsterinsights_sitenote_note":"","_monsterinsights_sitenote_category":0,"footnotes":""},"class_list":["post-11075","page","type-page","status-publish","hentry"],"acf":[],"_links":{"self":[{"href":"https:\/\/pfas-exchange.org\/pt-br\/wp-json\/wp\/v2\/pages\/11075","targetHints":{"allow":["GET"]}}],"collection":[{"href":"https:\/\/pfas-exchange.org\/pt-br\/wp-json\/wp\/v2\/pages"}],"about":[{"href":"https:\/\/pfas-exchange.org\/pt-br\/wp-json\/wp\/v2\/types\/page"}],"author":[{"embeddable":true,"href":"https:\/\/pfas-exchange.org\/pt-br\/wp-json\/wp\/v2\/users\/1"}],"replies":[{"embeddable":true,"href":"https:\/\/pfas-exchange.org\/pt-br\/wp-json\/wp\/v2\/comments?post=11075"}],"version-history":[{"count":8,"href":"https:\/\/pfas-exchange.org\/pt-br\/wp-json\/wp\/v2\/pages\/11075\/revisions"}],"predecessor-version":[{"id":13341,"href":"https:\/\/pfas-exchange.org\/pt-br\/wp-json\/wp\/v2\/pages\/11075\/revisions\/13341"}],"up":[{"embeddable":true,"href":"https:\/\/pfas-exchange.org\/pt-br\/wp-json\/wp\/v2\/pages\/9594"}],"wp:attachment":[{"href":"https:\/\/pfas-exchange.org\/pt-br\/wp-json\/wp\/v2\/media?parent=11075"}],"curies":[{"name":"wp","href":"https:\/\/api.w.org\/{rel}","templated":true}]}}