{"id":11076,"date":"2025-05-12T16:04:19","date_gmt":"2025-05-12T20:04:19","guid":{"rendered":"https:\/\/live-ssi-pfas.pantheonsite.io\/nossa-pesquisa\/"},"modified":"2026-03-10T12:10:53","modified_gmt":"2026-03-10T16:10:53","slug":"publicacoes","status":"publish","type":"page","link":"https:\/\/pfas-exchange.org\/pt-br\/sobre-nos\/publicacoes\/","title":{"rendered":"Publica\u00e7\u00f5es"},"content":{"rendered":"\n<p>Cientistas e colaboradores do PFAS-REACH estudam estes produtos qu\u00edmicos t\u00f3xicos a fim de conhecer melhor os efeitos de PFAS em nosso ambiente. Confira nossas publica\u00e7\u00f5es para saber o que j\u00e1 descobrimos sobre como detectar e reduzir a exposi\u00e7\u00e3o das pessoas a PFAS.<\/p>\n\n\n\n<h2 class=\"wp-block-heading\"><strong>Sobre o que \u00e9 o estudo?<\/strong><\/h2>\n\n\n\n<div class=\"wp-block-columns is-layout-flex wp-container-core-columns-is-layout-9d6595d7 wp-block-columns-is-layout-flex\">\n<div class=\"wp-block-column is-layout-flow wp-block-column-is-layout-flow\">\n<div class=\"wp-block-media-text is-stacked-on-mobile is-vertically-aligned-top\" style=\"grid-template-columns:15% auto\"><figure class=\"wp-block-media-text__media\"><img decoding=\"async\" src=\"https:\/\/pfas-exchange.org\/wp-content\/uploads\/2025\/10\/glass-water-droplet-solid-full.svg\" alt=\"\" class=\"wp-image-12569 size-full\"\/><\/figure><div class=\"wp-block-media-text__content\">\n<p>\u00c1gua pot\u00e1vel<\/p>\n<\/div><\/div>\n\n\n\n<div class=\"wp-block-media-text is-stacked-on-mobile is-vertically-aligned-top\" style=\"grid-template-columns:15% auto\"><figure class=\"wp-block-media-text__media\"><img decoding=\"async\" src=\"https:\/\/pfas-exchange.org\/wp-content\/uploads\/2025\/10\/heart-pulse-solid-full.svg\" alt=\"\" class=\"wp-image-12566 size-full\"\/><\/figure><div class=\"wp-block-media-text__content\">\n<p>Sangue<\/p>\n<\/div><\/div>\n\n\n\n<div class=\"wp-block-media-text is-stacked-on-mobile is-vertically-aligned-top\" style=\"grid-template-columns:15% auto\"><figure class=\"wp-block-media-text__media\"><img decoding=\"async\" src=\"https:\/\/pfas-exchange.org\/wp-content\/uploads\/2025\/10\/map-location-solid-full.svg\" alt=\"\" class=\"wp-image-12563 size-full\"\/><\/figure><div class=\"wp-block-media-text__content\">\n<p>Mapa<\/p>\n<\/div><\/div>\n\n\n\n<div class=\"wp-block-media-text is-stacked-on-mobile is-vertically-aligned-top\" style=\"grid-template-columns:15% auto\"><figure class=\"wp-block-media-text__media\"><img decoding=\"async\" src=\"https:\/\/pfas-exchange.org\/wp-content\/uploads\/2025\/10\/spray-can-solid-full.svg\" alt=\"\" class=\"wp-image-12560 size-full\"\/><\/figure><div class=\"wp-block-media-text__content\">\n<p>Produtos de consumo<\/p>\n<\/div><\/div>\n\n\n\n<div class=\"wp-block-media-text is-stacked-on-mobile is-vertically-aligned-top\" style=\"grid-template-columns:15% auto\"><figure class=\"wp-block-media-text__media\"><img decoding=\"async\" src=\"https:\/\/pfas-exchange.org\/wp-content\/uploads\/2025\/10\/utensils-solid-full.svg\" alt=\"\" class=\"wp-image-12557 size-full\"\/><\/figure><div class=\"wp-block-media-text__content\">\n<p>Dieta<\/p>\n<\/div><\/div>\n<\/div>\n\n\n\n<div class=\"wp-block-column is-layout-flow wp-block-column-is-layout-flow\"><\/div>\n\n\n\n<div class=\"wp-block-column is-layout-flow wp-block-column-is-layout-flow\"><\/div>\n<\/div>\n\n\n\n<h2 class=\"wp-block-heading\">Principais conclus\u00f5es<\/h2>\n\n\n\n<div class=\"wp-block-group is-nowrap is-layout-flex wp-container-core-group-is-layout-ad2f72ca wp-block-group-is-layout-flex\">\n<figure class=\"wp-block-image size-large is-resized\"><img decoding=\"async\" src=\"https:\/\/pfas-exchange.org\/wp-content\/uploads\/2025\/10\/glass-water-droplet-solid-full.svg\" alt=\"\" class=\"wp-image-12569\" style=\"width:51px;height:auto\"\/><\/figure>\n\n\n\n<p><strong>Socioeconomic disparities in exposures to PFAS and other unregulated industrial drinking water contaminants in US public water systems<\/strong>&nbsp;(<strong><a href=\"https:\/\/ehp.niehs.nih.gov\/doi\/10.1289\/EHP14721\">Link to article<\/a><\/strong>)<\/p>\n<\/div>\n\n\n\n<ul class=\"wp-block-list\">\n<li>Entre 2013 e 2015, 97 milh\u00f5es de estadunidenses foram expostos a PFAS e outros produtos qu\u00edmicos industriais presentes na \u00e1gua pot\u00e1vel, embora esse n\u00famero esteja provavelmente subestimado.<\/li>\n\n\n\n<li>Os sistemas de abastecimento de \u00e1gua que atendem a uma propor\u00e7\u00e3o maior de residentes hisp\u00e2nicos e negros n\u00e3o hisp\u00e2nicos apresentaram maior probabilidade de conter PFAS e outros produtos qu\u00edmicos industriais.<\/li>\n<\/ul>\n\n\n\n<div class=\"wp-block-group is-nowrap is-layout-flex wp-container-core-group-is-layout-ad2f72ca wp-block-group-is-layout-flex\">\n<figure class=\"wp-block-image size-large is-resized\"><img decoding=\"async\" src=\"https:\/\/pfas-exchange.org\/wp-content\/uploads\/2025\/10\/glass-water-droplet-solid-full.svg\" alt=\"\" class=\"wp-image-12569\" style=\"width:58px;height:auto\"\/><\/figure>\n\n\n\n<p><strong>REACHing for PFAS solutions: how two communities responded to drinking water contamination<\/strong>&nbsp;(<strong><a href=\"https:\/\/link.springer.com\/epdf\/10.1007\/s13412-024-00994-2?sharing_token=p04JxTME-Hrxma4nwyWgt_e4RwlQNchNByi7wbcMAY62wAHYdiykvyjJP5PnD-nMnbXPqkSB8zry8DylHyx0oRIcT9aVEgpJWkQXvF1uyvBw0YTXm2tNNo-Z7aIOEJpDbVtsbTs0RisCIdYV-yuzzM350i9GpiyJXXGJVG4pjH0%3D\">Link to article<\/a><\/strong>)<\/p>\n<\/div>\n\n\n\n<ul class=\"wp-block-list\">\n<li>Os residentes e l\u00edderes comunit\u00e1rios de Hyannis, Massachusetts, e de Pease Tradeport, New Hampshire, superaram desafios para lidar com a polui\u00e7\u00e3o por PFAS em suas comunidades.<\/li>\n\n\n\n<li>Ao comparar as respostas \u00e0 contamina\u00e7\u00e3o da \u00e1gua por PFAS nessas duas comunidades, este artigo explorou os fatores que contribuem para as respostas em n\u00edvel comunit\u00e1rio de forma mais ampla.<\/li>\n<\/ul>\n\n\n\n<div class=\"wp-block-group is-nowrap is-layout-flex wp-container-core-group-is-layout-ad2f72ca wp-block-group-is-layout-flex\">\n<figure class=\"wp-block-image size-large is-resized\"><img decoding=\"async\" src=\"https:\/\/pfas-exchange.org\/wp-content\/uploads\/2025\/10\/glass-water-droplet-solid-full.svg\" alt=\"\" class=\"wp-image-12569\" style=\"width:52px;height:auto\"\/><\/figure>\n\n\n\n<p><strong>US drinking water quality: exposure risk profiles for seven legacy and emerging contaminants<\/strong>&nbsp;(<strong><a href=\"https:\/\/www.nature.com\/articles\/s41370-023-00597-z\">Link to article<\/a><\/strong>)<\/p>\n<\/div>\n\n\n\n<ul class=\"wp-block-list\">\n<li>Ars\u00eanico, subprodutos de desinfec\u00e7\u00e3o, subst\u00e2ncias relacionadas ao fraturamento hidr\u00e1ulico, chumbo, nitrato, PFAS e ur\u00e2nio s\u00e3o contaminantes antigos e emergentes da \u00e1gua pot\u00e1vel.<\/li>\n\n\n\n<li>Alguns contaminantes da \u00e1gua pot\u00e1vel compartilham temas transversais, como o desgaste da infraestrutura enquanto fonte comum, ou as disparidades no acesso \u00e0 \u00e1gua pot\u00e1vel segura e confi\u00e1vel.<\/li>\n<\/ul>\n\n\n\n<div class=\"wp-block-group is-nowrap is-layout-flex wp-container-core-group-is-layout-ad2f72ca wp-block-group-is-layout-flex\">\n<figure class=\"wp-block-image size-large is-resized\"><img decoding=\"async\" src=\"https:\/\/pfas-exchange.org\/wp-content\/uploads\/2025\/10\/glass-water-droplet-solid-full.svg\" alt=\"\" class=\"wp-image-12569\" style=\"width:55px;height:auto\"\/><\/figure>\n\n\n\n<p><strong>Sociodemographic factors are associated with the abundance of PFAS sources and detection in U.S. community water systems<\/strong>&nbsp;(<strong><a href=\"https:\/\/pubs.acs.org\/doi\/10.1021\/acs.est.2c07255\">Link to article<\/a><\/strong>)<\/p>\n<\/div>\n\n\n\n<ul class=\"wp-block-list\">\n<li>Em uma amostra de mais de 7.000 sistemas de \u00e1gua em 18 estados dos EUA, a detec\u00e7\u00e3o de PFAS est\u00e1 relacionada ao n\u00famero de fontes de PFAS e \u00e0 propor\u00e7\u00e3o de residentes hisp\u00e2nicos\/latinos e negros n\u00e3o hisp\u00e2nicos.<\/li>\n<\/ul>\n\n\n\n<div class=\"wp-block-group is-nowrap is-layout-flex wp-container-core-group-is-layout-ad2f72ca wp-block-group-is-layout-flex\">\n<figure class=\"wp-block-image size-large is-resized\"><img decoding=\"async\" src=\"https:\/\/pfas-exchange.org\/wp-content\/uploads\/2025\/10\/heart-pulse-solid-full.svg\" alt=\"\" class=\"wp-image-12566\" style=\"width:54px;height:auto\"\/><\/figure>\n\n\n\n<p><strong>Self-collection blood test for PFASs: comparing volumetric microsamplers with a traditional serum approach<\/strong>&nbsp;(<strong><a href=\"https:\/\/pubs.acs.org\/doi\/10.1021\/acs.est.2c09852\">Link to article<\/a><\/strong>)<\/p>\n<\/div>\n\n\n\n<ul class=\"wp-block-list\">\n<li>Os resultados das microamostras volum\u00e9tricas \u2014 tamb\u00e9m conhecidas como teste de ponta de dedo para PFAS \u2014 foram correlacionados \u00e0s t\u00e9cnicas padr\u00e3o de medi\u00e7\u00e3o de PFAS no sangue.<\/li>\n\n\n\n<li>Isso sugere que o exame de sangue por picada no dedo para PFAS pode ser um m\u00e9todo promissor para realizar o biomonitoramento de PFAS.&nbsp;<\/li>\n<\/ul>\n\n\n\n<div class=\"wp-block-group is-nowrap is-layout-flex wp-container-core-group-is-layout-ad2f72ca wp-block-group-is-layout-flex\">\n<figure class=\"wp-block-image size-large is-resized\"><img decoding=\"async\" src=\"https:\/\/pfas-exchange.org\/wp-content\/uploads\/2025\/10\/map-location-solid-full.svg\" alt=\"\" class=\"wp-image-12563\" style=\"width:56px;height:auto\"\/><\/figure>\n\n\n\n<p><strong>Presumptive contamination: a new approach to PFAS contamination based on likely sources<\/strong>&nbsp;(<strong><a href=\"https:\/\/pubs.acs.org\/doi\/10.1021\/acs.estlett.2c00502\">Link to article<\/a><\/strong>)<\/p>\n<\/div>\n\n\n\n<ul class=\"wp-block-list\">\n<li>Mesmo sem dados de alta qualidade, a contamina\u00e7\u00e3o por PFAS pode ser presumida pela integra\u00e7\u00e3o de dados geocodificados dispon\u00edveis em \u00e2mbito nacional. <\/li>\n\n\n\n<li>Essa premissa levou \u00e0 cria\u00e7\u00e3o do&nbsp;<a href=\"https:\/\/pfas-exchange.org\/pt-br\/ferramentas\/contamination-map\/\">Mapa Conectando Comunidades<\/a>, que identificou mais de 57 mil locais com suspeita de contamina\u00e7\u00e3o por PFAS.<\/li>\n<\/ul>\n\n\n\n<div class=\"wp-block-group is-nowrap is-layout-flex wp-container-core-group-is-layout-ad2f72ca wp-block-group-is-layout-flex\">\n<figure class=\"wp-block-image size-large is-resized\"><img decoding=\"async\" src=\"https:\/\/pfas-exchange.org\/wp-content\/uploads\/2025\/10\/spray-can-solid-full.svg\" alt=\"\" class=\"wp-image-12560\" style=\"width:59px;height:auto\"\/><\/figure>\n\n\n\n<p><strong>How well do product labels indicate the presence of PFAS in consumer items used by children and adolescents?<\/strong>&nbsp;(<strong><a href=\"https:\/\/pubs.acs.org\/doi\/10.1021\/acs.est.1c05175\">Link to article<\/a><\/strong>)<\/p>\n<\/div>\n\n\n\n<ul class=\"wp-block-list\">\n<li>O fl\u00faor total (uma medida aproximada dos PFAS como classe) foi detectado em 58% dos 93 produtos infantis analisados, variando de 10 a 3660 partes por milh\u00e3o.<\/li>\n\n\n\n<li>Os produtos com r\u00f3tulos resistentes \u00e0 \u00e1gua ou a manchas tiveram detec\u00e7\u00f5es mais frequentes e n\u00edveis mais altos de PFAS do que os produtos sem estes tipos de r\u00f3tulos.&nbsp;<\/li>\n<\/ul>\n\n\n\n<div class=\"wp-block-group is-nowrap is-layout-flex wp-container-core-group-is-layout-ad2f72ca wp-block-group-is-layout-flex\">\n<figure class=\"wp-block-image size-large is-resized\"><img decoding=\"async\" src=\"https:\/\/pfas-exchange.org\/wp-content\/uploads\/2025\/10\/spray-can-solid-full.svg\" alt=\"\" class=\"wp-image-12560\" style=\"width:67px;height:auto\"\/><\/figure>\n\n\n\n<p><strong>Per- and polyfluoroalkyl substances (PFAS) in facemasks: Potential source of human exposure to PFAS with implications for disposal to landfills<\/strong>&nbsp;(<strong><a href=\"https:\/\/pubs.acs.org\/doi\/10.1021\/acs.estlett.2c00019\">Link to article<\/a><\/strong>)<\/p>\n<\/div>\n\n\n\n<ul class=\"wp-block-list\">\n<li>O uso de uma m\u00e1scara cir\u00fargica, N95 ou de tecido por 10 horas por dia n\u00e3o foi associado a um risco \u00e0 sa\u00fade.<\/li>\n\n\n\n<li>O PFAS de m\u00e1scaras faciais \u00e9 respons\u00e1vel por uma fra\u00e7\u00e3o relativamente pequena de PFAS em aterros sanit\u00e1rios e lan\u00e7amento em \u00e1guas residuais.<\/li>\n<\/ul>\n\n\n\n<div class=\"wp-block-group is-nowrap is-layout-flex wp-container-core-group-is-layout-ad2f72ca wp-block-group-is-layout-flex\">\n<figure class=\"wp-block-image size-large is-resized\"><img decoding=\"async\" src=\"https:\/\/pfas-exchange.org\/wp-content\/uploads\/2025\/10\/utensils-solid-full.svg\" alt=\"\" class=\"wp-image-12557\" style=\"width:60px;height:auto\"\/><\/figure>\n\n\n\n<p><strong>Dietary habits related to food packaging and population exposure to PFASs<\/strong>&nbsp;(<strong><a href=\"https:\/\/ehp.niehs.nih.gov\/doi\/10.1289\/EHP4092\">Link to article<\/a><\/strong>)<\/p>\n<\/div>\n\n\n\n<ul class=\"wp-block-list\">\n<li>Comer em casa foi associado a n\u00edveis mais baixos de cinco PFAS, e esse efeito foi mais acentuado em mulheres.<\/li>\n\n\n\n<li>O consumo de refei\u00e7\u00f5es em lanchonetes, pizzarias e outros restaurantes, bem como o consumo de pipoca para micro-ondas, foram geralmente associados a n\u00edveis mais altos de PFAS no sangue.<\/li>\n<\/ul>\n","protected":false},"excerpt":{"rendered":"<p>Cientistas e colaboradores do PFAS-REACH estudam estes produtos qu\u00edmicos t\u00f3xicos a fim de conhecer melhor os efeitos de PFAS em nosso ambiente. Confira nossas publica\u00e7\u00f5es para saber o que j\u00e1 descobrimos sobre como detectar e reduzir a exposi\u00e7\u00e3o das pessoas a PFAS. Sobre o que \u00e9 o estudo? \u00c1gua pot\u00e1vel Sangue Mapa Produtos de consumo [&hellip;]<\/p>\n","protected":false},"author":1,"featured_media":0,"parent":9594,"menu_order":0,"comment_status":"closed","ping_status":"closed","template":"","meta":{"_acf_changed":false,"_monsterinsights_skip_tracking":false,"_monsterinsights_sitenote_active":false,"_monsterinsights_sitenote_note":"","_monsterinsights_sitenote_category":0,"footnotes":""},"class_list":["post-11076","page","type-page","status-publish","hentry"],"acf":[],"_links":{"self":[{"href":"https:\/\/pfas-exchange.org\/pt-br\/wp-json\/wp\/v2\/pages\/11076","targetHints":{"allow":["GET"]}}],"collection":[{"href":"https:\/\/pfas-exchange.org\/pt-br\/wp-json\/wp\/v2\/pages"}],"about":[{"href":"https:\/\/pfas-exchange.org\/pt-br\/wp-json\/wp\/v2\/types\/page"}],"author":[{"embeddable":true,"href":"https:\/\/pfas-exchange.org\/pt-br\/wp-json\/wp\/v2\/users\/1"}],"replies":[{"embeddable":true,"href":"https:\/\/pfas-exchange.org\/pt-br\/wp-json\/wp\/v2\/comments?post=11076"}],"version-history":[{"count":10,"href":"https:\/\/pfas-exchange.org\/pt-br\/wp-json\/wp\/v2\/pages\/11076\/revisions"}],"predecessor-version":[{"id":13286,"href":"https:\/\/pfas-exchange.org\/pt-br\/wp-json\/wp\/v2\/pages\/11076\/revisions\/13286"}],"up":[{"embeddable":true,"href":"https:\/\/pfas-exchange.org\/pt-br\/wp-json\/wp\/v2\/pages\/9594"}],"wp:attachment":[{"href":"https:\/\/pfas-exchange.org\/pt-br\/wp-json\/wp\/v2\/media?parent=11076"}],"curies":[{"name":"wp","href":"https:\/\/api.w.org\/{rel}","templated":true}]}}