{"id":11080,"date":"2025-07-03T13:31:31","date_gmt":"2025-07-03T17:31:31","guid":{"rendered":"https:\/\/live-ssi-pfas.pantheonsite.io\/ferramentastools\/recursos\/"},"modified":"2025-09-23T17:44:11","modified_gmt":"2025-09-23T21:44:11","slug":"recursos","status":"publish","type":"page","link":"https:\/\/pfas-exchange.org\/pt-br\/ferramentas\/recursos\/","title":{"rendered":"Recursos"},"content":{"rendered":"\n<div class=\"wp-block-group hero-cover alignfull is-layout-constrained wp-block-group-is-layout-constrained\"><h1 class=\"wp-block-post-title\">Recursos<\/h1>\n\n\n<p class=\"hero-cover__intro is-style-default\">Abaixo est\u00e3o recursos para ajudar voc\u00ea a tomar decis\u00f5es e proteger sua sa\u00fade.<\/p>\n<\/div>\n","protected":false},"excerpt":{"rendered":"","protected":false},"author":1,"featured_media":9957,"parent":11068,"menu_order":0,"comment_status":"closed","ping_status":"closed","template":"resource-hub-page-template.php","meta":{"_acf_changed":false,"_monsterinsights_skip_tracking":false,"_monsterinsights_sitenote_active":false,"_monsterinsights_sitenote_note":"","_monsterinsights_sitenote_category":0,"footnotes":""},"class_list":["post-11080","page","type-page","status-publish","has-post-thumbnail","hentry"],"acf":[],"_links":{"self":[{"href":"https:\/\/pfas-exchange.org\/pt-br\/wp-json\/wp\/v2\/pages\/11080","targetHints":{"allow":["GET"]}}],"collection":[{"href":"https:\/\/pfas-exchange.org\/pt-br\/wp-json\/wp\/v2\/pages"}],"about":[{"href":"https:\/\/pfas-exchange.org\/pt-br\/wp-json\/wp\/v2\/types\/page"}],"author":[{"embeddable":true,"href":"https:\/\/pfas-exchange.org\/pt-br\/wp-json\/wp\/v2\/users\/1"}],"replies":[{"embeddable":true,"href":"https:\/\/pfas-exchange.org\/pt-br\/wp-json\/wp\/v2\/comments?post=11080"}],"version-history":[{"count":2,"href":"https:\/\/pfas-exchange.org\/pt-br\/wp-json\/wp\/v2\/pages\/11080\/revisions"}],"predecessor-version":[{"id":11959,"href":"https:\/\/pfas-exchange.org\/pt-br\/wp-json\/wp\/v2\/pages\/11080\/revisions\/11959"}],"up":[{"embeddable":true,"href":"https:\/\/pfas-exchange.org\/pt-br\/wp-json\/wp\/v2\/pages\/11068"}],"wp:featuredmedia":[{"embeddable":true,"href":"https:\/\/pfas-exchange.org\/pt-br\/wp-json\/wp\/v2\/media\/9957"}],"wp:attachment":[{"href":"https:\/\/pfas-exchange.org\/pt-br\/wp-json\/wp\/v2\/media?parent=11080"}],"curies":[{"name":"wp","href":"https:\/\/api.w.org\/{rel}","templated":true}]}}