{"id":11119,"date":"2025-05-12T16:49:16","date_gmt":"2025-05-12T20:49:16","guid":{"rendered":"https:\/\/live-ssi-pfas.pantheonsite.io\/responda-a-nossa-pesquisa\/"},"modified":"2025-10-15T09:57:40","modified_gmt":"2025-10-15T13:57:40","slug":"responda-a-nossa-pesquisa","status":"publish","type":"page","link":"https:\/\/pfas-exchange.org\/pt-br\/responda-a-nossa-pesquisa\/","title":{"rendered":"Responda \u00e0 nossa question\u00e1rio"},"content":{"rendered":"\n<h2 class=\"wp-block-heading\">Ajude a melhorar nosso centro de recursos online para apoiar as comunidades afetadas pela contamina\u00e7\u00e3o por PFAS.<\/h2>\n\n\n\n<p><br>Por favor, responda a uma pesquisa curta e an\u00f4nima. Obrigado!<\/p>\n\n\n\n<div class=\"wp-block-buttons is-layout-flex wp-block-buttons-is-layout-flex\">\n<div class=\"wp-block-button\"><a class=\"wp-block-button__link wp-element-button\" href=\"https:\/\/neu.co1.qualtrics.com\/jfe\/form\/SV_8HpEqY0I2mqjGbY\">Ir para a pesquisa<\/a><\/div>\n<\/div>\n","protected":false},"excerpt":{"rendered":"<p>Ajude a melhorar nosso centro de recursos online para apoiar as comunidades afetadas pela contamina\u00e7\u00e3o por PFAS. Por favor, responda a uma pesquisa curta e an\u00f4nima. Obrigado!<\/p>\n","protected":false},"author":1,"featured_media":0,"parent":0,"menu_order":0,"comment_status":"closed","ping_status":"closed","template":"","meta":{"_acf_changed":false,"_monsterinsights_skip_tracking":false,"_monsterinsights_sitenote_active":false,"_monsterinsights_sitenote_note":"","_monsterinsights_sitenote_category":0,"footnotes":""},"class_list":["post-11119","page","type-page","status-publish","hentry"],"acf":[],"_links":{"self":[{"href":"https:\/\/pfas-exchange.org\/pt-br\/wp-json\/wp\/v2\/pages\/11119","targetHints":{"allow":["GET"]}}],"collection":[{"href":"https:\/\/pfas-exchange.org\/pt-br\/wp-json\/wp\/v2\/pages"}],"about":[{"href":"https:\/\/pfas-exchange.org\/pt-br\/wp-json\/wp\/v2\/types\/page"}],"author":[{"embeddable":true,"href":"https:\/\/pfas-exchange.org\/pt-br\/wp-json\/wp\/v2\/users\/1"}],"replies":[{"embeddable":true,"href":"https:\/\/pfas-exchange.org\/pt-br\/wp-json\/wp\/v2\/comments?post=11119"}],"version-history":[{"count":2,"href":"https:\/\/pfas-exchange.org\/pt-br\/wp-json\/wp\/v2\/pages\/11119\/revisions"}],"predecessor-version":[{"id":12697,"href":"https:\/\/pfas-exchange.org\/pt-br\/wp-json\/wp\/v2\/pages\/11119\/revisions\/12697"}],"wp:attachment":[{"href":"https:\/\/pfas-exchange.org\/pt-br\/wp-json\/wp\/v2\/media?parent=11119"}],"curies":[{"name":"wp","href":"https:\/\/api.w.org\/{rel}","templated":true}]}}