{"id":11127,"date":"2025-05-12T16:01:40","date_gmt":"2025-05-12T20:01:40","guid":{"rendered":"https:\/\/live-ssi-pfas.pantheonsite.io\/o-pfas-exchange\/"},"modified":"2025-11-03T13:07:03","modified_gmt":"2025-11-03T18:07:03","slug":"o-pfas-exchange","status":"publish","type":"page","link":"https:\/\/pfas-exchange.org\/pt-br\/","title":{"rendered":"O PFAS Exchange"},"content":{"rendered":"\n<div class=\"wp-block-group hero-cover alignfull is-layout-constrained wp-block-group-is-layout-constrained\"><h1 class=\"wp-block-post-title\">O PFAS Exchange<\/h1>\n\n\n<p class=\"hero-cover__intro is-style-default\">\u00e9 um centro de recursos on-line sobre os contaminantes PFAS na \u00e1gua pot\u00e1vel &#8211; ajudando as comunidades a entender suas <strong>exposi\u00e7\u00f5es<\/strong> e a <strong>tomar medidas<\/strong> para proteger sua sa\u00fade.<\/p>\n<\/div>\n\n\n\n<h2 class=\"wp-block-heading has-text-align-center is-style-section\">Recursos para:<\/h2>\n\n\n\n<div class=\"wp-block-columns alignwide is-layout-flex wp-container-core-columns-is-layout-9d6595d7 wp-block-columns-is-layout-flex\">\n<div class=\"wp-block-column is-layout-flow wp-block-column-is-layout-flow\">\n<div class=\"audience-fact-card \">\n    <div class=\"audience-fact-card__content\">\n                    <h3 class=\"audience-fact-card__heading\">\n                <a href=\"https:\/\/pfas-exchange.org\/pt-br\/comunidades-afetadas-por-pfas\/\">\n                    Comunidades impactadas\n                <\/a>\n            <\/h3>\n        \n        <div class=\"audience-fact-card__body\">\n            <p class=\"audience-fact-card__fact-heading\">Voc\u00ea sabia?<\/p>\n            <p class=\"audience-fact-card__fact\">PFAS foram encontrados no sangue de 99% das pessoas que vivem nos EUA.<\/p>\n            <svg aria-hidden=\"true\" class=\"icon icon--arrow icon--arrow-dims \"><use xlink:href=\"#arrow\"><\/use><\/svg>\n        <\/div>\n    <\/div>\n\n            <img loading=\"lazy\" decoding=\"async\" class=\"audience-fact-card__image\"\n            width=\"590\" height=\"498\"\n            src=\"https:\/\/pfas-exchange.org\/wp-content\/uploads\/2025\/09\/iStock-1654530530-1-e1758322695299-590x498-c-default.jpg\"\n            srcset=\"https:\/\/pfas-exchange.org\/wp-content\/uploads\/2025\/09\/iStock-1654530530-1-e1758322695299-375x315-c-default.jpg 375w,\n                    https:\/\/pfas-exchange.org\/wp-content\/uploads\/2025\/09\/iStock-1654530530-1-e1758322695299-590x498-c-default.jpg 590w,\n                    https:\/\/pfas-exchange.org\/wp-content\/uploads\/2025\/09\/iStock-1654530530-1-e1758322695299-1180x996-c-default.jpg 1180w\"\n            sizes=\"auto, (max-width: 590px) 100vw, 590px\"\n            alt=\"\">\n    \n        <a class=\"audience-fact-card__hidden-link\" href=\"https:\/\/pfas-exchange.org\/pt-br\/comunidades-afetadas-por-pfas\/\" tabindex=\"-1\" aria-hidden=\"true\"><\/a>\n<\/div>\n<\/div>\n\n\n\n<div class=\"wp-block-column is-layout-flow wp-block-column-is-layout-flow\">\n<div class=\"audience-fact-card \">\n    <div class=\"audience-fact-card__content\">\n                    <h3 class=\"audience-fact-card__heading\">\n                <a href=\"https:\/\/pfas-exchange.org\/pt-br\/medicos\/\">\n                    M\u00e9dicos\n                <\/a>\n            <\/h3>\n        \n        <div class=\"audience-fact-card__body\">\n            <p class=\"audience-fact-card__fact-heading\">Voc\u00ea sabia?<\/p>\n            <p class=\"audience-fact-card__fact\">M\u00e9dicos geralmente n\u00e3o recebem treinamento sobre como lidar com as preocupa\u00e7\u00f5es dos pacientes sobre a exposi\u00e7\u00e3o a PFAS.<\/p>\n            <svg aria-hidden=\"true\" class=\"icon icon--arrow icon--arrow-dims \"><use xlink:href=\"#arrow\"><\/use><\/svg>\n        <\/div>\n    <\/div>\n\n            <img loading=\"lazy\" decoding=\"async\" class=\"audience-fact-card__image\"\n            width=\"590\" height=\"498\"\n            src=\"https:\/\/pfas-exchange.org\/wp-content\/uploads\/2025\/10\/iStock-2193889771-590x498-c-default.jpg\"\n            srcset=\"https:\/\/pfas-exchange.org\/wp-content\/uploads\/2025\/10\/iStock-2193889771-375x315-c-default.jpg 375w,\n                    https:\/\/pfas-exchange.org\/wp-content\/uploads\/2025\/10\/iStock-2193889771-590x498-c-default.jpg 590w,\n                    https:\/\/pfas-exchange.org\/wp-content\/uploads\/2025\/10\/iStock-2193889771-1180x996-c-default.jpg 1180w\"\n            sizes=\"auto, (max-width: 590px) 100vw, 590px\"\n            alt=\"\">\n    \n        <a class=\"audience-fact-card__hidden-link\" href=\"https:\/\/pfas-exchange.org\/pt-br\/medicos\/\" tabindex=\"-1\" aria-hidden=\"true\"><\/a>\n<\/div>\n<\/div>\n<\/div>\n\n\n\n<div class=\"wp-block-columns alignwide is-layout-flex wp-container-core-columns-is-layout-9d6595d7 wp-block-columns-is-layout-flex\">\n<div class=\"wp-block-column is-layout-flow wp-block-column-is-layout-flow\">\n<div class=\"audience-fact-card \">\n    <div class=\"audience-fact-card__content\">\n                    <h3 class=\"audience-fact-card__heading\">\n                <a href=\"https:\/\/pfas-exchange.org\/pt-br\/bombeiros\/\">\n                    Bombeiros\n                <\/a>\n            <\/h3>\n        \n        <div class=\"audience-fact-card__body\">\n            <p class=\"audience-fact-card__fact-heading\">Voc\u00ea sabia?<\/p>\n            <p class=\"audience-fact-card__fact\">Bombeiros podem ser expostos a PFAS por meio de espuma de combate a inc\u00eandio e equipamentos de prote\u00e7\u00e3o individual.<\/p>\n            <svg aria-hidden=\"true\" class=\"icon icon--arrow icon--arrow-dims \"><use xlink:href=\"#arrow\"><\/use><\/svg>\n        <\/div>\n    <\/div>\n\n            <img loading=\"lazy\" decoding=\"async\" class=\"audience-fact-card__image\"\n            width=\"590\" height=\"498\"\n            src=\"https:\/\/pfas-exchange.org\/wp-content\/uploads\/2025\/06\/firefighters_fpo-590x498-c-default.jpg\"\n            srcset=\"https:\/\/pfas-exchange.org\/wp-content\/uploads\/2025\/06\/firefighters_fpo-375x315-c-default.jpg 375w,\n                    https:\/\/pfas-exchange.org\/wp-content\/uploads\/2025\/06\/firefighters_fpo-590x498-c-default.jpg 590w,\n                    https:\/\/pfas-exchange.org\/wp-content\/uploads\/2025\/06\/firefighters_fpo-1180x996-c-default.jpg 1180w\"\n            sizes=\"auto, (max-width: 590px) 100vw, 590px\"\n            alt=\"Firefighters hosing down a fire.\">\n    \n        <a class=\"audience-fact-card__hidden-link\" href=\"https:\/\/pfas-exchange.org\/pt-br\/bombeiros\/\" tabindex=\"-1\" aria-hidden=\"true\"><\/a>\n<\/div>\n<\/div>\n\n\n\n<div class=\"wp-block-column is-layout-flow wp-block-column-is-layout-flow\">\n<div class=\"audience-fact-card \">\n    <div class=\"audience-fact-card__content\">\n                    <h3 class=\"audience-fact-card__heading\">\n                <a href=\"https:\/\/pfas-exchange.org\/pt-br\/water-utilities-pt\/\">\n                    Servi\u00e7os de \u00e1gua\n                <\/a>\n            <\/h3>\n        \n        <div class=\"audience-fact-card__body\">\n            <p class=\"audience-fact-card__fact-heading\">Voc\u00ea sabia?<\/p>\n            <p class=\"audience-fact-card__fact\">Estima-se que pelo menos 45% do abastecimento de \u00e1gua pot\u00e1vel dos EUA contenha PFAS.<\/p>\n            <svg aria-hidden=\"true\" class=\"icon icon--arrow icon--arrow-dims \"><use xlink:href=\"#arrow\"><\/use><\/svg>\n        <\/div>\n    <\/div>\n\n            <img loading=\"lazy\" decoding=\"async\" class=\"audience-fact-card__image\"\n            width=\"590\" height=\"498\"\n            src=\"https:\/\/pfas-exchange.org\/wp-content\/uploads\/2025\/10\/iStock-842727238-e1759519716537-590x498-c-default.jpg\"\n            srcset=\"https:\/\/pfas-exchange.org\/wp-content\/uploads\/2025\/10\/iStock-842727238-e1759519716537-375x315-c-default.jpg 375w,\n                    https:\/\/pfas-exchange.org\/wp-content\/uploads\/2025\/10\/iStock-842727238-e1759519716537-590x498-c-default.jpg 590w,\n                    https:\/\/pfas-exchange.org\/wp-content\/uploads\/2025\/10\/iStock-842727238-e1759519716537-1180x996-c-default.jpg 1180w\"\n            sizes=\"auto, (max-width: 590px) 100vw, 590px\"\n            alt=\"\">\n    \n        <a class=\"audience-fact-card__hidden-link\" href=\"https:\/\/pfas-exchange.org\/pt-br\/water-utilities-pt\/\" tabindex=\"-1\" aria-hidden=\"true\"><\/a>\n<\/div>\n<\/div>\n<\/div>\n\n\n\n<div class=\"wp-block-group alignfull is-style-wave has-blue-100-background-color has-background is-layout-constrained wp-block-group-is-layout-constrained\">\n<div class=\"wp-block-cover quiz-cta alignwide\"><img loading=\"lazy\" decoding=\"async\" width=\"1024\" height=\"412\" class=\"wp-block-cover__image-background wp-image-9622 size-large\" alt=\"\" src=\"https:\/\/pfas-exchange.org\/wp-content\/uploads\/2025\/06\/fabric_fpo-1024x412.jpg\" data-object-fit=\"cover\" srcset=\"https:\/\/pfas-exchange.org\/wp-content\/uploads\/2025\/06\/fabric_fpo-1024x412.jpg 1024w, https:\/\/pfas-exchange.org\/wp-content\/uploads\/2025\/06\/fabric_fpo-300x121.jpg 300w, https:\/\/pfas-exchange.org\/wp-content\/uploads\/2025\/06\/fabric_fpo-768x309.jpg 768w, https:\/\/pfas-exchange.org\/wp-content\/uploads\/2025\/06\/fabric_fpo-1536x618.jpg 1536w, https:\/\/pfas-exchange.org\/wp-content\/uploads\/2025\/06\/fabric_fpo-2048x824.jpg 2048w\" sizes=\"auto, (max-width: 1024px) 100vw, 1024px\" \/><span aria-hidden=\"true\" class=\"wp-block-cover__background has-cta-blue-background-color has-background-dim\"><\/span><div class=\"wp-block-cover__inner-container is-layout-flow wp-block-cover-is-layout-flow\">\n<h2 class=\"wp-block-heading\">Teste seus conhecimentos sobre PFAS<\/h2>\n\n\n\n<div class=\"wp-block-buttons is-layout-flex wp-block-buttons-is-layout-flex\">\n<div class=\"wp-block-button\"><a class=\"wp-block-button__link wp-element-button\" href=\"https:\/\/pfas-exchange.org\/what-are-pfas\/pfas-quiz\/\">Responda ao question\u00e1rio<\/a><\/div>\n<\/div>\n<\/div><\/div>\n\n\n\n<h2 class=\"wp-block-heading has-text-align-center is-style-section\">Explore nossas ferramentas<\/h2>\n\n\n\n<div class=\"wp-block-group alignwide vertical-cards is-layout-grid wp-container-core-group-is-layout-6be84c55 wp-block-group-is-layout-grid\">\n<div class=\"wp-block-group vertical-card is-layout-constrained wp-block-group-is-layout-constrained\">\n<figure class=\"wp-block-image size-400x300 size-large vertical-card__image\"><img loading=\"lazy\" decoding=\"async\" width=\"400\" height=\"300\" src=\"https:\/\/pfas-exchange.org\/wp-content\/uploads\/2025\/09\/iStock-85406447_small-400x300.jpg\" alt=\"\" class=\"wp-image-11531\" style=\"aspect-ratio:4\/3;object-fit:cover\"\/><\/figure>\n\n\n\n<h3 class=\"wp-block-heading vertical-card__heading\"><a href=\"https:\/\/pfas-exchange.org\/ferramentas\/exposure-tool\/?lang=pt-br\" data-type=\"page\" data-id=\"9520\">Ferramenta de exposi\u00e7\u00e3o<\/a><\/h3>\n\n\n\n<p class=\"vertical-card__summary\">Voc\u00ea j\u00e1 realizou testes de PFAS na sua \u00e1gua pot\u00e1vel ou no seu sangue? Utilize esta ferramenta para compreender melhor seus resultados.<\/p>\n\n\n\n<svg aria-hidden=\"true\" class=\"vertical-card__icon icon icon--arrow icon--arrow-dims\"><use xlink:href=\"#arrow\"><\/use><\/svg>\n<\/div>\n\n\n\n<div class=\"wp-block-group vertical-card is-layout-constrained wp-block-group-is-layout-constrained\">\n<figure class=\"wp-block-image size-full size-large vertical-card__image\"><img loading=\"lazy\" decoding=\"async\" width=\"1044\" height=\"783\" src=\"https:\/\/pfas-exchange.org\/wp-content\/uploads\/2025\/10\/contamination-map_teaser.png\" alt=\"\" class=\"wp-image-12639\" style=\"aspect-ratio:4\/3;object-fit:cover\" srcset=\"https:\/\/pfas-exchange.org\/wp-content\/uploads\/2025\/10\/contamination-map_teaser.png 1044w, https:\/\/pfas-exchange.org\/wp-content\/uploads\/2025\/10\/contamination-map_teaser-300x225.png 300w, https:\/\/pfas-exchange.org\/wp-content\/uploads\/2025\/10\/contamination-map_teaser-1024x768.png 1024w, https:\/\/pfas-exchange.org\/wp-content\/uploads\/2025\/10\/contamination-map_teaser-768x576.png 768w, https:\/\/pfas-exchange.org\/wp-content\/uploads\/2025\/10\/contamination-map_teaser-400x300.png 400w\" sizes=\"auto, (max-width: 1044px) 100vw, 1044px\" \/><\/figure>\n\n\n\n<h3 class=\"wp-block-heading vertical-card__heading\"><a data-type=\"page\" data-id=\"9520\" href=\"https:\/\/pfas-exchange.org\/ferramentas\/contamination-map\/?lang=pt-br\">Mapa de contamina\u00e7\u00e3o<\/a><\/h3>\n\n\n\n<p class=\"vertical-card__summary\">Encontre fontes de contamina\u00e7\u00e3o da \u00e1gua onde voc\u00ea mora.<\/p>\n\n\n\n<svg aria-hidden=\"true\" class=\"vertical-card__icon icon icon--arrow icon--arrow-dims\"><use xlink:href=\"#arrow\"><\/use><\/svg>\n<\/div>\n\n\n\n<div class=\"wp-block-group vertical-card is-layout-constrained wp-block-group-is-layout-constrained\">\n<figure class=\"wp-block-image size-full size-large vertical-card__image\"><img decoding=\"async\" src=\"https:\/\/pfas-exchange.org\/wp-content\/uploads\/2019\/07\/iStock-1077259686_1000-e1758322606493.jpg\" alt=\"\" class=\"wp-image-9957\" style=\"aspect-ratio:4\/3;object-fit:cover\"\/><\/figure>\n\n\n\n<h3 class=\"wp-block-heading vertical-card__heading\"><a href=\"https:\/\/pfas-exchange.org\/ferramentas\/recursos\/?lang=pt-br\" data-type=\"page\" data-id=\"9520\">Central de recursos<\/a><\/h3>\n\n\n\n<p class=\"vertical-card__summary\">Aprenda sobre PFAS e como se proteger de exposi\u00e7\u00f5es prejudiciais.<\/p>\n\n\n\n<svg aria-hidden=\"true\" class=\"vertical-card__icon icon icon--arrow icon--arrow-dims\"><use xlink:href=\"#arrow\"><\/use><\/svg>\n<\/div>\n\n\n\n<p><\/p>\n<\/div>\n<\/div>\n","protected":false},"excerpt":{"rendered":"<p>Recursos para: Explore nossas ferramentas<\/p>\n","protected":false},"author":1,"featured_media":11453,"parent":0,"menu_order":0,"comment_status":"closed","ping_status":"closed","template":"","meta":{"_acf_changed":false,"_monsterinsights_skip_tracking":false,"_monsterinsights_sitenote_active":false,"_monsterinsights_sitenote_note":"","_monsterinsights_sitenote_category":0,"footnotes":""},"class_list":["post-11127","page","type-page","status-publish","has-post-thumbnail","hentry"],"acf":[],"_links":{"self":[{"href":"https:\/\/pfas-exchange.org\/pt-br\/wp-json\/wp\/v2\/pages\/11127","targetHints":{"allow":["GET"]}}],"collection":[{"href":"https:\/\/pfas-exchange.org\/pt-br\/wp-json\/wp\/v2\/pages"}],"about":[{"href":"https:\/\/pfas-exchange.org\/pt-br\/wp-json\/wp\/v2\/types\/page"}],"author":[{"embeddable":true,"href":"https:\/\/pfas-exchange.org\/pt-br\/wp-json\/wp\/v2\/users\/1"}],"replies":[{"embeddable":true,"href":"https:\/\/pfas-exchange.org\/pt-br\/wp-json\/wp\/v2\/comments?post=11127"}],"version-history":[{"count":15,"href":"https:\/\/pfas-exchange.org\/pt-br\/wp-json\/wp\/v2\/pages\/11127\/revisions"}],"predecessor-version":[{"id":12952,"href":"https:\/\/pfas-exchange.org\/pt-br\/wp-json\/wp\/v2\/pages\/11127\/revisions\/12952"}],"wp:featuredmedia":[{"embeddable":true,"href":"https:\/\/pfas-exchange.org\/pt-br\/wp-json\/wp\/v2\/media\/11453"}],"wp:attachment":[{"href":"https:\/\/pfas-exchange.org\/pt-br\/wp-json\/wp\/v2\/media?parent=11127"}],"curies":[{"name":"wp","href":"https:\/\/api.w.org\/{rel}","templated":true}]}}