{"id":11140,"date":"2025-05-28T14:58:45","date_gmt":"2025-05-28T18:58:45","guid":{"rendered":"https:\/\/live-ssi-pfas.pantheonsite.io\/?page_id=11140"},"modified":"2025-11-24T17:53:52","modified_gmt":"2025-11-24T22:53:52","slug":"medicos","status":"publish","type":"page","link":"https:\/\/pfas-exchange.org\/pt-br\/medicos\/","title":{"rendered":"M\u00e9dicos"},"content":{"rendered":"\n<div class=\"wp-block-group hero-landing alignfull is-layout-flow wp-block-group-is-layout-flow\">\n<div class=\"wp-block-columns alignwide is-layout-flex wp-container-core-columns-is-layout-9d6595d7 wp-block-columns-is-layout-flex\">\n<div class=\"wp-block-column is-layout-flow wp-block-column-is-layout-flow\"><h1 class=\"hero-landing__title wp-block-post-title\">M\u00e9dicos<\/h1>\n\n\n<p class=\"hero-landing__description\"><strong>Como as PFAS est\u00e3o amplamente presentes no ambiente e a exposi\u00e7\u00e3o a elas \u00e9 muito comum, \u00e9 fundamental que os profissionais de sa\u00fade estejam informados. Abaixo est\u00e3o os recursos para orientar voc\u00ea em sua cl\u00ednica.<\/strong><\/p>\n<\/div>\n\n\n\n<div class=\"wp-block-column is-layout-flow wp-block-column-is-layout-flow\">\n<figure class=\"wp-block-image size-large is-style-rounded hero-landing__image\"><img loading=\"lazy\" decoding=\"async\" width=\"1024\" height=\"683\" src=\"https:\/\/pfas-exchange.org\/wp-content\/uploads\/2025\/10\/iStock-2193889771-1024x683.jpg\" alt=\"\" class=\"wp-image-12399\" style=\"aspect-ratio:1;object-fit:cover\" srcset=\"https:\/\/pfas-exchange.org\/wp-content\/uploads\/2025\/10\/iStock-2193889771-1024x683.jpg 1024w, https:\/\/pfas-exchange.org\/wp-content\/uploads\/2025\/10\/iStock-2193889771-300x200.jpg 300w, https:\/\/pfas-exchange.org\/wp-content\/uploads\/2025\/10\/iStock-2193889771-768x512.jpg 768w, https:\/\/pfas-exchange.org\/wp-content\/uploads\/2025\/10\/iStock-2193889771-1536x1024.jpg 1536w, https:\/\/pfas-exchange.org\/wp-content\/uploads\/2025\/10\/iStock-2193889771-2048x1365.jpg 2048w\" sizes=\"auto, (max-width: 1024px) 100vw, 1024px\" \/><\/figure>\n<\/div>\n<\/div>\n<\/div>\n\n\n\n<div class=\"wp-block-columns alignwide is-layout-flex wp-container-core-columns-is-layout-9d6595d7 wp-block-columns-is-layout-flex\">\n<div class=\"wp-block-column is-layout-flow wp-block-column-is-layout-flow\">\n<figure class=\"wp-block-video\"><video height=\"1080\" style=\"aspect-ratio: 1920 \/ 1080;\" width=\"1920\" controls poster=\"https:\/\/pfas-exchange.org\/wp-content\/uploads\/2025\/10\/Rachel-Thumbnail.png\" src=\"https:\/\/pfas-exchange.org\/wp-content\/uploads\/2025\/10\/Rachel-Criswell-Testimonial.mp4\"><\/video><\/figure>\n<\/div>\n\n\n\n<div class=\"wp-block-column is-layout-flow wp-block-column-is-layout-flow\">\n<p>Como m\u00e9dicos, voc\u00eas est\u00e3o na linha de frente quando se trata de lidar com as preocupa\u00e7\u00f5es de sa\u00fade dos pacientes expostos a PFAS e orientar seus cuidados. Os recursos abaixo foram criados para dar aos profissionais de sa\u00fade as ferramentas mais recentes, as evid\u00eancias cient\u00edficas mais atualizadas e as pr\u00e1ticas recomendadas para ambientes cl\u00ednicos.<\/p>\n\n\n\n<p>Desenvolvidos em colabora\u00e7\u00e3o com uma equipe de m\u00e9dicos e especialistas cient\u00edficos, esses materiais oferecem orienta\u00e7\u00e3o sobre monitoramento m\u00e9dico, estrat\u00e9gias de preven\u00e7\u00e3o e comunica\u00e7\u00e3o com o paciente. Voc\u00ea tamb\u00e9m ter\u00e1 acesso a um curso de Educa\u00e7\u00e3o Continuada em Medica\u00e7\u00e3o (CME) sobre PFAS. Seja tratando pacientes, aconselhando fam\u00edlias ou auxiliando na sa\u00fade p\u00fablica, essas ferramentas vieram ajudar voc\u00ea a oferecer cuidados informados e baseados em evid\u00eancias.<\/p>\n<\/div>\n<\/div>\n\n\n\n<h2 class=\"wp-block-heading has-text-align-center is-style-section\">Recursos<\/h2>\n\n\n\n<div class=\"wp-block-query alignwide is-layout-flow wp-block-query-is-layout-flow\"><ul class=\"columns-3 block-link wp-block-post-template is-layout-grid wp-container-core-post-template-is-layout-2f3213d7 wp-block-post-template-is-layout-grid\"><li class=\"wp-block-post post-12264 post type-post status-publish format-standard has-post-thumbnail hentry resource-type-orientacao-medica audience-medicos\">\n<h3 class=\"wp-block-post-title\"><a href=\"https:\/\/pfas-exchange.org\/pt-br\/resource-hub\/medical-screening-guidance-for-clinicians\/\" target=\"_self\" >Orienta\u00e7\u00e3o de triagem M\u00e9dica \u2014 para m\u00e9dicos<\/a><\/h3>\n\n<figure style=\"aspect-ratio:3\/2;\" class=\"wp-block-post-featured-image\"><img loading=\"lazy\" decoding=\"async\" width=\"1024\" height=\"548\" src=\"https:\/\/pfas-exchange.org\/wp-content\/uploads\/2022\/11\/iStock-1456035845-1024x548.jpg\" class=\"attachment-large size-large wp-post-image\" alt=\"\" style=\"width:100%;height:100%;object-fit:cover;\" srcset=\"https:\/\/pfas-exchange.org\/wp-content\/uploads\/2022\/11\/iStock-1456035845-1024x548.jpg 1024w, https:\/\/pfas-exchange.org\/wp-content\/uploads\/2022\/11\/iStock-1456035845-300x161.jpg 300w, https:\/\/pfas-exchange.org\/wp-content\/uploads\/2022\/11\/iStock-1456035845-768x411.jpg 768w, https:\/\/pfas-exchange.org\/wp-content\/uploads\/2022\/11\/iStock-1456035845-1536x823.jpg 1536w, https:\/\/pfas-exchange.org\/wp-content\/uploads\/2022\/11\/iStock-1456035845-2048x1097.jpg 2048w\" sizes=\"auto, (max-width: 1024px) 100vw, 1024px\" \/><\/figure>\n\n<div class=\"taxonomy-resource-type wp-block-post-terms\"><span class=\"wp-block-post-terms__term\">Orienta\u00e7\u00e3o m\u00e9dica<\/span><\/div>\n<\/li><li class=\"wp-block-post post-12260 post type-post status-publish format-standard has-post-thumbnail hentry resource-type-orientacao-medica audience-comunidades-impactadas audience-medicos\">\n<h3 class=\"wp-block-post-title\"><a href=\"https:\/\/pfas-exchange.org\/pt-br\/resource-hub\/medical-screening-guidance-for-people-in-pfas-impacted-communities\/\" target=\"_self\" >Orienta\u00e7\u00e3o de triagem m\u00e9dica \u2014 para pessoas em comunidades afetadas por PFAS<\/a><\/h3>\n\n<figure style=\"aspect-ratio:3\/2;\" class=\"wp-block-post-featured-image\"><img loading=\"lazy\" decoding=\"async\" width=\"600\" height=\"400\" src=\"https:\/\/pfas-exchange.org\/wp-content\/uploads\/2019\/06\/iStock-993441560.jpg\" class=\"attachment-large size-large wp-post-image\" alt=\"\" style=\"width:100%;height:100%;object-fit:cover;\" srcset=\"https:\/\/pfas-exchange.org\/wp-content\/uploads\/2019\/06\/iStock-993441560.jpg 600w, https:\/\/pfas-exchange.org\/wp-content\/uploads\/2019\/06\/iStock-993441560-300x200.jpg 300w\" sizes=\"auto, (max-width: 600px) 100vw, 600px\" \/><\/figure>\n\n<div class=\"taxonomy-resource-type wp-block-post-terms\"><span class=\"wp-block-post-terms__term\">Orienta\u00e7\u00e3o m\u00e9dica<\/span><\/div>\n<\/li><li class=\"wp-block-post post-12290 post type-post status-publish format-standard has-post-thumbnail hentry resource-type-orientacao-medica resource-type-video-pt-br audience-medicos\">\n<h3 class=\"wp-block-post-title\"><a href=\"https:\/\/pfas-exchange.org\/pt-br\/resource-hub\/non-stick-nuisance-medical-monitoring-for-pfas-available-for-cme-credit\/\" target=\"_self\" >Non-stick Nuisance: Monitoramento m\u00e9dico de PFAS<\/a><\/h3>\n\n<figure style=\"aspect-ratio:3\/2;\" class=\"wp-block-post-featured-image\"><img loading=\"lazy\" decoding=\"async\" width=\"1004\" height=\"695\" src=\"https:\/\/pfas-exchange.org\/wp-content\/uploads\/2022\/11\/Nonstick-Nuisance-Youtube-Thumbnail-Photo-Cropped.jpg\" class=\"attachment-large size-large wp-post-image\" alt=\"\" style=\"width:100%;height:100%;object-fit:cover;\" srcset=\"https:\/\/pfas-exchange.org\/wp-content\/uploads\/2022\/11\/Nonstick-Nuisance-Youtube-Thumbnail-Photo-Cropped.jpg 1004w, https:\/\/pfas-exchange.org\/wp-content\/uploads\/2022\/11\/Nonstick-Nuisance-Youtube-Thumbnail-Photo-Cropped-300x208.jpg 300w, https:\/\/pfas-exchange.org\/wp-content\/uploads\/2022\/11\/Nonstick-Nuisance-Youtube-Thumbnail-Photo-Cropped-768x532.jpg 768w\" sizes=\"auto, (max-width: 1004px) 100vw, 1004px\" \/><\/figure>\n\n<div class=\"taxonomy-resource-type wp-block-post-terms\"><span class=\"wp-block-post-terms__term\">Orienta\u00e7\u00e3o m\u00e9dica<\/span><span class=\"wp-block-post-terms__separator\">, <\/span><span class=\"wp-block-post-terms__term\">Video<\/span><\/div>\n<\/li><li class=\"wp-block-post post-11351 post type-post status-publish format-standard has-post-thumbnail hentry resource-type-fichas-de-informacoes audience-comunidades-impactadas audience-medicos audience-bombeiros audience-servicos-de-agua\">\n<h3 class=\"wp-block-post-title\"><a href=\"https:\/\/pfas-exchange.org\/pt-br\/resource-hub\/another-demo-post\/\" target=\"_self\" >Como reduzir sua exposi\u00e7\u00e3o aos PFAS<\/a><\/h3>\n\n<figure style=\"aspect-ratio:3\/2;\" class=\"wp-block-post-featured-image\"><img loading=\"lazy\" decoding=\"async\" width=\"1024\" height=\"767\" src=\"https:\/\/pfas-exchange.org\/wp-content\/uploads\/2021\/06\/iStock-808410244-blue-filter-e1625091045541-1024x767.jpg\" class=\"attachment-large size-large wp-post-image\" alt=\"\" style=\"width:100%;height:100%;object-fit:cover;\" srcset=\"https:\/\/pfas-exchange.org\/wp-content\/uploads\/2021\/06\/iStock-808410244-blue-filter-e1625091045541-1024x767.jpg 1024w, https:\/\/pfas-exchange.org\/wp-content\/uploads\/2021\/06\/iStock-808410244-blue-filter-e1625091045541-300x225.jpg 300w, https:\/\/pfas-exchange.org\/wp-content\/uploads\/2021\/06\/iStock-808410244-blue-filter-e1625091045541-768x576.jpg 768w, https:\/\/pfas-exchange.org\/wp-content\/uploads\/2021\/06\/iStock-808410244-blue-filter-e1625091045541-1536x1151.jpg 1536w, https:\/\/pfas-exchange.org\/wp-content\/uploads\/2021\/06\/iStock-808410244-blue-filter-e1625091045541.jpg 1780w\" sizes=\"auto, (max-width: 1024px) 100vw, 1024px\" \/><\/figure>\n\n<div class=\"taxonomy-resource-type wp-block-post-terms\"><span class=\"wp-block-post-terms__term\">Fichas de informa\u00e7\u00f5es<\/span><\/div>\n<\/li><li class=\"wp-block-post post-12274 post type-post status-publish format-standard has-post-thumbnail hentry resource-type-orientacao-medica audience-comunidades-impactadas audience-medicos audience-bombeiros\">\n<h3 class=\"wp-block-post-title\"><a href=\"https:\/\/pfas-exchange.org\/pt-br\/resource-hub\/blood-testing-labs\/\" target=\"_self\" >Laborat\u00f3rios para exames de sangue<\/a><\/h3>\n\n<figure style=\"aspect-ratio:3\/2;\" class=\"wp-block-post-featured-image\"><img loading=\"lazy\" decoding=\"async\" width=\"1024\" height=\"623\" src=\"https:\/\/pfas-exchange.org\/wp-content\/uploads\/2024\/09\/iStock-1300036735-1-1024x623.jpg\" class=\"attachment-large size-large wp-post-image\" alt=\"\" style=\"width:100%;height:100%;object-fit:cover;\" srcset=\"https:\/\/pfas-exchange.org\/wp-content\/uploads\/2024\/09\/iStock-1300036735-1-1024x623.jpg 1024w, https:\/\/pfas-exchange.org\/wp-content\/uploads\/2024\/09\/iStock-1300036735-1-300x183.jpg 300w, https:\/\/pfas-exchange.org\/wp-content\/uploads\/2024\/09\/iStock-1300036735-1-768x467.jpg 768w, https:\/\/pfas-exchange.org\/wp-content\/uploads\/2024\/09\/iStock-1300036735-1-1536x935.jpg 1536w, https:\/\/pfas-exchange.org\/wp-content\/uploads\/2024\/09\/iStock-1300036735-1-2048x1246.jpg 2048w\" sizes=\"auto, (max-width: 1024px) 100vw, 1024px\" \/><\/figure>\n\n<div class=\"taxonomy-resource-type wp-block-post-terms\"><span class=\"wp-block-post-terms__term\">Orienta\u00e7\u00e3o m\u00e9dica<\/span><\/div>\n<\/li><li class=\"wp-block-post post-11399 post type-post status-publish format-standard has-post-thumbnail hentry resource-type-fichas-de-informacoes audience-comunidades-impactadas audience-medicos audience-bombeiros\">\n<h3 class=\"wp-block-post-title\"><a href=\"https:\/\/pfas-exchange.org\/pt-br\/resource-hub\/pfas-and-the-immune-system-what-do-we-know\/\" target=\"_self\" >PFAS e o sistema imunol\u00f3gico: o que sabemos?\u200b<\/a><\/h3>\n\n<figure style=\"aspect-ratio:3\/2;\" class=\"wp-block-post-featured-image\"><img loading=\"lazy\" decoding=\"async\" width=\"1000\" height=\"666\" src=\"https:\/\/pfas-exchange.org\/wp-content\/uploads\/2019\/07\/iStock-843513560_1000.jpg\" class=\"attachment-large size-large wp-post-image\" alt=\"\" style=\"width:100%;height:100%;object-fit:cover;\" srcset=\"https:\/\/pfas-exchange.org\/wp-content\/uploads\/2019\/07\/iStock-843513560_1000.jpg 1000w, https:\/\/pfas-exchange.org\/wp-content\/uploads\/2019\/07\/iStock-843513560_1000-300x200.jpg 300w, https:\/\/pfas-exchange.org\/wp-content\/uploads\/2019\/07\/iStock-843513560_1000-768x511.jpg 768w\" sizes=\"auto, (max-width: 1000px) 100vw, 1000px\" \/><\/figure>\n\n<div class=\"taxonomy-resource-type wp-block-post-terms\"><span class=\"wp-block-post-terms__term\">Fichas de informa\u00e7\u00f5es<\/span><\/div>\n<\/li><\/ul>\n\n<\/div>\n\n\n\n<div class=\"wp-block-buttons is-content-justification-center is-layout-flex wp-container-core-buttons-is-layout-16018d1d wp-block-buttons-is-layout-flex\">\n<div class=\"wp-block-button\"><a class=\"wp-block-button__link has-text-align-center wp-element-button\" href=\"https:\/\/pfas-exchange.org\/pt-br\/ferramentas\/recursos\/\">Consulte todos os recursos<\/a><\/div>\n<\/div>\n\n\n<div class=\"external-links alignwide\">\n            <h2 class=\"wp-block-heading has-text-align-center is-style-section\">Recursos externos<\/h2>\n    \n    <ul class=\"external-links__list\">\n                    <li class=\"external-links__item block-link\">\n                                    <a href=\"https:\/\/nap.nationalacademies.org\/catalog\/26156\/guidance-on-pfas-exposure-testing-and-clinical-follow-up\" class=\"external-links__link\">\n                        NASEM report on PFAS medical monitoring\n                        <svg aria-hidden=\"true\" class=\"icon icon--arrow icon--arrow-dims \"><use xlink:href=\"#arrow\"><\/use><\/svg>\n                    <\/a>\n                                            <\/li>\n                    <li class=\"external-links__item block-link\">\n                                    <a href=\"http:\/\/www.c-8medicalmonitoringprogram.com\/docs\/med_panel_education_doc.pdf\" class=\"external-links__link\">\n                        C8 Medical Monitoring Program\n                        <svg aria-hidden=\"true\" class=\"icon icon--arrow icon--arrow-dims \"><use xlink:href=\"#arrow\"><\/use><\/svg>\n                    <\/a>\n                                            <\/li>\n                    <li class=\"external-links__item block-link\">\n                                    <a href=\"https:\/\/atsdr.cdc.gov\/pfas\/hcp\/resources\/?CDC_AAref_Val=https:\/\/atsdr.cdc.gov\/pfas\/resources\/info-for-health-professionals.html\" class=\"external-links__link\">\n                        Agency for Toxic Substances and Disease Registry\n                        <svg aria-hidden=\"true\" class=\"icon icon--arrow icon--arrow-dims \"><use xlink:href=\"#arrow\"><\/use><\/svg>\n                    <\/a>\n                                            <\/li>\n                    <li class=\"external-links__item block-link\">\n                                    <a href=\"https:\/\/www.aap.org\/\" class=\"external-links__link\">\n                        American Academy of Pediatrics\n                        <svg aria-hidden=\"true\" class=\"icon icon--arrow icon--arrow-dims \"><use xlink:href=\"#arrow\"><\/use><\/svg>\n                    <\/a>\n                                            <\/li>\n                    <li class=\"external-links__item block-link\">\n                                    <a href=\"http:\/\/pehsu.net\/\" class=\"external-links__link\">\n                        Pediatric Environmental Health Specialty Units\n                        <svg aria-hidden=\"true\" class=\"icon icon--arrow icon--arrow-dims \"><use xlink:href=\"#arrow\"><\/use><\/svg>\n                    <\/a>\n                                            <\/li>\n                    <li class=\"external-links__item block-link\">\n                                    <a href=\"https:\/\/www1.villanova.edu\/university\/nursing\/faculty-and-research\/centers\/macche.html\" class=\"external-links__link\">\n                        Mid-Atlantic Center for Children&#8217;s Health and the Environment\n                        <svg aria-hidden=\"true\" class=\"icon icon--arrow icon--arrow-dims \"><use xlink:href=\"#arrow\"><\/use><\/svg>\n                    <\/a>\n                                            <\/li>\n                    <li class=\"external-links__item block-link\">\n                                    <a href=\"https:\/\/pfas-exchange.org\/wp-content\/uploads\/Medical-Monitoring-for-PFAS-Webinar-RESOURCE-LIST.pdf\" class=\"external-links__link\">\n                        Additional links from Nonstick Nuisance\n                        <svg aria-hidden=\"true\" class=\"icon icon--arrow icon--arrow-dims \"><use xlink:href=\"#arrow\"><\/use><\/svg>\n                    <\/a>\n                                            <\/li>\n                    <li class=\"external-links__item block-link\">\n                                    <a href=\"https:\/\/envirn.org\/resources\/water-quality\/pfas-toolkit\/\" class=\"external-links__link\">\n                        Alliance of Nurses for Healthy Environments PFAS Toolkit\n                        <svg aria-hidden=\"true\" class=\"icon icon--arrow icon--arrow-dims \"><use xlink:href=\"#arrow\"><\/use><\/svg>\n                    <\/a>\n                                            <\/li>\n            <\/ul>\n<\/div>\n\n\n<div class=\"wp-block-group is-style-wave alignfull has-blue-100-background-color has-background is-layout-constrained wp-block-group-is-layout-constrained\">\n<h2 class=\"wp-block-heading has-text-align-center is-style-section\">Explore nossas ferramentas<\/h2>\n\n\n\n<div class=\"wp-block-group alignwide vertical-cards is-layout-grid wp-container-core-group-is-layout-6be84c55 wp-block-group-is-layout-grid\">\n<div class=\"wp-block-group vertical-card is-layout-constrained wp-block-group-is-layout-constrained\">\n<figure class=\"wp-block-image size-400x300 size-large vertical-card__image\"><img loading=\"lazy\" decoding=\"async\" width=\"400\" height=\"300\" src=\"https:\/\/pfas-exchange.org\/wp-content\/uploads\/2025\/09\/iStock-85406447_small-400x300.jpg\" alt=\"\" class=\"wp-image-11531\" style=\"aspect-ratio:4\/3;object-fit:cover\"\/><\/figure>\n\n\n\n<h3 class=\"wp-block-heading vertical-card__heading\"><a href=\"https:\/\/pfas-exchange.org\/ferramentas\/exposure-tool\/?lang=pt-br\" data-type=\"page\" data-id=\"9520\">Ferramenta de exposi\u00e7\u00e3o<\/a><\/h3>\n\n\n\n<p class=\"vertical-card__summary\">Voc\u00ea j\u00e1 realizou testes de PFAS na sua \u00e1gua pot\u00e1vel ou no seu sangue? Utilize esta ferramenta para compreender melhor seus resultados.<\/p>\n\n\n\n<svg aria-hidden=\"true\" class=\"vertical-card__icon icon icon--arrow icon--arrow-dims\"><use xlink:href=\"#arrow\"><\/use><\/svg>\n<\/div>\n\n\n\n<div class=\"wp-block-group vertical-card is-layout-constrained wp-block-group-is-layout-constrained\">\n<figure class=\"wp-block-image size-full size-large vertical-card__image\"><img loading=\"lazy\" decoding=\"async\" width=\"1044\" height=\"783\" src=\"https:\/\/pfas-exchange.org\/wp-content\/uploads\/2025\/10\/contamination-map_teaser.png\" alt=\"\" class=\"wp-image-12639\" style=\"aspect-ratio:4\/3;object-fit:cover\" srcset=\"https:\/\/pfas-exchange.org\/wp-content\/uploads\/2025\/10\/contamination-map_teaser.png 1044w, https:\/\/pfas-exchange.org\/wp-content\/uploads\/2025\/10\/contamination-map_teaser-300x225.png 300w, https:\/\/pfas-exchange.org\/wp-content\/uploads\/2025\/10\/contamination-map_teaser-1024x768.png 1024w, https:\/\/pfas-exchange.org\/wp-content\/uploads\/2025\/10\/contamination-map_teaser-768x576.png 768w, https:\/\/pfas-exchange.org\/wp-content\/uploads\/2025\/10\/contamination-map_teaser-400x300.png 400w\" sizes=\"auto, (max-width: 1044px) 100vw, 1044px\" \/><\/figure>\n\n\n\n<h3 class=\"wp-block-heading vertical-card__heading\"><a data-type=\"page\" data-id=\"9520\" href=\"https:\/\/pfas-exchange.org\/ferramentas\/contamination-map\/?lang=pt-br\">Mapa de contamina\u00e7\u00e3o<\/a><\/h3>\n\n\n\n<p class=\"vertical-card__summary\">Encontre fontes de contamina\u00e7\u00e3o da \u00e1gua onde voc\u00ea mora.<\/p>\n\n\n\n<svg aria-hidden=\"true\" class=\"vertical-card__icon icon icon--arrow icon--arrow-dims\"><use xlink:href=\"#arrow\"><\/use><\/svg>\n<\/div>\n\n\n\n<div class=\"wp-block-group vertical-card is-layout-constrained wp-block-group-is-layout-constrained\">\n<figure class=\"wp-block-image size-full size-large vertical-card__image\"><img decoding=\"async\" src=\"https:\/\/pfas-exchange.org\/wp-content\/uploads\/2019\/07\/iStock-1077259686_1000-e1758322606493.jpg\" alt=\"\" class=\"wp-image-9957\" style=\"aspect-ratio:4\/3;object-fit:cover\"\/><\/figure>\n\n\n\n<h3 class=\"wp-block-heading vertical-card__heading\"><a href=\"https:\/\/pfas-exchange.org\/ferramentas\/recursos\/?lang=pt-br\" data-type=\"page\" data-id=\"9520\">Central de recursos<\/a><\/h3>\n\n\n\n<p class=\"vertical-card__summary\">Aprenda sobre PFAS e como se proteger de exposi\u00e7\u00f5es prejudiciais.<\/p>\n\n\n\n<svg aria-hidden=\"true\" class=\"vertical-card__icon icon icon--arrow icon--arrow-dims\"><use xlink:href=\"#arrow\"><\/use><\/svg>\n<\/div>\n<\/div>\n\n\n\n<div class=\"wp-block-cover quiz-cta alignwide\"><img loading=\"lazy\" decoding=\"async\" width=\"1024\" height=\"412\" class=\"wp-block-cover__image-background wp-image-9622 size-large\" alt=\"\" src=\"https:\/\/pfas-exchange.org\/wp-content\/uploads\/2025\/06\/fabric_fpo-1024x412.jpg\" data-object-fit=\"cover\" srcset=\"https:\/\/pfas-exchange.org\/wp-content\/uploads\/2025\/06\/fabric_fpo-1024x412.jpg 1024w, https:\/\/pfas-exchange.org\/wp-content\/uploads\/2025\/06\/fabric_fpo-300x121.jpg 300w, https:\/\/pfas-exchange.org\/wp-content\/uploads\/2025\/06\/fabric_fpo-768x309.jpg 768w, https:\/\/pfas-exchange.org\/wp-content\/uploads\/2025\/06\/fabric_fpo-1536x618.jpg 1536w, https:\/\/pfas-exchange.org\/wp-content\/uploads\/2025\/06\/fabric_fpo-2048x824.jpg 2048w\" sizes=\"auto, (max-width: 1024px) 100vw, 1024px\" \/><span aria-hidden=\"true\" class=\"wp-block-cover__background has-cta-blue-background-color has-background-dim\"><\/span><div class=\"wp-block-cover__inner-container is-layout-flow wp-block-cover-is-layout-flow\">\n<h2 class=\"wp-block-heading\">Teste seus conhecimentos sobre PFAS<\/h2>\n\n\n\n<div class=\"wp-block-buttons is-layout-flex wp-block-buttons-is-layout-flex\">\n<div class=\"wp-block-button\"><a class=\"wp-block-button__link wp-element-button\" href=\"https:\/\/pfas-exchange.org\/what-are-pfas\/pfas-quiz\/\">Responda ao question\u00e1rio<\/a><\/div>\n<\/div>\n<\/div><\/div>\n<\/div>\n","protected":false},"excerpt":{"rendered":"<p>Como m\u00e9dicos, voc\u00eas est\u00e3o na linha de frente quando se trata de lidar com as preocupa\u00e7\u00f5es de sa\u00fade dos pacientes expostos a PFAS e orientar seus cuidados. Os recursos abaixo foram criados para dar aos profissionais de sa\u00fade as ferramentas mais recentes, as evid\u00eancias cient\u00edficas mais atualizadas e as pr\u00e1ticas recomendadas para ambientes cl\u00ednicos. Desenvolvidos [&hellip;]<\/p>\n","protected":false},"author":1,"featured_media":12399,"parent":0,"menu_order":0,"comment_status":"closed","ping_status":"closed","template":"","meta":{"_acf_changed":false,"_monsterinsights_skip_tracking":false,"_monsterinsights_sitenote_active":false,"_monsterinsights_sitenote_note":"","_monsterinsights_sitenote_category":0,"footnotes":""},"class_list":["post-11140","page","type-page","status-publish","has-post-thumbnail","hentry"],"acf":[],"_links":{"self":[{"href":"https:\/\/pfas-exchange.org\/pt-br\/wp-json\/wp\/v2\/pages\/11140","targetHints":{"allow":["GET"]}}],"collection":[{"href":"https:\/\/pfas-exchange.org\/pt-br\/wp-json\/wp\/v2\/pages"}],"about":[{"href":"https:\/\/pfas-exchange.org\/pt-br\/wp-json\/wp\/v2\/types\/page"}],"author":[{"embeddable":true,"href":"https:\/\/pfas-exchange.org\/pt-br\/wp-json\/wp\/v2\/users\/1"}],"replies":[{"embeddable":true,"href":"https:\/\/pfas-exchange.org\/pt-br\/wp-json\/wp\/v2\/comments?post=11140"}],"version-history":[{"count":22,"href":"https:\/\/pfas-exchange.org\/pt-br\/wp-json\/wp\/v2\/pages\/11140\/revisions"}],"predecessor-version":[{"id":13160,"href":"https:\/\/pfas-exchange.org\/pt-br\/wp-json\/wp\/v2\/pages\/11140\/revisions\/13160"}],"wp:featuredmedia":[{"embeddable":true,"href":"https:\/\/pfas-exchange.org\/pt-br\/wp-json\/wp\/v2\/media\/12399"}],"wp:attachment":[{"href":"https:\/\/pfas-exchange.org\/pt-br\/wp-json\/wp\/v2\/media?parent=11140"}],"curies":[{"name":"wp","href":"https:\/\/api.w.org\/{rel}","templated":true}]}}