{"id":11142,"date":"2025-05-28T15:00:07","date_gmt":"2025-05-28T19:00:07","guid":{"rendered":"https:\/\/live-ssi-pfas.pantheonsite.io\/?page_id=11142"},"modified":"2025-11-24T17:57:37","modified_gmt":"2025-11-24T22:57:37","slug":"bombeiros","status":"publish","type":"page","link":"https:\/\/pfas-exchange.org\/pt-br\/bombeiros\/","title":{"rendered":"Bombeiros"},"content":{"rendered":"\n<div class=\"wp-block-group hero-landing alignfull is-layout-flow wp-block-group-is-layout-flow\">\n<div class=\"wp-block-columns alignwide is-layout-flex wp-container-core-columns-is-layout-9d6595d7 wp-block-columns-is-layout-flex\">\n<div class=\"wp-block-column is-layout-flow wp-block-column-is-layout-flow\"><h1 class=\"hero-landing__title wp-block-post-title\">Bombeiros<\/h1>\n\n\n<p class=\"hero-landing__description\"><strong>O combate a inc\u00eandios pode expor voc\u00ea a PFAS perigosos em seus equipamentos e espumas, aumentando o risco de c\u00e2ncer e outros problemas de sa\u00fade. Esses recursos podem ajudar voc\u00ea a proteger sua sa\u00fade dentro e fora do trabalho.<\/strong><\/p>\n<\/div>\n\n\n\n<div class=\"wp-block-column is-layout-flow wp-block-column-is-layout-flow\">\n<figure class=\"wp-block-image size-large is-style-rounded hero-landing__image\"><img loading=\"lazy\" decoding=\"async\" width=\"1024\" height=\"668\" src=\"https:\/\/pfas-exchange.org\/wp-content\/uploads\/2025\/09\/firefighters_fpo-1024x668.jpg\" alt=\"\" class=\"wp-image-11374\" style=\"aspect-ratio:1;object-fit:cover\"\/><\/figure>\n<\/div>\n<\/div>\n<\/div>\n\n\n\n<div class=\"wp-block-columns alignwide is-layout-flex wp-container-core-columns-is-layout-9d6595d7 wp-block-columns-is-layout-flex\">\n<div class=\"wp-block-column is-layout-flow wp-block-column-is-layout-flow\">\n<figure class=\"wp-block-video\"><video height=\"1080\" style=\"aspect-ratio: 1920 \/ 1080;\" width=\"1920\" controls poster=\"https:\/\/pfas-exchange.org\/wp-content\/uploads\/2025\/10\/Nate-Thumbnail.png\" src=\"https:\/\/pfas-exchange.org\/wp-content\/uploads\/2025\/10\/Nate-Barber-Testimonial.mp4\"><\/video><\/figure>\n<\/div>\n\n\n\n<div class=\"wp-block-column is-layout-flow wp-block-column-is-layout-flow\">\n<p>Est\u00e1 bem documentado que os bombeiros enfrentam taxas de c\u00e2ncer significativamente mais elevadas do que a popula\u00e7\u00e3o em geral \u2014 frequentemente associadas \u00e0 exposi\u00e7\u00e3o a produtos qu\u00edmicos t\u00f3xicos no trabalho, especialmente PFAS. A espuma formadora de pel\u00edcula aquosa (AFFF) e os equipamentos de prote\u00e7\u00e3o s\u00e3o as principais fontes de PFAS, mas esses qu\u00edmicos tamb\u00e9m s\u00e3o amplamente utilizados em produtos de consumo e podem ser liberados no ar quando itens dom\u00e9sticos s\u00e3o queimados.<\/p>\n\n\n\n<p>Esta p\u00e1gina detalha as principais fontes de exposi\u00e7\u00e3o a PFAS e oferece solu\u00e7\u00f5es pr\u00e1ticas para reduzir seus riscos \u2014 por meio de pr\u00e1ticas mais saud\u00e1veis no local de trabalho e mudan\u00e7as nas pol\u00edticas para melhorar a seguran\u00e7a dos trabalhadores. Entender os perigos que voc\u00ea enfrenta \u00e9 o primeiro passo para proteger voc\u00ea, sua equipe e a pr\u00f3xima gera\u00e7\u00e3o de bombeiros.<\/p>\n<\/div>\n<\/div>\n\n\n\n<h2 class=\"wp-block-heading has-text-align-center is-style-section\">Recursos<\/h2>\n\n\n\n<div class=\"wp-block-query alignwide is-layout-flow wp-block-query-is-layout-flow\"><ul class=\"columns-3 block-link wp-block-post-template is-layout-grid wp-container-core-post-template-is-layout-2f3213d7 wp-block-post-template-is-layout-grid\"><li class=\"wp-block-post post-11534 post type-post status-publish format-standard has-post-thumbnail hentry resource-type-fichas-de-informacoes audience-comunidades-impactadas audience-bombeiros audience-servicos-de-agua\">\n<h3 class=\"wp-block-post-title\"><a href=\"https:\/\/pfas-exchange.org\/pt-br\/resource-hub\/pfas-e-agua-potavel-o-que-voce-deve-saber\/\" target=\"_self\" >PFAS e \u00e1gua pot\u00e1vel: o que voc\u00ea deve saber<\/a><\/h3>\n\n<figure style=\"aspect-ratio:3\/2;\" class=\"wp-block-post-featured-image\"><img loading=\"lazy\" decoding=\"async\" width=\"1000\" height=\"666\" src=\"https:\/\/pfas-exchange.org\/wp-content\/uploads\/2019\/07\/iStock-492275723_1000.jpg\" class=\"attachment-large size-large wp-post-image\" alt=\"\" style=\"width:100%;height:100%;object-fit:cover;\" srcset=\"https:\/\/pfas-exchange.org\/wp-content\/uploads\/2019\/07\/iStock-492275723_1000.jpg 1000w, https:\/\/pfas-exchange.org\/wp-content\/uploads\/2019\/07\/iStock-492275723_1000-300x200.jpg 300w, https:\/\/pfas-exchange.org\/wp-content\/uploads\/2019\/07\/iStock-492275723_1000-768x511.jpg 768w\" sizes=\"auto, (max-width: 1000px) 100vw, 1000px\" \/><\/figure>\n\n<div class=\"taxonomy-resource-type wp-block-post-terms\"><span class=\"wp-block-post-terms__term\">Fichas de informa\u00e7\u00f5es<\/span><\/div>\n<\/li><li class=\"wp-block-post post-11351 post type-post status-publish format-standard has-post-thumbnail hentry resource-type-fichas-de-informacoes audience-comunidades-impactadas audience-medicos audience-bombeiros audience-servicos-de-agua\">\n<h3 class=\"wp-block-post-title\"><a href=\"https:\/\/pfas-exchange.org\/pt-br\/resource-hub\/another-demo-post\/\" target=\"_self\" >Como reduzir sua exposi\u00e7\u00e3o aos PFAS<\/a><\/h3>\n\n<figure style=\"aspect-ratio:3\/2;\" class=\"wp-block-post-featured-image\"><img loading=\"lazy\" decoding=\"async\" width=\"1024\" height=\"767\" src=\"https:\/\/pfas-exchange.org\/wp-content\/uploads\/2021\/06\/iStock-808410244-blue-filter-e1625091045541-1024x767.jpg\" class=\"attachment-large size-large wp-post-image\" alt=\"\" style=\"width:100%;height:100%;object-fit:cover;\" srcset=\"https:\/\/pfas-exchange.org\/wp-content\/uploads\/2021\/06\/iStock-808410244-blue-filter-e1625091045541-1024x767.jpg 1024w, https:\/\/pfas-exchange.org\/wp-content\/uploads\/2021\/06\/iStock-808410244-blue-filter-e1625091045541-300x225.jpg 300w, https:\/\/pfas-exchange.org\/wp-content\/uploads\/2021\/06\/iStock-808410244-blue-filter-e1625091045541-768x576.jpg 768w, https:\/\/pfas-exchange.org\/wp-content\/uploads\/2021\/06\/iStock-808410244-blue-filter-e1625091045541-1536x1151.jpg 1536w, https:\/\/pfas-exchange.org\/wp-content\/uploads\/2021\/06\/iStock-808410244-blue-filter-e1625091045541.jpg 1780w\" sizes=\"auto, (max-width: 1024px) 100vw, 1024px\" \/><\/figure>\n\n<div class=\"taxonomy-resource-type wp-block-post-terms\"><span class=\"wp-block-post-terms__term\">Fichas de informa\u00e7\u00f5es<\/span><\/div>\n<\/li><li class=\"wp-block-post post-12274 post type-post status-publish format-standard has-post-thumbnail hentry resource-type-orientacao-medica audience-comunidades-impactadas audience-medicos audience-bombeiros\">\n<h3 class=\"wp-block-post-title\"><a href=\"https:\/\/pfas-exchange.org\/pt-br\/resource-hub\/blood-testing-labs\/\" target=\"_self\" >Laborat\u00f3rios para exames de sangue<\/a><\/h3>\n\n<figure style=\"aspect-ratio:3\/2;\" class=\"wp-block-post-featured-image\"><img loading=\"lazy\" decoding=\"async\" width=\"1024\" height=\"623\" src=\"https:\/\/pfas-exchange.org\/wp-content\/uploads\/2024\/09\/iStock-1300036735-1-1024x623.jpg\" class=\"attachment-large size-large wp-post-image\" alt=\"\" style=\"width:100%;height:100%;object-fit:cover;\" srcset=\"https:\/\/pfas-exchange.org\/wp-content\/uploads\/2024\/09\/iStock-1300036735-1-1024x623.jpg 1024w, https:\/\/pfas-exchange.org\/wp-content\/uploads\/2024\/09\/iStock-1300036735-1-300x183.jpg 300w, https:\/\/pfas-exchange.org\/wp-content\/uploads\/2024\/09\/iStock-1300036735-1-768x467.jpg 768w, https:\/\/pfas-exchange.org\/wp-content\/uploads\/2024\/09\/iStock-1300036735-1-1536x935.jpg 1536w, https:\/\/pfas-exchange.org\/wp-content\/uploads\/2024\/09\/iStock-1300036735-1-2048x1246.jpg 2048w\" sizes=\"auto, (max-width: 1024px) 100vw, 1024px\" \/><\/figure>\n\n<div class=\"taxonomy-resource-type wp-block-post-terms\"><span class=\"wp-block-post-terms__term\">Orienta\u00e7\u00e3o m\u00e9dica<\/span><\/div>\n<\/li><li class=\"wp-block-post post-12281 post type-post status-publish format-standard has-post-thumbnail hentry resource-type-fichas-de-informacoes audience-bombeiros\">\n<h3 class=\"wp-block-post-title\"><a href=\"https:\/\/pfas-exchange.org\/pt-br\/resource-hub\/firefighting-foams-toward-pfas-free-alternatives\/\" target=\"_self\" >Espumas de combate a inc\u00eandio: Rumo a alternativas livres de PFAS<\/a><\/h3>\n\n<figure style=\"aspect-ratio:3\/2;\" class=\"wp-block-post-featured-image\"><img loading=\"lazy\" decoding=\"async\" width=\"1\" height=\"1\" src=\"https:\/\/pfas-exchange.org\/wp-content\/uploads\/2025\/09\/iStock-175719184.jpg\" class=\"attachment-large size-large wp-post-image\" alt=\"\" style=\"width:100%;height:100%;object-fit:cover;\" \/><\/figure>\n\n<div class=\"taxonomy-resource-type wp-block-post-terms\"><span class=\"wp-block-post-terms__term\">Fichas de informa\u00e7\u00f5es<\/span><\/div>\n<\/li><li class=\"wp-block-post post-12277 post type-post status-publish format-standard has-post-thumbnail hentry resource-type-fichas-de-informacoes audience-bombeiros\">\n<h3 class=\"wp-block-post-title\"><a href=\"https:\/\/pfas-exchange.org\/pt-br\/resource-hub\/pfas-and-firefighters-a-short-overview\/\" target=\"_self\" >PFAS e bombeiros: Um breve resumo<\/a><\/h3>\n\n<figure style=\"aspect-ratio:3\/2;\" class=\"wp-block-post-featured-image\"><img loading=\"lazy\" decoding=\"async\" width=\"1024\" height=\"768\" src=\"https:\/\/pfas-exchange.org\/wp-content\/uploads\/2025\/09\/12-1024x768.png\" class=\"attachment-large size-large wp-post-image\" alt=\"\" style=\"width:100%;height:100%;object-fit:cover;\" srcset=\"https:\/\/pfas-exchange.org\/wp-content\/uploads\/2025\/09\/12-1024x768.png 1024w, https:\/\/pfas-exchange.org\/wp-content\/uploads\/2025\/09\/12-300x225.png 300w, https:\/\/pfas-exchange.org\/wp-content\/uploads\/2025\/09\/12-768x576.png 768w, https:\/\/pfas-exchange.org\/wp-content\/uploads\/2025\/09\/12-400x300.png 400w, https:\/\/pfas-exchange.org\/wp-content\/uploads\/2025\/09\/12.png 1200w\" sizes=\"auto, (max-width: 1024px) 100vw, 1024px\" \/><\/figure>\n\n<div class=\"taxonomy-resource-type wp-block-post-terms\"><span class=\"wp-block-post-terms__term\">Fichas de informa\u00e7\u00f5es<\/span><\/div>\n<\/li><li class=\"wp-block-post post-11399 post type-post status-publish format-standard has-post-thumbnail hentry resource-type-fichas-de-informacoes audience-comunidades-impactadas audience-medicos audience-bombeiros\">\n<h3 class=\"wp-block-post-title\"><a href=\"https:\/\/pfas-exchange.org\/pt-br\/resource-hub\/pfas-and-the-immune-system-what-do-we-know\/\" target=\"_self\" >PFAS e o sistema imunol\u00f3gico: o que sabemos?\u200b<\/a><\/h3>\n\n<figure style=\"aspect-ratio:3\/2;\" class=\"wp-block-post-featured-image\"><img loading=\"lazy\" decoding=\"async\" width=\"1000\" height=\"666\" src=\"https:\/\/pfas-exchange.org\/wp-content\/uploads\/2019\/07\/iStock-843513560_1000.jpg\" class=\"attachment-large size-large wp-post-image\" alt=\"\" style=\"width:100%;height:100%;object-fit:cover;\" srcset=\"https:\/\/pfas-exchange.org\/wp-content\/uploads\/2019\/07\/iStock-843513560_1000.jpg 1000w, https:\/\/pfas-exchange.org\/wp-content\/uploads\/2019\/07\/iStock-843513560_1000-300x200.jpg 300w, https:\/\/pfas-exchange.org\/wp-content\/uploads\/2019\/07\/iStock-843513560_1000-768x511.jpg 768w\" sizes=\"auto, (max-width: 1000px) 100vw, 1000px\" \/><\/figure>\n\n<div class=\"taxonomy-resource-type wp-block-post-terms\"><span class=\"wp-block-post-terms__term\">Fichas de informa\u00e7\u00f5es<\/span><\/div>\n<\/li><\/ul>\n\n<\/div>\n\n\n\n<div class=\"wp-block-buttons is-content-justification-center is-layout-flex wp-container-core-buttons-is-layout-16018d1d wp-block-buttons-is-layout-flex\">\n<div class=\"wp-block-button\"><a class=\"wp-block-button__link has-text-align-center wp-element-button\" href=\"https:\/\/pfas-exchange.org\/pt-br\/ferramentas\/recursos\/\">Consulte todos os recursos<\/a><\/div>\n<\/div>\n\n\n<div class=\"external-links alignwide\">\n            <h2 class=\"wp-block-heading has-text-align-center is-style-section\">Recursos externos<\/h2>\n    \n    <ul class=\"external-links__list\">\n                    <li class=\"external-links__item block-link\">\n                                    <a href=\"https:\/\/www.iafc.org\/topics-and-tools\/resources\/resource\/pfas\" class=\"external-links__link\">\n                        International Fire Chiefs Association\n                        <svg aria-hidden=\"true\" class=\"icon icon--arrow icon--arrow-dims \"><use xlink:href=\"#arrow\"><\/use><\/svg>\n                    <\/a>\n                                            <\/li>\n                    <li class=\"external-links__item block-link\">\n                                    <a href=\"https:\/\/www.pfasfreeppe.com\/\" class=\"external-links__link\">\n                        PFAS-free PPE\n                        <svg aria-hidden=\"true\" class=\"icon icon--arrow icon--arrow-dims \"><use xlink:href=\"#arrow\"><\/use><\/svg>\n                    <\/a>\n                                            <\/li>\n                    <li class=\"external-links__item block-link\">\n                                    <a href=\"https:\/\/www.yourturnoutgearandpfoa.com\/\" class=\"external-links__link\">\n                        Your Turnout Gear and PFOA\n                        <svg aria-hidden=\"true\" class=\"icon icon--arrow icon--arrow-dims \"><use xlink:href=\"#arrow\"><\/use><\/svg>\n                    <\/a>\n                                            <\/li>\n                    <li class=\"external-links__item block-link\">\n                                    <a href=\"https:\/\/womenfirefighterstudy.com\/\" class=\"external-links__link\">\n                        Women Firefighters Biomonitoring Collective\n                        <svg aria-hidden=\"true\" class=\"icon icon--arrow icon--arrow-dims \"><use xlink:href=\"#arrow\"><\/use><\/svg>\n                    <\/a>\n                                            <\/li>\n            <\/ul>\n<\/div>\n\n\n<div class=\"wp-block-group is-style-wave alignfull has-blue-100-background-color has-background is-layout-constrained wp-block-group-is-layout-constrained\">\n<h2 class=\"wp-block-heading has-text-align-center is-style-section\">Explore nossas ferramentas<\/h2>\n\n\n\n<div class=\"wp-block-group alignwide vertical-cards is-layout-grid wp-container-core-group-is-layout-6be84c55 wp-block-group-is-layout-grid\">\n<div class=\"wp-block-group vertical-card is-layout-constrained wp-block-group-is-layout-constrained\">\n<figure class=\"wp-block-image size-400x300 size-large vertical-card__image\"><img loading=\"lazy\" decoding=\"async\" width=\"400\" height=\"300\" src=\"https:\/\/pfas-exchange.org\/wp-content\/uploads\/2025\/09\/iStock-85406447_small-400x300.jpg\" alt=\"\" class=\"wp-image-11531\" style=\"aspect-ratio:4\/3;object-fit:cover\"\/><\/figure>\n\n\n\n<h3 class=\"wp-block-heading vertical-card__heading\"><a href=\"https:\/\/pfas-exchange.org\/ferramentas\/exposure-tool\/?lang=pt-br\" data-type=\"page\" data-id=\"9520\">Ferramenta de exposi\u00e7\u00e3o<\/a><\/h3>\n\n\n\n<p class=\"vertical-card__summary\">Voc\u00ea j\u00e1 realizou testes de PFAS na sua \u00e1gua pot\u00e1vel ou no seu sangue? Utilize esta ferramenta para compreender melhor seus resultados.<\/p>\n\n\n\n<svg aria-hidden=\"true\" class=\"vertical-card__icon icon icon--arrow icon--arrow-dims\"><use xlink:href=\"#arrow\"><\/use><\/svg>\n<\/div>\n\n\n\n<div class=\"wp-block-group vertical-card is-layout-constrained wp-block-group-is-layout-constrained\">\n<figure class=\"wp-block-image size-full size-large vertical-card__image\"><img loading=\"lazy\" decoding=\"async\" width=\"1044\" height=\"783\" src=\"https:\/\/pfas-exchange.org\/wp-content\/uploads\/2025\/10\/contamination-map_teaser.png\" alt=\"\" class=\"wp-image-12639\" style=\"aspect-ratio:4\/3;object-fit:cover\" srcset=\"https:\/\/pfas-exchange.org\/wp-content\/uploads\/2025\/10\/contamination-map_teaser.png 1044w, https:\/\/pfas-exchange.org\/wp-content\/uploads\/2025\/10\/contamination-map_teaser-300x225.png 300w, https:\/\/pfas-exchange.org\/wp-content\/uploads\/2025\/10\/contamination-map_teaser-1024x768.png 1024w, https:\/\/pfas-exchange.org\/wp-content\/uploads\/2025\/10\/contamination-map_teaser-768x576.png 768w, https:\/\/pfas-exchange.org\/wp-content\/uploads\/2025\/10\/contamination-map_teaser-400x300.png 400w\" sizes=\"auto, (max-width: 1044px) 100vw, 1044px\" \/><\/figure>\n\n\n\n<h3 class=\"wp-block-heading vertical-card__heading\"><a data-type=\"page\" data-id=\"9520\" href=\"https:\/\/pfas-exchange.org\/ferramentas\/contamination-map\/?lang=pt-br\">Mapa de contamina\u00e7\u00e3o<\/a><\/h3>\n\n\n\n<p class=\"vertical-card__summary\">Encontre fontes de contamina\u00e7\u00e3o da \u00e1gua onde voc\u00ea mora.<\/p>\n\n\n\n<svg aria-hidden=\"true\" class=\"vertical-card__icon icon icon--arrow icon--arrow-dims\"><use xlink:href=\"#arrow\"><\/use><\/svg>\n<\/div>\n\n\n\n<div class=\"wp-block-group vertical-card is-layout-constrained wp-block-group-is-layout-constrained\">\n<figure class=\"wp-block-image size-full size-large vertical-card__image\"><img decoding=\"async\" src=\"https:\/\/pfas-exchange.org\/wp-content\/uploads\/2019\/07\/iStock-1077259686_1000-e1758322606493.jpg\" alt=\"\" class=\"wp-image-9957\" style=\"aspect-ratio:4\/3;object-fit:cover\"\/><\/figure>\n\n\n\n<h3 class=\"wp-block-heading vertical-card__heading\"><a href=\"https:\/\/pfas-exchange.org\/ferramentas\/recursos\/?lang=pt-br\" data-type=\"page\" data-id=\"9520\">Central de recursos<\/a><\/h3>\n\n\n\n<p class=\"vertical-card__summary\">Aprenda sobre PFAS e como se proteger de exposi\u00e7\u00f5es prejudiciais.<\/p>\n\n\n\n<svg aria-hidden=\"true\" class=\"vertical-card__icon icon icon--arrow icon--arrow-dims\"><use xlink:href=\"#arrow\"><\/use><\/svg>\n<\/div>\n<\/div>\n\n\n\n<div class=\"wp-block-cover quiz-cta alignwide\"><img loading=\"lazy\" decoding=\"async\" width=\"1024\" height=\"412\" class=\"wp-block-cover__image-background wp-image-9622 size-large\" alt=\"\" src=\"https:\/\/pfas-exchange.org\/wp-content\/uploads\/2025\/06\/fabric_fpo-1024x412.jpg\" data-object-fit=\"cover\" srcset=\"https:\/\/pfas-exchange.org\/wp-content\/uploads\/2025\/06\/fabric_fpo-1024x412.jpg 1024w, https:\/\/pfas-exchange.org\/wp-content\/uploads\/2025\/06\/fabric_fpo-300x121.jpg 300w, https:\/\/pfas-exchange.org\/wp-content\/uploads\/2025\/06\/fabric_fpo-768x309.jpg 768w, https:\/\/pfas-exchange.org\/wp-content\/uploads\/2025\/06\/fabric_fpo-1536x618.jpg 1536w, https:\/\/pfas-exchange.org\/wp-content\/uploads\/2025\/06\/fabric_fpo-2048x824.jpg 2048w\" sizes=\"auto, (max-width: 1024px) 100vw, 1024px\" \/><span aria-hidden=\"true\" class=\"wp-block-cover__background has-cta-blue-background-color has-background-dim\"><\/span><div class=\"wp-block-cover__inner-container is-layout-flow wp-block-cover-is-layout-flow\">\n<h2 class=\"wp-block-heading\">Teste seus conhecimentos sobre PFAS<\/h2>\n\n\n\n<div class=\"wp-block-buttons is-layout-flex wp-block-buttons-is-layout-flex\">\n<div class=\"wp-block-button\"><a class=\"wp-block-button__link wp-element-button\" href=\"https:\/\/pfas-exchange.org\/what-are-pfas\/pfas-quiz\/\">Responda ao question\u00e1rio<\/a><\/div>\n<\/div>\n<\/div><\/div>\n<\/div>\n","protected":false},"excerpt":{"rendered":"<p>Est\u00e1 bem documentado que os bombeiros enfrentam taxas de c\u00e2ncer significativamente mais elevadas do que a popula\u00e7\u00e3o em geral \u2014 frequentemente associadas \u00e0 exposi\u00e7\u00e3o a produtos qu\u00edmicos t\u00f3xicos no trabalho, especialmente PFAS. A espuma formadora de pel\u00edcula aquosa (AFFF) e os equipamentos de prote\u00e7\u00e3o s\u00e3o as principais fontes de PFAS, mas esses qu\u00edmicos tamb\u00e9m s\u00e3o [&hellip;]<\/p>\n","protected":false},"author":1,"featured_media":9692,"parent":0,"menu_order":0,"comment_status":"closed","ping_status":"closed","template":"","meta":{"_acf_changed":false,"_monsterinsights_skip_tracking":false,"_monsterinsights_sitenote_active":false,"_monsterinsights_sitenote_note":"","_monsterinsights_sitenote_category":0,"footnotes":""},"class_list":["post-11142","page","type-page","status-publish","has-post-thumbnail","hentry"],"acf":[],"_links":{"self":[{"href":"https:\/\/pfas-exchange.org\/pt-br\/wp-json\/wp\/v2\/pages\/11142","targetHints":{"allow":["GET"]}}],"collection":[{"href":"https:\/\/pfas-exchange.org\/pt-br\/wp-json\/wp\/v2\/pages"}],"about":[{"href":"https:\/\/pfas-exchange.org\/pt-br\/wp-json\/wp\/v2\/types\/page"}],"author":[{"embeddable":true,"href":"https:\/\/pfas-exchange.org\/pt-br\/wp-json\/wp\/v2\/users\/1"}],"replies":[{"embeddable":true,"href":"https:\/\/pfas-exchange.org\/pt-br\/wp-json\/wp\/v2\/comments?post=11142"}],"version-history":[{"count":13,"href":"https:\/\/pfas-exchange.org\/pt-br\/wp-json\/wp\/v2\/pages\/11142\/revisions"}],"predecessor-version":[{"id":13162,"href":"https:\/\/pfas-exchange.org\/pt-br\/wp-json\/wp\/v2\/pages\/11142\/revisions\/13162"}],"wp:featuredmedia":[{"embeddable":true,"href":"https:\/\/pfas-exchange.org\/pt-br\/wp-json\/wp\/v2\/media\/9692"}],"wp:attachment":[{"href":"https:\/\/pfas-exchange.org\/pt-br\/wp-json\/wp\/v2\/media?parent=11142"}],"curies":[{"name":"wp","href":"https:\/\/api.w.org\/{rel}","templated":true}]}}