{"id":11148,"date":"2025-05-28T14:59:18","date_gmt":"2025-05-28T18:59:18","guid":{"rendered":"https:\/\/live-ssi-pfas.pantheonsite.io\/?page_id=11148"},"modified":"2025-10-30T11:24:44","modified_gmt":"2025-10-30T15:24:44","slug":"comunidades-afetadas-por-pfas","status":"publish","type":"page","link":"https:\/\/pfas-exchange.org\/pt-br\/comunidades-afetadas-por-pfas\/","title":{"rendered":"Comunidades impactadas"},"content":{"rendered":"\n<div class=\"wp-block-group hero-landing alignfull is-layout-flow wp-block-group-is-layout-flow\">\n<div class=\"wp-block-columns alignwide is-layout-flex wp-container-core-columns-is-layout-9d6595d7 wp-block-columns-is-layout-flex\">\n<div class=\"wp-block-column is-layout-flow wp-block-column-is-layout-flow\"><h1 class=\"hero-landing__title wp-block-post-title\">Comunidades impactadas<\/h1>\n\n\n<p class=\"hero-landing__description\"><strong>Seu guia sobre PFAS: tudo o que voc\u00ea precisa saber sobre exposi\u00e7\u00f5es, riscos \u00e0 sa\u00fade e solu\u00e7\u00f5es para proteger a sua comunidade.<\/strong><\/p>\n<\/div>\n\n\n\n<div class=\"wp-block-column is-layout-flow wp-block-column-is-layout-flow\">\n<figure class=\"wp-block-image size-large is-style-rounded hero-landing__image\"><img loading=\"lazy\" decoding=\"async\" width=\"1024\" height=\"786\" src=\"https:\/\/pfas-exchange.org\/wp-content\/uploads\/2025\/09\/iStock-1654530530-e1758038669667-1024x786.jpg\" alt=\"Mother and her toddler filling a glass with filtered water right from the tap\" class=\"wp-image-11308\" style=\"aspect-ratio:1;object-fit:cover\" srcset=\"https:\/\/pfas-exchange.org\/wp-content\/uploads\/2025\/09\/iStock-1654530530-e1758038669667-1024x786.jpg 1024w, https:\/\/pfas-exchange.org\/wp-content\/uploads\/2025\/09\/iStock-1654530530-e1758038669667-300x230.jpg 300w, https:\/\/pfas-exchange.org\/wp-content\/uploads\/2025\/09\/iStock-1654530530-e1758038669667-768x590.jpg 768w, https:\/\/pfas-exchange.org\/wp-content\/uploads\/2025\/09\/iStock-1654530530-e1758038669667-1536x1179.jpg 1536w, https:\/\/pfas-exchange.org\/wp-content\/uploads\/2025\/09\/iStock-1654530530-e1758038669667.jpg 1842w\" sizes=\"auto, (max-width: 1024px) 100vw, 1024px\" \/><\/figure>\n<\/div>\n<\/div>\n<\/div>\n\n\n\n<div class=\"wp-block-columns alignwide is-layout-flex wp-container-core-columns-is-layout-9d6595d7 wp-block-columns-is-layout-flex\">\n<div class=\"wp-block-column is-layout-flow wp-block-column-is-layout-flow\">\n<figure class=\"wp-block-video\"><video height=\"1080\" style=\"aspect-ratio: 1920 \/ 1080;\" width=\"1920\" controls poster=\"https:\/\/pfas-exchange.org\/wp-content\/uploads\/2025\/10\/Andrea-Thumbnail.png\" src=\"https:\/\/pfas-exchange.org\/wp-content\/uploads\/2025\/10\/Andrea-Amico-Testimonial.mp4\"><\/video><\/figure>\n<\/div>\n\n\n\n<div class=\"wp-block-column is-layout-flow wp-block-column-is-layout-flow\">\n<p>Milh\u00f5es de pessoas nos EUA s\u00e3o expostas a PFAS atrav\u00e9s da \u00e1gua que bebem. Esses \u201cprodutos qu\u00edmicos eternos\u201d entram nos nossos rios, c\u00f3rregos e \u00e1guas subterr\u00e2neas a partir de fontes como \u00e1reas de treinamento de combate a inc\u00eandios, f\u00e1bricas, aterros sanit\u00e1rios e esta\u00e7\u00f5es de tratamento de \u00e1guas residuais.<\/p>\n\n\n\n<p>Aqui, voc\u00ea encontrar\u00e1 informa\u00e7\u00f5es sobre como PFAS pode afetar sua sa\u00fade e como limitar sua exposi\u00e7\u00e3o \u2014 desde o uso de filtros de \u00e1gua at\u00e9 evitar produtos que contenham PFAS. Voc\u00ea tamb\u00e9m encontrar\u00e1 orienta\u00e7\u00f5es sobre como conversar com seus m\u00e9dicos sobre PFAS, folhetos informativos que detalham pol\u00edticas complexas, e maneiras de se conectar com grupos de defesa locais e nacionais. Baixe esses recursos, compartilhe com seus amigos e vizinhos e tome medidas para um futuro mais saud\u00e1vel para todos.<\/p>\n<\/div>\n<\/div>\n\n\n\n<h2 class=\"wp-block-heading has-text-align-center is-style-section\">Recursos<\/h2>\n\n\n\n<div class=\"wp-block-query alignwide is-layout-flow wp-block-query-is-layout-flow\"><ul class=\"columns-3 block-link wp-block-post-template is-layout-grid wp-container-core-post-template-is-layout-2f3213d7 wp-block-post-template-is-layout-grid\"><li class=\"wp-block-post post-11534 post type-post status-publish format-standard has-post-thumbnail hentry resource-type-fichas-de-informacoes audience-comunidades-impactadas audience-bombeiros audience-servicos-de-agua\">\n<h3 class=\"wp-block-post-title\"><a href=\"https:\/\/pfas-exchange.org\/pt-br\/resource-hub\/pfas-e-agua-potavel-o-que-voce-deve-saber\/\" target=\"_self\" >PFAS e \u00e1gua pot\u00e1vel: o que voc\u00ea deve saber<\/a><\/h3>\n\n<figure style=\"aspect-ratio:3\/2;\" class=\"wp-block-post-featured-image\"><img loading=\"lazy\" decoding=\"async\" width=\"1000\" height=\"666\" src=\"https:\/\/pfas-exchange.org\/wp-content\/uploads\/2019\/07\/iStock-492275723_1000.jpg\" class=\"attachment-large size-large wp-post-image\" alt=\"\" style=\"width:100%;height:100%;object-fit:cover;\" srcset=\"https:\/\/pfas-exchange.org\/wp-content\/uploads\/2019\/07\/iStock-492275723_1000.jpg 1000w, https:\/\/pfas-exchange.org\/wp-content\/uploads\/2019\/07\/iStock-492275723_1000-300x200.jpg 300w, https:\/\/pfas-exchange.org\/wp-content\/uploads\/2019\/07\/iStock-492275723_1000-768x511.jpg 768w\" sizes=\"auto, (max-width: 1000px) 100vw, 1000px\" \/><\/figure>\n\n<div class=\"taxonomy-resource-type wp-block-post-terms\"><span class=\"wp-block-post-terms__term\">Fichas de informa\u00e7\u00f5es<\/span><\/div>\n<\/li><li class=\"wp-block-post post-12260 post type-post status-publish format-standard has-post-thumbnail hentry resource-type-orientacao-medica audience-comunidades-impactadas audience-medicos\">\n<h3 class=\"wp-block-post-title\"><a href=\"https:\/\/pfas-exchange.org\/pt-br\/resource-hub\/medical-screening-guidance-for-people-in-pfas-impacted-communities\/\" target=\"_self\" >Orienta\u00e7\u00e3o de triagem m\u00e9dica \u2014 para pessoas em comunidades afetadas por PFAS<\/a><\/h3>\n\n<figure style=\"aspect-ratio:3\/2;\" class=\"wp-block-post-featured-image\"><img loading=\"lazy\" decoding=\"async\" width=\"600\" height=\"400\" src=\"https:\/\/pfas-exchange.org\/wp-content\/uploads\/2019\/06\/iStock-993441560.jpg\" class=\"attachment-large size-large wp-post-image\" alt=\"\" style=\"width:100%;height:100%;object-fit:cover;\" srcset=\"https:\/\/pfas-exchange.org\/wp-content\/uploads\/2019\/06\/iStock-993441560.jpg 600w, https:\/\/pfas-exchange.org\/wp-content\/uploads\/2019\/06\/iStock-993441560-300x200.jpg 300w\" sizes=\"auto, (max-width: 600px) 100vw, 600px\" \/><\/figure>\n\n<div class=\"taxonomy-resource-type wp-block-post-terms\"><span class=\"wp-block-post-terms__term\">Orienta\u00e7\u00e3o m\u00e9dica<\/span><\/div>\n<\/li><li class=\"wp-block-post post-11351 post type-post status-publish format-standard has-post-thumbnail hentry resource-type-fichas-de-informacoes audience-comunidades-impactadas audience-medicos audience-bombeiros audience-servicos-de-agua\">\n<h3 class=\"wp-block-post-title\"><a href=\"https:\/\/pfas-exchange.org\/pt-br\/resource-hub\/another-demo-post\/\" target=\"_self\" >Como reduzir sua exposi\u00e7\u00e3o aos PFAS<\/a><\/h3>\n\n<figure style=\"aspect-ratio:3\/2;\" class=\"wp-block-post-featured-image\"><img loading=\"lazy\" decoding=\"async\" width=\"1024\" height=\"767\" src=\"https:\/\/pfas-exchange.org\/wp-content\/uploads\/2021\/06\/iStock-808410244-blue-filter-e1625091045541-1024x767.jpg\" class=\"attachment-large size-large wp-post-image\" alt=\"\" style=\"width:100%;height:100%;object-fit:cover;\" srcset=\"https:\/\/pfas-exchange.org\/wp-content\/uploads\/2021\/06\/iStock-808410244-blue-filter-e1625091045541-1024x767.jpg 1024w, https:\/\/pfas-exchange.org\/wp-content\/uploads\/2021\/06\/iStock-808410244-blue-filter-e1625091045541-300x225.jpg 300w, https:\/\/pfas-exchange.org\/wp-content\/uploads\/2021\/06\/iStock-808410244-blue-filter-e1625091045541-768x576.jpg 768w, https:\/\/pfas-exchange.org\/wp-content\/uploads\/2021\/06\/iStock-808410244-blue-filter-e1625091045541-1536x1151.jpg 1536w, https:\/\/pfas-exchange.org\/wp-content\/uploads\/2021\/06\/iStock-808410244-blue-filter-e1625091045541.jpg 1780w\" sizes=\"auto, (max-width: 1024px) 100vw, 1024px\" \/><\/figure>\n\n<div class=\"taxonomy-resource-type wp-block-post-terms\"><span class=\"wp-block-post-terms__term\">Fichas de informa\u00e7\u00f5es<\/span><\/div>\n<\/li><li class=\"wp-block-post post-12256 post type-post status-publish format-standard has-post-thumbnail hentry resource-type-infografico resource-type-video-pt-br audience-comunidades-impactadas audience-servicos-de-agua\">\n<h3 class=\"wp-block-post-title\"><a href=\"https:\/\/pfas-exchange.org\/pt-br\/resource-hub\/u-s-pfas-drinking-water-standards\/\" target=\"_self\" >Par\u00e2metros para PFAS em \u00e1gua pot\u00e1vel nos EUA<\/a><\/h3>\n\n<figure style=\"aspect-ratio:3\/2;\" class=\"wp-block-post-featured-image\"><img loading=\"lazy\" decoding=\"async\" width=\"1000\" height=\"667\" src=\"https:\/\/pfas-exchange.org\/wp-content\/uploads\/2019\/07\/iStock-855532396_1000.jpg\" class=\"attachment-large size-large wp-post-image\" alt=\"\" style=\"width:100%;height:100%;object-fit:cover;\" srcset=\"https:\/\/pfas-exchange.org\/wp-content\/uploads\/2019\/07\/iStock-855532396_1000.jpg 1000w, https:\/\/pfas-exchange.org\/wp-content\/uploads\/2019\/07\/iStock-855532396_1000-300x200.jpg 300w, https:\/\/pfas-exchange.org\/wp-content\/uploads\/2019\/07\/iStock-855532396_1000-768x512.jpg 768w\" sizes=\"auto, (max-width: 1000px) 100vw, 1000px\" \/><\/figure>\n\n<div class=\"taxonomy-resource-type wp-block-post-terms\"><span class=\"wp-block-post-terms__term\">Infogr\u00e1fico<\/span><span class=\"wp-block-post-terms__separator\">, <\/span><span class=\"wp-block-post-terms__term\">Video<\/span><\/div>\n<\/li><li class=\"wp-block-post post-12246 post type-post status-publish format-standard has-post-thumbnail hentry resource-type-fichas-de-informacoes audience-comunidades-impactadas audience-servicos-de-agua\">\n<h3 class=\"wp-block-post-title\"><a href=\"https:\/\/pfas-exchange.org\/pt-br\/resource-hub\/pfas-a-word-about-drinking-water-guidelines\/\" target=\"_self\" >PFAS: Um papo sobre a regulamenta\u00e7\u00e3o da \u00e1gua pot\u00e1vel<\/a><\/h3>\n\n<figure style=\"aspect-ratio:3\/2;\" class=\"wp-block-post-featured-image\"><img loading=\"lazy\" decoding=\"async\" width=\"1\" height=\"1\" src=\"https:\/\/pfas-exchange.org\/wp-content\/uploads\/2025\/07\/drinking-water-guidelines_updated-04.1.25-e1743798482184-scaled.png\" class=\"attachment-large size-large wp-post-image\" alt=\"\" style=\"width:100%;height:100%;object-fit:cover;\" \/><\/figure>\n\n<div class=\"taxonomy-resource-type wp-block-post-terms\"><span class=\"wp-block-post-terms__term\">Fichas de informa\u00e7\u00f5es<\/span><\/div>\n<\/li><li class=\"wp-block-post post-12274 post type-post status-publish format-standard has-post-thumbnail hentry resource-type-orientacao-medica audience-comunidades-impactadas audience-medicos audience-bombeiros\">\n<h3 class=\"wp-block-post-title\"><a href=\"https:\/\/pfas-exchange.org\/pt-br\/resource-hub\/blood-testing-labs\/\" target=\"_self\" >Laborat\u00f3rios para exames de sangue<\/a><\/h3>\n\n<figure style=\"aspect-ratio:3\/2;\" class=\"wp-block-post-featured-image\"><img loading=\"lazy\" decoding=\"async\" width=\"1024\" height=\"623\" src=\"https:\/\/pfas-exchange.org\/wp-content\/uploads\/2024\/09\/iStock-1300036735-1-1024x623.jpg\" class=\"attachment-large size-large wp-post-image\" alt=\"\" style=\"width:100%;height:100%;object-fit:cover;\" srcset=\"https:\/\/pfas-exchange.org\/wp-content\/uploads\/2024\/09\/iStock-1300036735-1-1024x623.jpg 1024w, https:\/\/pfas-exchange.org\/wp-content\/uploads\/2024\/09\/iStock-1300036735-1-300x183.jpg 300w, https:\/\/pfas-exchange.org\/wp-content\/uploads\/2024\/09\/iStock-1300036735-1-768x467.jpg 768w, https:\/\/pfas-exchange.org\/wp-content\/uploads\/2024\/09\/iStock-1300036735-1-1536x935.jpg 1536w, https:\/\/pfas-exchange.org\/wp-content\/uploads\/2024\/09\/iStock-1300036735-1-2048x1246.jpg 2048w\" sizes=\"auto, (max-width: 1024px) 100vw, 1024px\" \/><\/figure>\n\n<div class=\"taxonomy-resource-type wp-block-post-terms\"><span class=\"wp-block-post-terms__term\">Orienta\u00e7\u00e3o m\u00e9dica<\/span><\/div>\n<\/li><\/ul>\n\n<\/div>\n\n\n\n<div class=\"wp-block-buttons is-content-justification-center is-layout-flex wp-container-core-buttons-is-layout-16018d1d wp-block-buttons-is-layout-flex\">\n<div class=\"wp-block-button\"><a class=\"wp-block-button__link has-text-align-center wp-element-button\" href=\"https:\/\/pfas-exchange.org\/pt-br\/ferramentas\/recursos\/\">Consulte todos os recursos<\/a><\/div>\n<\/div>\n\n\n<div class=\"external-links alignwide\">\n            <h2 class=\"wp-block-heading has-text-align-center is-style-section\">Recursos externos<\/h2>\n    \n    <ul class=\"external-links__list\">\n                    <li class=\"external-links__item block-link\">\n                                    <a href=\"https:\/\/pfascentral.org\/pfas-free-products\/\" class=\"external-links__link\">\n                        PFAS Central\n                        <svg aria-hidden=\"true\" class=\"icon icon--arrow icon--arrow-dims \"><use xlink:href=\"#arrow\"><\/use><\/svg>\n                    <\/a>\n                                            <\/li>\n                    <li class=\"external-links__item block-link\">\n                                    <a href=\"https:\/\/www.bu.edu\/sph\/files\/2021\/10\/hsg_ch1_intro_1-26-16.pdf\" class=\"external-links__link\">\n                        Community Health Studies Guidebook\n                        <svg aria-hidden=\"true\" class=\"icon icon--arrow icon--arrow-dims \"><use xlink:href=\"#arrow\"><\/use><\/svg>\n                    <\/a>\n                                            <\/li>\n                    <li class=\"external-links__item block-link\">\n                                    <a href=\"https:\/\/www.atsdr.cdc.gov\/pfas\/blood-testing\/estimating-blood-levels.html?CDC_AAref_Val=https:\/\/www.atsdr.cdc.gov\/pfas\/resources\/estimating-pfas-blood.html\" class=\"external-links__link\">\n                        PFAS Blood Level Estimation Tool\n                        <svg aria-hidden=\"true\" class=\"icon icon--arrow icon--arrow-dims \"><use xlink:href=\"#arrow\"><\/use><\/svg>\n                    <\/a>\n                                            <\/li>\n                    <li class=\"external-links__item block-link\">\n                                    <a href=\"https:\/\/echo.epa.gov\/trends\/pfas-tools\" class=\"external-links__link\">\n                        PFAS Analytic Tools\n                        <svg aria-hidden=\"true\" class=\"icon icon--arrow icon--arrow-dims \"><use xlink:href=\"#arrow\"><\/use><\/svg>\n                    <\/a>\n                                            <\/li>\n            <\/ul>\n<\/div>\n\n\n<div class=\"wp-block-group is-style-wave alignfull has-blue-100-background-color has-background is-layout-constrained wp-block-group-is-layout-constrained\">\n<h2 class=\"wp-block-heading has-text-align-center is-style-section\">Explore nossas ferramentas<\/h2>\n\n\n\n<div class=\"wp-block-group alignwide vertical-cards is-layout-grid wp-container-core-group-is-layout-6be84c55 wp-block-group-is-layout-grid\">\n<div class=\"wp-block-group vertical-card is-layout-constrained wp-block-group-is-layout-constrained\">\n<figure class=\"wp-block-image size-400x300 size-large vertical-card__image\"><img loading=\"lazy\" decoding=\"async\" width=\"400\" height=\"300\" src=\"https:\/\/pfas-exchange.org\/wp-content\/uploads\/2025\/09\/iStock-85406447_small-400x300.jpg\" alt=\"\" class=\"wp-image-11531\" style=\"aspect-ratio:4\/3;object-fit:cover\"\/><\/figure>\n\n\n\n<h3 class=\"wp-block-heading vertical-card__heading\"><a href=\"https:\/\/pfas-exchange.org\/ferramentas\/exposure-tool\/?lang=pt-br\" data-type=\"page\" data-id=\"9520\">Ferramenta de exposi\u00e7\u00e3o<\/a><\/h3>\n\n\n\n<p class=\"vertical-card__summary\">Voc\u00ea j\u00e1 realizou testes de PFAS na sua \u00e1gua pot\u00e1vel ou no seu sangue? Utilize esta ferramenta para compreender melhor seus resultados.<\/p>\n\n\n\n<svg aria-hidden=\"true\" class=\"vertical-card__icon icon icon--arrow icon--arrow-dims\"><use xlink:href=\"#arrow\"><\/use><\/svg>\n<\/div>\n\n\n\n<div class=\"wp-block-group vertical-card is-layout-constrained wp-block-group-is-layout-constrained\">\n<figure class=\"wp-block-image size-full size-large vertical-card__image\"><img loading=\"lazy\" decoding=\"async\" width=\"1044\" height=\"783\" src=\"https:\/\/pfas-exchange.org\/wp-content\/uploads\/2025\/10\/contamination-map_teaser.png\" alt=\"\" class=\"wp-image-12639\" style=\"aspect-ratio:4\/3;object-fit:cover\" srcset=\"https:\/\/pfas-exchange.org\/wp-content\/uploads\/2025\/10\/contamination-map_teaser.png 1044w, https:\/\/pfas-exchange.org\/wp-content\/uploads\/2025\/10\/contamination-map_teaser-300x225.png 300w, https:\/\/pfas-exchange.org\/wp-content\/uploads\/2025\/10\/contamination-map_teaser-1024x768.png 1024w, https:\/\/pfas-exchange.org\/wp-content\/uploads\/2025\/10\/contamination-map_teaser-768x576.png 768w, https:\/\/pfas-exchange.org\/wp-content\/uploads\/2025\/10\/contamination-map_teaser-400x300.png 400w\" sizes=\"auto, (max-width: 1044px) 100vw, 1044px\" \/><\/figure>\n\n\n\n<h3 class=\"wp-block-heading vertical-card__heading\"><a data-type=\"page\" data-id=\"9520\" href=\"https:\/\/pfas-exchange.org\/ferramentas\/contamination-map\/?lang=pt-br\">Mapa de contamina\u00e7\u00e3o<\/a><\/h3>\n\n\n\n<p class=\"vertical-card__summary\">Encontre fontes de contamina\u00e7\u00e3o da \u00e1gua onde voc\u00ea mora.<\/p>\n\n\n\n<svg aria-hidden=\"true\" class=\"vertical-card__icon icon icon--arrow icon--arrow-dims\"><use xlink:href=\"#arrow\"><\/use><\/svg>\n<\/div>\n\n\n\n<div class=\"wp-block-group vertical-card is-layout-constrained wp-block-group-is-layout-constrained\">\n<figure class=\"wp-block-image size-full size-large vertical-card__image\"><img decoding=\"async\" src=\"https:\/\/pfas-exchange.org\/wp-content\/uploads\/2019\/07\/iStock-1077259686_1000-e1758322606493.jpg\" alt=\"\" class=\"wp-image-9957\" style=\"aspect-ratio:4\/3;object-fit:cover\"\/><\/figure>\n\n\n\n<h3 class=\"wp-block-heading vertical-card__heading\"><a href=\"https:\/\/pfas-exchange.org\/ferramentas\/recursos\/?lang=pt-br\" data-type=\"page\" data-id=\"9520\">Central de recursos<\/a><\/h3>\n\n\n\n<p class=\"vertical-card__summary\">Aprenda sobre PFAS e como se proteger de exposi\u00e7\u00f5es prejudiciais.<\/p>\n\n\n\n<svg aria-hidden=\"true\" class=\"vertical-card__icon icon icon--arrow icon--arrow-dims\"><use xlink:href=\"#arrow\"><\/use><\/svg>\n<\/div>\n<\/div>\n\n\n\n<div class=\"wp-block-cover quiz-cta alignwide\"><img loading=\"lazy\" decoding=\"async\" width=\"1024\" height=\"412\" class=\"wp-block-cover__image-background wp-image-9622 size-large\" alt=\"\" src=\"https:\/\/pfas-exchange.org\/wp-content\/uploads\/2025\/06\/fabric_fpo-1024x412.jpg\" data-object-fit=\"cover\" srcset=\"https:\/\/pfas-exchange.org\/wp-content\/uploads\/2025\/06\/fabric_fpo-1024x412.jpg 1024w, https:\/\/pfas-exchange.org\/wp-content\/uploads\/2025\/06\/fabric_fpo-300x121.jpg 300w, https:\/\/pfas-exchange.org\/wp-content\/uploads\/2025\/06\/fabric_fpo-768x309.jpg 768w, https:\/\/pfas-exchange.org\/wp-content\/uploads\/2025\/06\/fabric_fpo-1536x618.jpg 1536w, https:\/\/pfas-exchange.org\/wp-content\/uploads\/2025\/06\/fabric_fpo-2048x824.jpg 2048w\" sizes=\"auto, (max-width: 1024px) 100vw, 1024px\" \/><span aria-hidden=\"true\" class=\"wp-block-cover__background has-cta-blue-background-color has-background-dim\"><\/span><div class=\"wp-block-cover__inner-container is-layout-flow wp-block-cover-is-layout-flow\">\n<h2 class=\"wp-block-heading\">Teste seus conhecimentos sobre PFAS<\/h2>\n\n\n\n<div class=\"wp-block-buttons is-layout-flex wp-block-buttons-is-layout-flex\">\n<div class=\"wp-block-button\"><a class=\"wp-block-button__link wp-element-button\" href=\"https:\/\/pfas-exchange.org\/what-are-pfas\/pfas-quiz\/\">Responda ao question\u00e1rio<\/a><\/div>\n<\/div>\n<\/div><\/div>\n<\/div>\n","protected":false},"excerpt":{"rendered":"<p>Milh\u00f5es de pessoas nos EUA s\u00e3o expostas a PFAS atrav\u00e9s da \u00e1gua que bebem. Esses \u201cprodutos qu\u00edmicos eternos\u201d entram nos nossos rios, c\u00f3rregos e \u00e1guas subterr\u00e2neas a partir de fontes como \u00e1reas de treinamento de combate a inc\u00eandios, f\u00e1bricas, aterros sanit\u00e1rios e esta\u00e7\u00f5es de tratamento de \u00e1guas residuais. Aqui, voc\u00ea encontrar\u00e1 informa\u00e7\u00f5es sobre como PFAS [&hellip;]<\/p>\n","protected":false},"author":1,"featured_media":11453,"parent":0,"menu_order":0,"comment_status":"closed","ping_status":"closed","template":"","meta":{"_acf_changed":false,"_monsterinsights_skip_tracking":false,"_monsterinsights_sitenote_active":false,"_monsterinsights_sitenote_note":"","_monsterinsights_sitenote_category":0,"footnotes":""},"class_list":["post-11148","page","type-page","status-publish","has-post-thumbnail","hentry"],"acf":[],"_links":{"self":[{"href":"https:\/\/pfas-exchange.org\/pt-br\/wp-json\/wp\/v2\/pages\/11148","targetHints":{"allow":["GET"]}}],"collection":[{"href":"https:\/\/pfas-exchange.org\/pt-br\/wp-json\/wp\/v2\/pages"}],"about":[{"href":"https:\/\/pfas-exchange.org\/pt-br\/wp-json\/wp\/v2\/types\/page"}],"author":[{"embeddable":true,"href":"https:\/\/pfas-exchange.org\/pt-br\/wp-json\/wp\/v2\/users\/1"}],"replies":[{"embeddable":true,"href":"https:\/\/pfas-exchange.org\/pt-br\/wp-json\/wp\/v2\/comments?post=11148"}],"version-history":[{"count":17,"href":"https:\/\/pfas-exchange.org\/pt-br\/wp-json\/wp\/v2\/pages\/11148\/revisions"}],"predecessor-version":[{"id":12839,"href":"https:\/\/pfas-exchange.org\/pt-br\/wp-json\/wp\/v2\/pages\/11148\/revisions\/12839"}],"wp:featuredmedia":[{"embeddable":true,"href":"https:\/\/pfas-exchange.org\/pt-br\/wp-json\/wp\/v2\/media\/11453"}],"wp:attachment":[{"href":"https:\/\/pfas-exchange.org\/pt-br\/wp-json\/wp\/v2\/media?parent=11148"}],"curies":[{"name":"wp","href":"https:\/\/api.w.org\/{rel}","templated":true}]}}