{"id":11499,"date":"2025-05-12T16:04:59","date_gmt":"2025-05-12T20:04:59","guid":{"rendered":"https:\/\/live-ssi-pfas.pantheonsite.io\/exposure-tool\/"},"modified":"2025-11-07T13:21:17","modified_gmt":"2025-11-07T18:21:17","slug":"exposure-tool","status":"publish","type":"page","link":"https:\/\/pfas-exchange.org\/pt-br\/ferramentas\/exposure-tool\/","title":{"rendered":"Ferramenta de exposi\u00e7\u00e3o"},"content":{"rendered":"\n<h2 class=\"wp-block-heading\">Voc\u00ea j\u00e1 realizou testes de PFAS na sua \u00e1gua pot\u00e1vel ou no seu sangue? Precisa de ajuda para interpretar os resultados?&nbsp;<\/h2>\n\n\n\n<div class=\"wp-block-media-text has-media-on-the-right is-stacked-on-mobile\" style=\"grid-template-columns:auto 45%\"><div class=\"wp-block-media-text__content\">\n<p>Use&nbsp;<em>Qual \u00e9 a minha exposi\u00e7\u00e3o<\/em>&nbsp;para entender melhor o que seus resultados significam. Nossa ferramenta online criar\u00e1 um relat\u00f3rio personalizado que mostrar\u00e1 como seus n\u00edveis se comparam \u00e0s diretrizes de sa\u00fade estaduais e federais, al\u00e9m de fornecer informa\u00e7\u00f5es sobre os efeitos \u00e0 sa\u00fade e compartilhar dicas para reduzir sua exposi\u00e7\u00e3o.<\/p>\n\n\n\n<div class=\"wp-block-buttons is-layout-flex wp-block-buttons-is-layout-flex\">\n<div class=\"wp-block-button\"><a class=\"wp-block-button__link wp-element-button\" href=\"https:\/\/reportback.org\/pfas-exchange\/report\/start\">Comece j\u00e1!<\/a><\/div>\n<\/div>\n<\/div><figure class=\"wp-block-media-text__media\"><img decoding=\"async\" src=\"https:\/\/pfas-exchange.org\/wp-content\/uploads\/2025\/09\/iStock-85406447_small-e1758569983761.jpg\" alt=\"\" class=\"wp-image-11531 size-full\"\/><\/figure><\/div>\n\n\n\n<p><\/p>\n","protected":false},"excerpt":{"rendered":"<p>Voc\u00ea j\u00e1 realizou testes de PFAS na sua \u00e1gua pot\u00e1vel ou no seu sangue? Precisa de ajuda para interpretar os resultados?&nbsp;<\/p>\n","protected":false},"author":1,"featured_media":11531,"parent":11068,"menu_order":0,"comment_status":"closed","ping_status":"closed","template":"","meta":{"_acf_changed":false,"_monsterinsights_skip_tracking":false,"_monsterinsights_sitenote_active":false,"_monsterinsights_sitenote_note":"","_monsterinsights_sitenote_category":0,"footnotes":""},"class_list":["post-11499","page","type-page","status-publish","has-post-thumbnail","hentry"],"acf":[],"_links":{"self":[{"href":"https:\/\/pfas-exchange.org\/pt-br\/wp-json\/wp\/v2\/pages\/11499","targetHints":{"allow":["GET"]}}],"collection":[{"href":"https:\/\/pfas-exchange.org\/pt-br\/wp-json\/wp\/v2\/pages"}],"about":[{"href":"https:\/\/pfas-exchange.org\/pt-br\/wp-json\/wp\/v2\/types\/page"}],"author":[{"embeddable":true,"href":"https:\/\/pfas-exchange.org\/pt-br\/wp-json\/wp\/v2\/users\/1"}],"replies":[{"embeddable":true,"href":"https:\/\/pfas-exchange.org\/pt-br\/wp-json\/wp\/v2\/comments?post=11499"}],"version-history":[{"count":5,"href":"https:\/\/pfas-exchange.org\/pt-br\/wp-json\/wp\/v2\/pages\/11499\/revisions"}],"predecessor-version":[{"id":13014,"href":"https:\/\/pfas-exchange.org\/pt-br\/wp-json\/wp\/v2\/pages\/11499\/revisions\/13014"}],"up":[{"embeddable":true,"href":"https:\/\/pfas-exchange.org\/pt-br\/wp-json\/wp\/v2\/pages\/11068"}],"wp:featuredmedia":[{"embeddable":true,"href":"https:\/\/pfas-exchange.org\/pt-br\/wp-json\/wp\/v2\/media\/11531"}],"wp:attachment":[{"href":"https:\/\/pfas-exchange.org\/pt-br\/wp-json\/wp\/v2\/media?parent=11499"}],"curies":[{"name":"wp","href":"https:\/\/api.w.org\/{rel}","templated":true}]}}