{"id":11525,"date":"2025-06-06T15:00:07","date_gmt":"2025-06-06T19:00:07","guid":{"rendered":"https:\/\/live-ssi-pfas.pantheonsite.io\/o-que-sao-pfas\/pfas-101\/"},"modified":"2025-11-03T13:30:01","modified_gmt":"2025-11-03T18:30:01","slug":"pfas-101","status":"publish","type":"page","link":"https:\/\/pfas-exchange.org\/pt-br\/o-que-sao-pfas\/pfas-101\/","title":{"rendered":"Introdu\u00e7\u00e3o aos PFAS"},"content":{"rendered":"\n<h2 class=\"wp-block-heading\">Os PFAS (subst\u00e2ncias per e polifluoroalquil) s\u00e3o uma classe de produtos qu\u00edmicos que as empresas adicionam a uma grande variedade de produtos de consumo para torn\u00e1-los antiaderentes, imperme\u00e1veis e resistentes a manchas. H\u00e1 mais de 14.000 diferentes produtos qu\u00edmicos PFAS atualmente, fazendo com que esta seja a subst\u00e2ncia sint\u00e9tica mais f\u00e1cil de encontrar no mundo.<\/h2>\n\n\n\n<p>PFAS podem ser encontrados em uma ampla quantidade de produtos de consumo, como roupas imperme\u00e1veis e tapetes resistentes a manchas, ceras para o piso, panelas antiaderentes,&nbsp;<a href=\"https:\/\/pubs.acs.org\/doi\/10.1021\/acs.estlett.6b00435\">embalagens a prova de gordura<\/a>,&nbsp;<a href=\"https:\/\/www.nature.com\/articles\/s41370-018-0109-y\">fio dental<\/a>&nbsp;e alguns cosm\u00e9ticos. Eles tamb\u00e9m s\u00e3o usados em espumas de combate a inc\u00eandios para apagar inc\u00eandios de combust\u00edvel. Pessoas podem estar expostas a estas subst\u00e2ncias atrav\u00e9s do contato direto com produtos, ou pelo ar que respiram, ou pelos alimentos que comem. Elas tamb\u00e9m podem estar expostas atrav\u00e9s da \u00e1gua pot\u00e1vel.<\/p>\n\n\n\n<figure class=\"wp-block-image aligncenter size-full is-resized\"><img loading=\"lazy\" decoding=\"async\" width=\"1650\" height=\"900\" src=\"https:\/\/pfas-exchange.org\/wp-content\/uploads\/2025\/09\/pfas_icons_updated.png\" alt=\"\" class=\"wp-image-11799\" style=\"width:725px\" srcset=\"https:\/\/pfas-exchange.org\/wp-content\/uploads\/2025\/09\/pfas_icons_updated.png 1650w, https:\/\/pfas-exchange.org\/wp-content\/uploads\/2025\/09\/pfas_icons_updated-300x164.png 300w, https:\/\/pfas-exchange.org\/wp-content\/uploads\/2025\/09\/pfas_icons_updated-1024x559.png 1024w, https:\/\/pfas-exchange.org\/wp-content\/uploads\/2025\/09\/pfas_icons_updated-768x419.png 768w, https:\/\/pfas-exchange.org\/wp-content\/uploads\/2025\/09\/pfas_icons_updated-1536x838.png 1536w\" sizes=\"auto, (max-width: 1650px) 100vw, 1650px\" \/><\/figure>\n\n\n\n<p>Na verdade, milh\u00f5es de americanos atualmente est\u00e3o expostos a \u00e1gua pot\u00e1vel contaminada com PFAS, resultado de subst\u00e2ncias qu\u00edmicas liberadas no ambiente por campos de treinamento de bombeiros, \u00e1reas industriais e zonas de tratamento de lixo. Um estudo de 2016 mostrou que&nbsp;<a href=\"https:\/\/pubs.acs.org\/doi\/abs\/10.1021\/acs.estlett.6b00260\">mais de 16 milh\u00f5es de americanos<\/a>&nbsp;est\u00e3o expostos a esses contaminantes na \u00e1gua pot\u00e1vel; e uma estimativa mais recente coloca esse n\u00famero em&nbsp;<a href=\"https:\/\/www.ewg.org\/research\/report-110-million-americans-could-have-pfas-contaminated-drinking-water\">110 milh\u00f5es<\/a>. Esse&nbsp;<a href=\"http:\/\/pfas-exchange.org\/connecting-communities\/\">mapa<\/a>&nbsp;mostra os principais locais de contamina\u00e7\u00e3o nos Estados Unidos.<\/p>\n\n\n\n<p>Como suas liga\u00e7\u00f5es qu\u00edmicas fazem com que essas subst\u00e2ncias sejam muito efetivas em repelir \u00e1gua e gordura at\u00e9 sob altas temperaturas, essas caracter\u00edstcas tamb\u00e9m fazem dos PFAS subst\u00e2ncias muito persistentes, significando que elas n\u00e3o se decomp\u00f5em no ambiente. Cientistas e profissionais de sa\u00fade est\u00e3o preocupados sobre a exposi\u00e7\u00e3o do p\u00fablico aos PFAS porque essas subst\u00e2ncias tem sido conectadas a&nbsp;<a href=\"https:\/\/www.atsdr.cdc.gov\/toxprofiles\/tp200.pdf\">v\u00e1rios problemas de sa\u00fade<\/a>, incluindo problemas na tire\u00f3ide, c\u00e2ncer, colesterol alto, obesidade, efeitos no sistema imunol\u00f3gico&nbsp;<a href=\"https:\/\/ehp.niehs.nih.gov\/doi\/10.1289\/ehp.1002864\">maior propens\u00e3o ao c\u00e2ncer de mama<\/a>, entre outros.<\/p>\n\n\n\n<figure class=\"wp-block-image aligncenter size-large is-resized\"><img loading=\"lazy\" decoding=\"async\" width=\"1024\" height=\"559\" src=\"https:\/\/pfas-exchange.org\/wp-content\/uploads\/2025\/09\/pfas_icons_99-percent_light-blue-1024x559.png\" alt=\"\" class=\"wp-image-11510\" style=\"width:725px\" srcset=\"https:\/\/pfas-exchange.org\/wp-content\/uploads\/2025\/09\/pfas_icons_99-percent_light-blue-1024x559.png 1024w, https:\/\/pfas-exchange.org\/wp-content\/uploads\/2025\/09\/pfas_icons_99-percent_light-blue-300x164.png 300w, https:\/\/pfas-exchange.org\/wp-content\/uploads\/2025\/09\/pfas_icons_99-percent_light-blue-768x419.png 768w, https:\/\/pfas-exchange.org\/wp-content\/uploads\/2025\/09\/pfas_icons_99-percent_light-blue-1536x838.png 1536w, https:\/\/pfas-exchange.org\/wp-content\/uploads\/2025\/09\/pfas_icons_99-percent_light-blue.png 1650w\" sizes=\"auto, (max-width: 1024px) 100vw, 1024px\" \/><\/figure>\n\n\n\n<p>Aproximadamente<a href=\"https:\/\/pmc.ncbi.nlm.nih.gov\/articles\/PMC2072821\/\">&nbsp;99%<\/a>&nbsp;dos americanos tem PFAS em seus corpos, e essas subst\u00e2ncias permanecem a\u00ed por anos.<\/p>\n\n\n\n<p>\u00c9 por isso que a comunidade de pesquisa cient\u00edfica est\u00e1 trabalhando intensamente para entender melhor esses contaminantes \u2013 como as pessoas s\u00e3o expostas a eles e como eles impactam a sa\u00fade humana \u2013 com o fim de encontrar solu\u00e7\u00f5es para proteger o p\u00fablico, especialmente popula\u00e7\u00f5es vulner\u00e1veis, dessas subst\u00e2ncias qu\u00edmicas danosas.<\/p>\n\n\n\n<p>Veja a se\u00e7\u00e3o&nbsp;<a href=\"http:\/\/pfas-exchange.org\/resources\/\">Recursos<\/a>&nbsp;para saber mais sobre PFAS.<\/p>\n","protected":false},"excerpt":{"rendered":"<p>Os PFAS (subst\u00e2ncias per e polifluoroalquil) s\u00e3o uma classe de produtos qu\u00edmicos que as empresas adicionam a uma grande variedade de produtos de consumo para torn\u00e1-los antiaderentes, imperme\u00e1veis e resistentes a manchas. H\u00e1 mais de 14.000 diferentes produtos qu\u00edmicos PFAS atualmente, fazendo com que esta seja a subst\u00e2ncia sint\u00e9tica mais f\u00e1cil de encontrar no mundo. [&hellip;]<\/p>\n","protected":false},"author":1,"featured_media":0,"parent":11071,"menu_order":0,"comment_status":"closed","ping_status":"closed","template":"","meta":{"_acf_changed":false,"_monsterinsights_skip_tracking":false,"_monsterinsights_sitenote_active":false,"_monsterinsights_sitenote_note":"","_monsterinsights_sitenote_category":0,"footnotes":""},"class_list":["post-11525","page","type-page","status-publish","hentry"],"acf":[],"_links":{"self":[{"href":"https:\/\/pfas-exchange.org\/pt-br\/wp-json\/wp\/v2\/pages\/11525","targetHints":{"allow":["GET"]}}],"collection":[{"href":"https:\/\/pfas-exchange.org\/pt-br\/wp-json\/wp\/v2\/pages"}],"about":[{"href":"https:\/\/pfas-exchange.org\/pt-br\/wp-json\/wp\/v2\/types\/page"}],"author":[{"embeddable":true,"href":"https:\/\/pfas-exchange.org\/pt-br\/wp-json\/wp\/v2\/users\/1"}],"replies":[{"embeddable":true,"href":"https:\/\/pfas-exchange.org\/pt-br\/wp-json\/wp\/v2\/comments?post=11525"}],"version-history":[{"count":9,"href":"https:\/\/pfas-exchange.org\/pt-br\/wp-json\/wp\/v2\/pages\/11525\/revisions"}],"predecessor-version":[{"id":12953,"href":"https:\/\/pfas-exchange.org\/pt-br\/wp-json\/wp\/v2\/pages\/11525\/revisions\/12953"}],"up":[{"embeddable":true,"href":"https:\/\/pfas-exchange.org\/pt-br\/wp-json\/wp\/v2\/pages\/11071"}],"wp:attachment":[{"href":"https:\/\/pfas-exchange.org\/pt-br\/wp-json\/wp\/v2\/media?parent=11525"}],"curies":[{"name":"wp","href":"https:\/\/api.w.org\/{rel}","templated":true}]}}