{"id":11950,"date":"2025-05-12T16:05:28","date_gmt":"2025-05-12T20:05:28","guid":{"rendered":"https:\/\/live-ssi-pfas.pantheonsite.io\/ferramentas\/contamination-map\/"},"modified":"2025-12-16T15:24:55","modified_gmt":"2025-12-16T20:24:55","slug":"contamination-map","status":"publish","type":"page","link":"https:\/\/pfas-exchange.org\/pt-br\/ferramentas\/contamination-map\/","title":{"rendered":"Mapa de contamina\u00e7\u00e3o"},"content":{"rendered":"\n<h2 class=\"wp-block-heading\">Este mapa mostra locais nos EUA com contamina\u00e7\u00e3o conhecida ou suspeita por PFAS e onde as comunidades est\u00e3o defendendo uma maior prote\u00e7\u00e3o \u00e0 sa\u00fade e ao meio ambiente. Conecte-se a um grupo que trabalha em sua comunidade, forme um novo grupo ou conecte-se com outras pessoas que enfrentam desafios semelhantes.<\/h2>\n\n\n\n<p><br>Existe um local contaminado com PFAS perto de voc\u00ea? Use nosso&nbsp;<a href=\"https:\/\/experience.arcgis.com\/experience\/7d098a603c664a9e91f4f88c1c89e5d1\/\">mapa interativo<\/a>&nbsp;para descobrir.<\/p>\n\n\n\n<figure class=\"wp-block-image size-large\"><img loading=\"lazy\" decoding=\"async\" width=\"1024\" height=\"486\" src=\"https:\/\/pfas-exchange.org\/wp-content\/uploads\/2025\/10\/contamination-map-updated-1-1024x486.png\" alt=\"\" class=\"wp-image-12630\" srcset=\"https:\/\/pfas-exchange.org\/wp-content\/uploads\/2025\/10\/contamination-map-updated-1-1024x486.png 1024w, https:\/\/pfas-exchange.org\/wp-content\/uploads\/2025\/10\/contamination-map-updated-1-300x142.png 300w, https:\/\/pfas-exchange.org\/wp-content\/uploads\/2025\/10\/contamination-map-updated-1-768x364.png 768w, https:\/\/pfas-exchange.org\/wp-content\/uploads\/2025\/10\/contamination-map-updated-1-1536x728.png 1536w, https:\/\/pfas-exchange.org\/wp-content\/uploads\/2025\/10\/contamination-map-updated-1.png 1913w\" sizes=\"auto, (max-width: 1024px) 100vw, 1024px\" \/><\/figure>\n\n\n\n<p><strong>O que voc\u00ea deve fazer se morar ou trabalhar perto de um local contaminado por PFAS?<\/strong><\/p>\n\n\n\n<ul class=\"wp-block-list\">\n<li>Pergunte ao seu fornecedor local de \u00e1gua se ele testou a \u00e1gua pot\u00e1vel para PFAS e como divulgou (ou se n\u00e3o divulgou) os resultados para o p\u00fablico.<\/li>\n\n\n\n<li>Se voc\u00ea tiver um po\u00e7o particular, fa\u00e7a um teste na \u00e1gua. Veja nossa&nbsp;<a href=\"https:\/\/pfas-exchange.org\/pfas-and-drinking-water-what-you-should-know\/\">ficha de informa\u00e7\u00f5es<\/a>&nbsp;sobre \u00e1gua pot\u00e1vel para saber como.<\/li>\n\n\n\n<li>Estar perto de um local contaminado n\u00e3o significa necessariamente que sua \u00e1gua pot\u00e1vel tamb\u00e9m esteja contaminada. Se voc\u00ea tiver d\u00favidas ou preocupa\u00e7\u00f5es, entre em contato com o departamento estadual de meio ambiente ou sa\u00fade.<\/li>\n\n\n\n<li>Junte-se a um grupo da comunidade local que est\u00e1 trabalhando no combate aos PFAS ou forme o seu pr\u00f3prio grupo! Se n\u00e3o houver grupos em seu estado, tente entrar em contato com a&nbsp;<a href=\"https:\/\/pfasproject.net\/\">National PFAS Contamination Coalition<\/a>, uma rede de grupos comunit\u00e1rios que trabalham para combater a contamina\u00e7\u00e3o por PFAS em todo o pa\u00eds. Voc\u00ea tamb\u00e9m pode entrar em contato com um membro da coaliz\u00e3o perto de voc\u00ea para obter mais informa\u00e7\u00f5es e saber como participar.<\/li>\n\n\n\n<li>\u200b\u200b\u200b\u200b\u200b\u200bSe voc\u00ea faz parte de uma organiza\u00e7\u00e3o comunit\u00e1ria que trabalha com PFAS e n\u00e3o v\u00ea seu grupo listado, envie um e-mail para&nbsp;<a href=\"mailto:PFAS-REACH@silentspring.org\" target=\"_blank\" rel=\"noreferrer noopener\">PFAS-REACH@silentspring.org<\/a>&nbsp;para ter seu grupo adicionado ao mapa.<\/li>\n\n\n\n<li>Confira os nossos&nbsp;<a href=\"https:\/\/pfas-exchange.org\/pt-br\/ferramentas\/recursos\/\">recursos<\/a>&nbsp;para obter mais informa\u00e7\u00f5es sobre PFAS.<\/li>\n<\/ul>\n\n\n\n<p>As informa\u00e7\u00f5es sobre os locais de contamina\u00e7\u00e3o v\u00eam do\u00a0<a href=\"https:\/\/docs.google.com\/spreadsheets\/d\/1-LSXJbA_3M20n76y-FK0YLd1fml1uzJsoAkSWr2bz0A\/edit#gid=0\">PFAS Contamination Site Tracker<\/a>, um projeto do\u00a0<a href=\"https:\/\/pfasproject.com\/\">PFAS Project Lab<\/a>\u00a0da Northeastern University.<\/p>\n","protected":false},"excerpt":{"rendered":"<p>Este mapa mostra locais nos EUA com contamina\u00e7\u00e3o conhecida ou suspeita por PFAS e onde as comunidades est\u00e3o defendendo uma maior prote\u00e7\u00e3o \u00e0 sa\u00fade e ao meio ambiente. Conecte-se a um grupo que trabalha em sua comunidade, forme um novo grupo ou conecte-se com outras pessoas que enfrentam desafios semelhantes. Existe um local contaminado com [&hellip;]<\/p>\n","protected":false},"author":1,"featured_media":0,"parent":11068,"menu_order":0,"comment_status":"closed","ping_status":"closed","template":"","meta":{"_acf_changed":false,"_monsterinsights_skip_tracking":false,"_monsterinsights_sitenote_active":false,"_monsterinsights_sitenote_note":"","_monsterinsights_sitenote_category":0,"footnotes":""},"class_list":["post-11950","page","type-page","status-publish","hentry"],"acf":[],"_links":{"self":[{"href":"https:\/\/pfas-exchange.org\/pt-br\/wp-json\/wp\/v2\/pages\/11950","targetHints":{"allow":["GET"]}}],"collection":[{"href":"https:\/\/pfas-exchange.org\/pt-br\/wp-json\/wp\/v2\/pages"}],"about":[{"href":"https:\/\/pfas-exchange.org\/pt-br\/wp-json\/wp\/v2\/types\/page"}],"author":[{"embeddable":true,"href":"https:\/\/pfas-exchange.org\/pt-br\/wp-json\/wp\/v2\/users\/1"}],"replies":[{"embeddable":true,"href":"https:\/\/pfas-exchange.org\/pt-br\/wp-json\/wp\/v2\/comments?post=11950"}],"version-history":[{"count":5,"href":"https:\/\/pfas-exchange.org\/pt-br\/wp-json\/wp\/v2\/pages\/11950\/revisions"}],"predecessor-version":[{"id":13205,"href":"https:\/\/pfas-exchange.org\/pt-br\/wp-json\/wp\/v2\/pages\/11950\/revisions\/13205"}],"up":[{"embeddable":true,"href":"https:\/\/pfas-exchange.org\/pt-br\/wp-json\/wp\/v2\/pages\/11068"}],"wp:attachment":[{"href":"https:\/\/pfas-exchange.org\/pt-br\/wp-json\/wp\/v2\/media?parent=11950"}],"curies":[{"name":"wp","href":"https:\/\/api.w.org\/{rel}","templated":true}]}}