{"id":12062,"date":"2023-08-09T21:25:49","date_gmt":"2023-08-10T01:25:49","guid":{"rendered":"https:\/\/live-ssi-pfas.pantheonsite.io\/privacy-policy\/"},"modified":"2025-09-29T08:52:01","modified_gmt":"2025-09-29T12:52:01","slug":"privacy-policy","status":"publish","type":"page","link":"https:\/\/pfas-exchange.org\/pt-br\/privacy-policy\/","title":{"rendered":"Pol\u00edticas de Privacidade"},"content":{"rendered":"\n<h2 class=\"wp-block-heading\">No Silent Spring Institute, estamos comprometidos em proteger sua privacidade. Voc\u00ea n\u00e3o precisa ceder nenhuma informa\u00e7\u00e3o pessoal para ver a p\u00e1gina. Para assegurar que estamos oferecendo conte\u00fado que seja \u00fatil a nossos visitantes, n\u00f3s coletamos alguns dados gerados automaticamente sobre seu uso do site. Essa declara\u00e7\u00e3o de privacidade explica como coletamos e usamos esses dados.<\/h2>\n\n\n\n<h2 class=\"wp-block-heading\">Coleta de Dados<\/h2>\n\n\n\n<p>Quando voc\u00ea visita nossa p\u00e1gina, nosso servidor ir\u00e1 pedir algumas informa\u00e7\u00f5es eletr\u00f4nicas a seu computador. N\u00f3s usamos o Google Analytics para coletar estat\u00edsticas an\u00f4nimas. Para mais informa\u00e7\u00f5es sobre como se coletam e se processam essas informa\u00e7\u00f5es, visite&nbsp;<a href=\"https:\/\/www.google.com\/policies\/privacy\/partners\/\">www.google.com\/policies\/privacy\/partners\/<\/a>. Voc\u00ea pode se negar a dar essas informa\u00e7\u00f5es desligando suas prefer\u00eancias de cookies nas configura\u00e7\u00f5es de seu navegador, ou fa\u00e7a o download e instale&nbsp;<a href=\"http:\/\/tools.google.com\/dlpage\/gaoptout\">Google Analytics Opt-out Browser Add-on<\/a>.<\/p>\n\n\n\n<h2 class=\"wp-block-heading\">Uso dessa informa\u00e7\u00e3o<\/h2>\n\n\n\n<p>Usamos essas informa\u00e7\u00f5es com o \u00fanico prop\u00f3sito de avaliar como a nossa p\u00e1gina \u00e9 usada, com o objetivo de melhorar futuras vers\u00f5es da mesma. Essa informa\u00e7\u00e3o nos ajuda a criar e entregar o conte\u00fado que seja mais relevante para voc\u00ea. O Silent Spring Institute divulgar\u00e1 essa informa\u00e7\u00e3o, sem aviso pr\u00e9vio, somente quando requisitada por lei ou crendo ser boa f\u00e9 se essa a\u00e7\u00e3o for necess\u00e1ria para: (a) conformar-se \u00e0 legisla\u00e7\u00e3o ou cumprir com processos legais servidos ao Silent Spring Institute; ou (b) proteger e defender direitos de propriedade do Silent Spring Institute.<\/p>\n\n\n\n<h2 class=\"wp-block-heading\">Uso de Cookies<\/h2>\n\n\n\n<p>Para assegurar que estejamos publicando conte\u00fado interessante para os visitantes, o Silent Spring Institute coleta estat\u00edsticas de visita\u00e7\u00e3o da p\u00e1gina usando cookies. Quando algu\u00e9m visita a p\u00e1gina, um cookie \u00e9 colocado na m\u00e1quina do visitante (se a pessoa aceita cookies) ou \u00e9 lido se ele j\u00e1 visitou a p\u00e1gina anteriormente. Se voc\u00ea escolher proibir o seu navegador de aceitar cookies da p\u00e1gina do Silent Spring, seu acesso e habilidade de ver a p\u00e1gina n\u00e3o dever\u00e1 ser afetado.<\/p>\n\n\n\n<h2 class=\"wp-block-heading\">Informa\u00e7\u00e3o dada voluntariamente<\/h2>\n\n\n\n<p>Usando essas ferramentas espec\u00edficas, como formul\u00e1rios da web, voc\u00ea pode fornecer informa\u00e7\u00f5es como seu nome ou endere\u00e7o de e-mail que podem ser usados para entrar em contato com voc\u00ea e inscrev\u00ea-lo em nossas atualiza\u00e7\u00f5es. Nesses casos, n\u00e3o compartilharemos, trocaremos ou venderemos seu endere\u00e7o de e-mail ou qualquer outra informa\u00e7\u00e3o pessoal fornecida a terceiros.<\/p>\n\n\n\n<h2 class=\"wp-block-heading\">Mudan\u00e7as a essa Declara\u00e7\u00e3o<\/h2>\n\n\n\n<p>Silent Spring Institute atualizar\u00e1 ocasionalmente sua declara\u00e7\u00e3o de privacidade. Veja a data da \u201cvers\u00e3o mais atualizada\u201d no topo da declara\u00e7\u00e3o de privacidade.<\/p>\n\n\n\n<p><em>(Atualizado pela \u00faltima vez em 24 de abril de 2019)<\/em><\/p>\n","protected":false},"excerpt":{"rendered":"<p>No Silent Spring Institute, estamos comprometidos em proteger sua privacidade. Voc\u00ea n\u00e3o precisa ceder nenhuma informa\u00e7\u00e3o pessoal para ver a p\u00e1gina. Para assegurar que estamos oferecendo conte\u00fado que seja \u00fatil a nossos visitantes, n\u00f3s coletamos alguns dados gerados automaticamente sobre seu uso do site. Essa declara\u00e7\u00e3o de privacidade explica como coletamos e usamos esses dados. [&hellip;]<\/p>\n","protected":false},"author":1,"featured_media":0,"parent":0,"menu_order":0,"comment_status":"closed","ping_status":"closed","template":"","meta":{"_acf_changed":false,"_monsterinsights_skip_tracking":false,"_monsterinsights_sitenote_active":false,"_monsterinsights_sitenote_note":"","_monsterinsights_sitenote_category":0,"footnotes":""},"class_list":["post-12062","page","type-page","status-publish","hentry"],"acf":[],"_links":{"self":[{"href":"https:\/\/pfas-exchange.org\/pt-br\/wp-json\/wp\/v2\/pages\/12062","targetHints":{"allow":["GET"]}}],"collection":[{"href":"https:\/\/pfas-exchange.org\/pt-br\/wp-json\/wp\/v2\/pages"}],"about":[{"href":"https:\/\/pfas-exchange.org\/pt-br\/wp-json\/wp\/v2\/types\/page"}],"author":[{"embeddable":true,"href":"https:\/\/pfas-exchange.org\/pt-br\/wp-json\/wp\/v2\/users\/1"}],"replies":[{"embeddable":true,"href":"https:\/\/pfas-exchange.org\/pt-br\/wp-json\/wp\/v2\/comments?post=12062"}],"version-history":[{"count":2,"href":"https:\/\/pfas-exchange.org\/pt-br\/wp-json\/wp\/v2\/pages\/12062\/revisions"}],"predecessor-version":[{"id":12070,"href":"https:\/\/pfas-exchange.org\/pt-br\/wp-json\/wp\/v2\/pages\/12062\/revisions\/12070"}],"wp:attachment":[{"href":"https:\/\/pfas-exchange.org\/pt-br\/wp-json\/wp\/v2\/media?parent=12062"}],"curies":[{"name":"wp","href":"https:\/\/api.w.org\/{rel}","templated":true}]}}