{"id":9594,"date":"2025-05-12T16:02:48","date_gmt":"2025-05-12T20:02:48","guid":{"rendered":"https:\/\/live-ssi-pfas.pantheonsite.io\/sobre-nos\/"},"modified":"2026-04-09T14:17:56","modified_gmt":"2026-04-09T18:17:56","slug":"sobre-nos","status":"publish","type":"page","link":"https:\/\/pfas-exchange.org\/pt-br\/sobre-nos\/","title":{"rendered":"Sobre n\u00f3s"},"content":{"rendered":"\n<h2 class=\"wp-block-heading\">O PFAS-Exchange \u00e9 parte de um projeto de anos chamado PFAS-PEASC (Pesquisa, Educa\u00e7\u00e3o e A\u00e7\u00e3o Comunit\u00e1ria), fundado pelo Instituto Nacional de Ci\u00eancias da Sa\u00fade Ambiental.<\/h2>\n\n\n\n<p>O PFAS-REACH \u00e9 liderado pelo <a href=\"https:\/\/silentspring.org\/\">Silent Spring Institute<\/a> em colabora\u00e7\u00e3o com a <a href=\"https:\/\/www.northeastern.edu\/environmentalhealth\/\">Northeastern University<\/a> e <a href=\"https:\/\/www.canr.msu.edu\/fshn\/\">a Michigan State University<\/a>. As organiza\u00e7\u00f5es parceiras da comunidade s\u00e3o a <a href=\"http:\/\/www.testingforpease.com\/\">Testing for Pease<\/a>, <a href=\"http:\/\/mbcc.org\/breast-cancer-prevention\/\">a Massachusetts Breast Cancer Coalition<\/a> e <a href=\"https:\/\/www.slingshot.org\/\">a Slingshot<\/a>.<\/p>\n\n\n\n<figure class=\"wp-block-image size-large is-resized\"><img loading=\"lazy\" decoding=\"async\" width=\"1024\" height=\"422\" src=\"https:\/\/pfas-exchange.org\/wp-content\/uploads\/2025\/09\/PFAS-REACH-logo-color-large-2-1024x422.png\" alt=\"\" class=\"wp-image-11595\" style=\"width:400px\" srcset=\"https:\/\/pfas-exchange.org\/wp-content\/uploads\/2025\/09\/PFAS-REACH-logo-color-large-2-1024x422.png 1024w, https:\/\/pfas-exchange.org\/wp-content\/uploads\/2025\/09\/PFAS-REACH-logo-color-large-2-300x124.png 300w, https:\/\/pfas-exchange.org\/wp-content\/uploads\/2025\/09\/PFAS-REACH-logo-color-large-2-768x316.png 768w, https:\/\/pfas-exchange.org\/wp-content\/uploads\/2025\/09\/PFAS-REACH-logo-color-large-2.png 1165w\" sizes=\"auto, (max-width: 1024px) 100vw, 1024px\" \/><\/figure>\n\n\n\n<p>O projeto tem tr\u00eas objetivos principais:<\/p>\n\n\n\n<ul class=\"wp-block-list\">\n<li>Avaliar os poss\u00edveis efeitos da exposi\u00e7\u00e3o aos PFAS no sistema imunol\u00f3gico de crian\u00e7as pequenas em duas comunidades que sofreram contamina\u00e7\u00e3o da \u00e1gua por PFAS.<\/li>\n\n\n\n<li>Desenvolver um centro de recursos on-line inovador, chamado PFAS Exchange, com ferramentas de interpreta\u00e7\u00e3o de dados, testes de \u00e1gua da torneira e materiais educacionais para as comunidades afetadas e outros p\u00fablicos.<\/li>\n\n\n\n<li>Realizar uma an\u00e1lise de ci\u00eancias sociais das comunidades afetadas para avaliar as experi\u00eancias individuais, familiares e comunit\u00e1rias dos residentes em \u00e1reas afetadas pela \u00e1gua pot\u00e1vel contaminada por PFAS.<\/li>\n<\/ul>\n\n\n\n<p>O PFAS-REACH fornecer\u00e1 novas evid\u00eancias cient\u00edficas sobre os efeitos \u00e0 sa\u00fade associados \u00e0 exposi\u00e7\u00e3o ao PFAS &#8211; informa\u00e7\u00f5es que podem ser usadas para informar novas pol\u00edticas e diretrizes de \u00e1gua pot\u00e1vel que protejam o p\u00fablico, em especial as popula\u00e7\u00f5es vulner\u00e1veis, desses poluentes nocivos. Al\u00e9m disso, por meio de suas atividades de envolvimento e alcance p\u00fablico, o projeto visa apoiar as comunidades em todo o pa\u00eds, oferecendo-lhes novas ferramentas e informa\u00e7\u00f5es para ajud\u00e1-las a reduzir suas exposi\u00e7\u00f5es e proteger sua sa\u00fade.<\/p>\n\n\n\n<p>Com o apoio da Funda\u00e7\u00e3o Robert Wood Johnson, os membros da equipe PFAS-REACH tamb\u00e9m est\u00e3o trabalhando para educar m\u00e9dicos e enfermeiros sobre os efeitos dos PFAS na sa\u00fade, exames de sangue para detec\u00e7\u00e3o de PFAS e monitoramento cl\u00ednico de pacientes expostos. Profissionais de sa\u00fade interessados em saber mais sobre o projeto podem encontrar mais informa\u00e7\u00f5es <a href=\"https:\/\/pfas-exchange.org\/pt-br\/resource-hub\/non-stick-nuisance-medical-monitoring-for-pfas-available-for-cme-credit\/\">aqui<\/a>.<\/p>\n\n\n\n<div style=\"height:20px\" aria-hidden=\"true\" class=\"wp-block-spacer\"><\/div>\n\n\n\n<div class=\"wp-block-columns is-layout-flex wp-container-core-columns-is-layout-9d6595d7 wp-block-columns-is-layout-flex\">\n<div class=\"wp-block-column is-layout-flow wp-block-column-is-layout-flow\">\n<h2 class=\"wp-block-heading\">Parceiros de pesquisa<\/h2>\n\n\n\n<div style=\"height:10px\" aria-hidden=\"true\" class=\"wp-block-spacer\"><\/div>\n\n\n\n<figure class=\"wp-block-image size-large is-resized\"><img loading=\"lazy\" decoding=\"async\" width=\"1024\" height=\"206\" src=\"https:\/\/pfas-exchange.org\/wp-content\/uploads\/2025\/09\/ssi_logo_horizontal-blue-1-1024x206.png\" alt=\"\" class=\"wp-image-11699\" style=\"width:382px;height:auto\" srcset=\"https:\/\/pfas-exchange.org\/wp-content\/uploads\/2025\/09\/ssi_logo_horizontal-blue-1-1024x206.png 1024w, https:\/\/pfas-exchange.org\/wp-content\/uploads\/2025\/09\/ssi_logo_horizontal-blue-1-300x60.png 300w, https:\/\/pfas-exchange.org\/wp-content\/uploads\/2025\/09\/ssi_logo_horizontal-blue-1-768x155.png 768w, https:\/\/pfas-exchange.org\/wp-content\/uploads\/2025\/09\/ssi_logo_horizontal-blue-1.png 1508w\" sizes=\"auto, (max-width: 1024px) 100vw, 1024px\" \/><\/figure>\n\n\n\n<div style=\"height:50px\" aria-hidden=\"true\" class=\"wp-block-spacer\"><\/div>\n\n\n\n<figure class=\"wp-block-image size-large is-resized\"><img loading=\"lazy\" decoding=\"async\" width=\"1024\" height=\"243\" src=\"https:\/\/pfas-exchange.org\/wp-content\/uploads\/2025\/09\/northeastern-SSHERI-logo-4-1024x243.png\" alt=\"\" class=\"wp-image-11662\" style=\"width:392px;height:auto\" srcset=\"https:\/\/pfas-exchange.org\/wp-content\/uploads\/2025\/09\/northeastern-SSHERI-logo-4-1024x243.png 1024w, https:\/\/pfas-exchange.org\/wp-content\/uploads\/2025\/09\/northeastern-SSHERI-logo-4-300x71.png 300w, https:\/\/pfas-exchange.org\/wp-content\/uploads\/2025\/09\/northeastern-SSHERI-logo-4-768x182.png 768w\" sizes=\"auto, (max-width: 1024px) 100vw, 1024px\" \/><\/figure>\n\n\n\n<div style=\"height:50px\" aria-hidden=\"true\" class=\"wp-block-spacer\"><\/div>\n\n\n\n<figure class=\"wp-block-image size-large is-resized\"><img loading=\"lazy\" decoding=\"async\" width=\"1024\" height=\"248\" src=\"https:\/\/pfas-exchange.org\/wp-content\/uploads\/2025\/09\/MSU-logo_horizonal_green-1024x248.png\" alt=\"\" class=\"wp-image-11675\" style=\"width:371px;height:auto\" srcset=\"https:\/\/pfas-exchange.org\/wp-content\/uploads\/2025\/09\/MSU-logo_horizonal_green-1024x248.png 1024w, https:\/\/pfas-exchange.org\/wp-content\/uploads\/2025\/09\/MSU-logo_horizonal_green-300x73.png 300w, https:\/\/pfas-exchange.org\/wp-content\/uploads\/2025\/09\/MSU-logo_horizonal_green-768x186.png 768w, https:\/\/pfas-exchange.org\/wp-content\/uploads\/2025\/09\/MSU-logo_horizonal_green.png 1029w\" sizes=\"auto, (max-width: 1024px) 100vw, 1024px\" \/><\/figure>\n<\/div>\n<\/div>\n\n\n\n<div style=\"height:20px\" aria-hidden=\"true\" class=\"wp-block-spacer\"><\/div>\n\n\n\n<h2 class=\"wp-block-heading\">Parceiros da comunidade<\/h2>\n\n\n\n<div class=\"wp-block-columns is-layout-flex wp-container-core-columns-is-layout-9d6595d7 wp-block-columns-is-layout-flex\">\n<div class=\"wp-block-column is-layout-flow wp-block-column-is-layout-flow\">\n<div style=\"height:34px\" aria-hidden=\"true\" class=\"wp-block-spacer\"><\/div>\n\n\n\n<figure class=\"wp-block-image aligncenter size-full is-resized\"><img loading=\"lazy\" decoding=\"async\" width=\"805\" height=\"792\" src=\"https:\/\/pfas-exchange.org\/wp-content\/uploads\/2025\/09\/mbcc-1in8-logo-4.png\" alt=\"\" class=\"wp-image-11764\" style=\"width:127px;height:auto\" srcset=\"https:\/\/pfas-exchange.org\/wp-content\/uploads\/2025\/09\/mbcc-1in8-logo-4.png 805w, https:\/\/pfas-exchange.org\/wp-content\/uploads\/2025\/09\/mbcc-1in8-logo-4-300x295.png 300w, https:\/\/pfas-exchange.org\/wp-content\/uploads\/2025\/09\/mbcc-1in8-logo-4-768x756.png 768w\" sizes=\"auto, (max-width: 805px) 100vw, 805px\" \/><\/figure>\n<\/div>\n\n\n\n<div class=\"wp-block-column is-layout-flow wp-block-column-is-layout-flow\">\n<figure class=\"wp-block-image aligncenter size-full is-resized\"><img loading=\"lazy\" decoding=\"async\" width=\"496\" height=\"513\" src=\"https:\/\/pfas-exchange.org\/wp-content\/uploads\/2025\/09\/tfp_logo-1.jpg\" alt=\"\" class=\"wp-image-11770\" style=\"width:187px;height:auto\" srcset=\"https:\/\/pfas-exchange.org\/wp-content\/uploads\/2025\/09\/tfp_logo-1.jpg 496w, https:\/\/pfas-exchange.org\/wp-content\/uploads\/2025\/09\/tfp_logo-1-290x300.jpg 290w\" sizes=\"auto, (max-width: 496px) 100vw, 496px\" \/><\/figure>\n<\/div>\n\n\n\n<div class=\"wp-block-column is-layout-flow wp-block-column-is-layout-flow\">\n<div style=\"height:17px\" aria-hidden=\"true\" class=\"wp-block-spacer\"><\/div>\n\n\n\n<figure class=\"wp-block-image aligncenter size-large\"><img loading=\"lazy\" decoding=\"async\" width=\"1024\" height=\"731\" src=\"https:\/\/pfas-exchange.org\/wp-content\/uploads\/2025\/09\/Slingshot-logo-4-1024x731.png\" alt=\"\" class=\"wp-image-11767\" srcset=\"https:\/\/pfas-exchange.org\/wp-content\/uploads\/2025\/09\/Slingshot-logo-4-1024x731.png 1024w, https:\/\/pfas-exchange.org\/wp-content\/uploads\/2025\/09\/Slingshot-logo-4-300x214.png 300w, https:\/\/pfas-exchange.org\/wp-content\/uploads\/2025\/09\/Slingshot-logo-4-768x548.png 768w, https:\/\/pfas-exchange.org\/wp-content\/uploads\/2025\/09\/Slingshot-logo-4.png 1200w\" sizes=\"auto, (max-width: 1024px) 100vw, 1024px\" \/><\/figure>\n<\/div>\n\n\n\n<div class=\"wp-block-column is-layout-flow wp-block-column-is-layout-flow\"><\/div>\n<\/div>\n","protected":false},"excerpt":{"rendered":"<p>O PFAS-Exchange \u00e9 parte de um projeto de anos chamado PFAS-PEASC (Pesquisa, Educa\u00e7\u00e3o e A\u00e7\u00e3o Comunit\u00e1ria), fundado pelo Instituto Nacional de Ci\u00eancias da Sa\u00fade Ambiental. O PFAS-REACH \u00e9 liderado pelo Silent Spring Institute em colabora\u00e7\u00e3o com a Northeastern University e a Michigan State University. As organiza\u00e7\u00f5es parceiras da comunidade s\u00e3o a Testing for Pease, a [&hellip;]<\/p>\n","protected":false},"author":1,"featured_media":11572,"parent":0,"menu_order":0,"comment_status":"closed","ping_status":"closed","template":"","meta":{"_acf_changed":false,"_monsterinsights_skip_tracking":false,"_monsterinsights_sitenote_active":false,"_monsterinsights_sitenote_note":"","_monsterinsights_sitenote_category":0,"footnotes":""},"class_list":["post-9594","page","type-page","status-publish","has-post-thumbnail","hentry"],"acf":[],"_links":{"self":[{"href":"https:\/\/pfas-exchange.org\/pt-br\/wp-json\/wp\/v2\/pages\/9594","targetHints":{"allow":["GET"]}}],"collection":[{"href":"https:\/\/pfas-exchange.org\/pt-br\/wp-json\/wp\/v2\/pages"}],"about":[{"href":"https:\/\/pfas-exchange.org\/pt-br\/wp-json\/wp\/v2\/types\/page"}],"author":[{"embeddable":true,"href":"https:\/\/pfas-exchange.org\/pt-br\/wp-json\/wp\/v2\/users\/1"}],"replies":[{"embeddable":true,"href":"https:\/\/pfas-exchange.org\/pt-br\/wp-json\/wp\/v2\/comments?post=9594"}],"version-history":[{"count":7,"href":"https:\/\/pfas-exchange.org\/pt-br\/wp-json\/wp\/v2\/pages\/9594\/revisions"}],"predecessor-version":[{"id":13340,"href":"https:\/\/pfas-exchange.org\/pt-br\/wp-json\/wp\/v2\/pages\/9594\/revisions\/13340"}],"wp:featuredmedia":[{"embeddable":true,"href":"https:\/\/pfas-exchange.org\/pt-br\/wp-json\/wp\/v2\/media\/11572"}],"wp:attachment":[{"href":"https:\/\/pfas-exchange.org\/pt-br\/wp-json\/wp\/v2\/media?parent=9594"}],"curies":[{"name":"wp","href":"https:\/\/api.w.org\/{rel}","templated":true}]}}